{"id":24910,"date":"2025-07-25T12:32:22","date_gmt":"2025-07-25T12:32:22","guid":{"rendered":"https:\/\/boreait.com\/hr\/?post_type=product&#038;p=24910"},"modified":"2026-01-27T12:32:10","modified_gmt":"2026-01-27T12:32:10","slug":"originalni-modem-lenovo-3000-kabel-42t0806","status":"publish","type":"product","link":"https:\/\/boreait.com\/hr\/product\/originalni-modem-lenovo-3000-kabel-42t0806\/","title":{"rendered":"Originalni modem Lenovo 3000 + kabel 42T0806"},"content":{"rendered":"<p>Pobolj\u0161ajte povezivost svog prijenosnog ra\u010dunala Lenovo 3000 s originalnim setom modema i kabela, broj dijela 42T0806. Dizajniran za besprijekornu kompatibilnost i pouzdan rad, ovaj autenti\u010dni zamjenski dio osigurava da va\u0161e prijenosno ra\u010dunalo ostane povezano bez napora.<\/p>\n<p>Klju\u010dne zna\u010dajke:<\/p>\n<p>&#8211; Originalna Lenovo zamjena: Osigurajte kompatibilnost i pouzdanost s autenti\u010dnim zamjenskim dijelom.<\/p>\n<p>&#8211; Jednostavna instalacija: Nadogradite povezivost svog ure\u0111aja bez napora jednostavnom instalacijom.<\/p>\n<p>&#8211; Pobolj\u0161ana povezivost: pobolj\u0161ajte sposobnost svog prijenosnog ra\u010dunala da se pove\u017ee s mre\u017eama pomo\u0107u ovog pouzdanog modema i seta kabela.<\/p>\n<p>&#8211; Izdr\u017eljiva konstrukcija: Napravljena za pru\u017eanje dugotrajnih performansi, osiguravaju\u0107i da \u0107e va\u0161e prijenosno ra\u010dunalo ostati povezano tijekom vremena.<\/p>\n<p>Nadogradite svoje prijenosno ra\u010dunalo Lenovo 3000 danas s originalnim modemom i kabelom. Kupujte s povjerenjem, znaju\u0107i da ula\u017eete u kvalitetan zamjenski dio za svoj ure\u0111aj. Ako imate bilo kakvih pitanja ili trebate pomo\u0107, slobodno nas kontaktirajte. Ovdje smo da vam pomognemo pobolj\u0161ati funkcionalnost va\u0161eg ure\u0111aja.<\/p>\n","protected":false},"excerpt":{"rendered":"<p>Nadogradite svoj Lenovo 3000 ovim originalnim setom modema i kabela. Jednostavan za instalaciju i kompatibilan s brojem dijela 42T0806. Pobolj\u0161ajte povezivost svog prijenosnog ra\u010dunala danas!<\/p>\n","protected":false},"featured_media":24964,"template":"","meta":[],"product_brand":[],"product_cat":[62],"product_tag":[61],"class_list":{"0":"post-24910","1":"product","2":"type-product","3":"status-publish","4":"has-post-thumbnail","6":"product_cat-motherboards-board-parts","7":"product_tag-lenovo","9":"first","10":"instock","11":"taxable","12":"shipping-taxable","13":"purchasable","14":"product-type-simple"},"_links":{"self":[{"href":"https:\/\/boreait.com\/hr\/wp-json\/wp\/v2\/product\/24910","targetHints":{"allow":["GET"]}}],"collection":[{"href":"https:\/\/boreait.com\/hr\/wp-json\/wp\/v2\/product"}],"about":[{"href":"https:\/\/boreait.com\/hr\/wp-json\/wp\/v2\/types\/product"}],"wp:featuredmedia":[{"embeddable":true,"href":"https:\/\/boreait.com\/hr\/wp-json\/wp\/v2\/media\/24964"}],"wp:attachment":[{"href":"https:\/\/boreait.com\/hr\/wp-json\/wp\/v2\/media?parent=24910"}],"wp:term":[{"taxonomy":"product_brand","embeddable":true,"href":"https:\/\/boreait.com\/hr\/wp-json\/wp\/v2\/product_brand?post=24910"},{"taxonomy":"product_cat","embeddable":true,"href":"https:\/\/boreait.com\/hr\/wp-json\/wp\/v2\/product_cat?post=24910"},{"taxonomy":"product_tag","embeddable":true,"href":"https:\/\/boreait.com\/hr\/wp-json\/wp\/v2\/product_tag?post=24910"}],"curies":[{"name":"wp","href":"https:\/\/api.w.org\/{rel}","templated":true}]}}