{"id":24904,"date":"2025-07-25T12:32:22","date_gmt":"2025-07-25T12:32:22","guid":{"rendered":"https:\/\/boreait.com\/hr\/?post_type=product&#038;p=24904"},"modified":"2025-07-25T12:33:17","modified_gmt":"2025-07-25T12:33:17","slug":"originalne-lcd-sarke-za-ibm-thinkpad-x60-x60s-x61-x61s","status":"publish","type":"product","link":"https:\/\/boreait.com\/hr\/product\/originalne-lcd-sarke-za-ibm-thinkpad-x60-x60s-x61-x61s\/","title":{"rendered":"Originalne LCD \u0161arke za IBM ThinkPad X60 X60s X61 X61s"},"content":{"rendered":"<p>Osigurajte stabilnost i funkcionalnost va\u0161eg IBM ThinkPada s ovim originalnim LCD \u0161arkama, kompatibilnim s modelima X60, X60s, X61 i X61s. Izra\u0111ene za izdr\u017eljivost i savr\u0161eno pristajanje, ove \u0161arke pomo\u0107i \u0107e vam u odr\u017eavanju performansi i upotrebljivosti prijenosnog ra\u010dunala.<\/p>\n<p>Klju\u010dne zna\u010dajke:<\/p>\n<p>&#8211; Originalna IBM zamjena: Jam\u010dimo kompatibilnost i pouzdanost s autenti\u010dnim zamjenskim dijelovima.<\/p>\n<p>&#8211; Jednostavna instalacija: vratite funkcionalnost svog prijenosnog ra\u010dunala bez napora jednostavnom instalacijom.<\/p>\n<p>&#8211; Savr\u0161eno pristajanje: Dizajnirano posebno za modele IBM ThinkPad X60, X60s, X61 i X61s kako bi se osiguralo precizno pristajanje.<\/p>\n<p>&#8211; Izdr\u017eljiva konstrukcija: Napravljena da izdr\u017ei redovitu upotrebu, pru\u017eaju\u0107i dugotrajnu izvedbu.<\/p>\n<p>Nadogradite svoj IBM ThinkPad danas s originalnim LCD \u0161arkama. Kupujte s povjerenjem, znaju\u0107i da ula\u017eete u kvalitetne zamjenske dijelove za svoje prijenosno ra\u010dunalo. Ako imate pitanja ili trebate pomo\u0107, slobodno nas kontaktirajte. Ovdje smo da vam pomognemo u odr\u017eavanju funkcionalnosti va\u0161eg ure\u0111aja.<\/p>\n","protected":false},"excerpt":{"rendered":"<p>Zamijenite svoje polomljene ili istro\u0161ene \u0161arke ovim originalnim LCD \u0161arkama za IBM ThinkPad X60, X60s, X61 i X61s. Jednostavan za postavljanje i dizajniran za savr\u0161eno pristajanje i izdr\u017eljivost. Nadogradite funkcionalnost svog prijenosnog ra\u010dunala danas!<\/p>\n","protected":false},"featured_media":24957,"template":"","meta":[],"product_brand":[],"product_cat":[54],"product_tag":[61],"class_list":{"0":"post-24904","1":"product","2":"type-product","3":"status-publish","4":"has-post-thumbnail","6":"product_cat-screen-hinge","7":"product_tag-lenovo","9":"first","10":"instock","11":"taxable","12":"shipping-taxable","13":"purchasable","14":"product-type-simple"},"_links":{"self":[{"href":"https:\/\/boreait.com\/hr\/wp-json\/wp\/v2\/product\/24904","targetHints":{"allow":["GET"]}}],"collection":[{"href":"https:\/\/boreait.com\/hr\/wp-json\/wp\/v2\/product"}],"about":[{"href":"https:\/\/boreait.com\/hr\/wp-json\/wp\/v2\/types\/product"}],"wp:featuredmedia":[{"embeddable":true,"href":"https:\/\/boreait.com\/hr\/wp-json\/wp\/v2\/media\/24957"}],"wp:attachment":[{"href":"https:\/\/boreait.com\/hr\/wp-json\/wp\/v2\/media?parent=24904"}],"wp:term":[{"taxonomy":"product_brand","embeddable":true,"href":"https:\/\/boreait.com\/hr\/wp-json\/wp\/v2\/product_brand?post=24904"},{"taxonomy":"product_cat","embeddable":true,"href":"https:\/\/boreait.com\/hr\/wp-json\/wp\/v2\/product_cat?post=24904"},{"taxonomy":"product_tag","embeddable":true,"href":"https:\/\/boreait.com\/hr\/wp-json\/wp\/v2\/product_tag?post=24904"}],"curies":[{"name":"wp","href":"https:\/\/api.w.org\/{rel}","templated":true}]}}