{"id":24901,"date":"2025-07-25T12:32:21","date_gmt":"2025-07-25T12:32:21","guid":{"rendered":"https:\/\/boreait.com\/hr\/?post_type=product&#038;p=24901"},"modified":"2025-07-25T12:33:10","modified_gmt":"2025-07-25T12:33:10","slug":"ibm-lenovo-thinkpad-dvd-cdrw-ultrabay-slim-combo-drive-ii-za-fru-39t2687","status":"publish","type":"product","link":"https:\/\/boreait.com\/hr\/product\/ibm-lenovo-thinkpad-dvd-cdrw-ultrabay-slim-combo-drive-ii-za-fru-39t2687\/","title":{"rendered":"IBM Lenovo ThinkPad DVD-CDRW Ultrabay Slim Combo Drive II za FRU 39T2687"},"content":{"rendered":"<p>Nadogradite funkcionalnost va\u0161eg IBM Lenovo ThinkPada s DVD-CDRW Ultrabay Slim Combo Drive II, kompatibilnim s FRU: 39T2687. Izra\u0111en za pouzdanost i izvedbu, ovaj autenti\u010dni pogon osigurava besprijekoran rad i jednostavnu instalaciju.<\/p>\n<p>Klju\u010dne zna\u010dajke:<\/p>\n<p>&#8211; Originalna IBM Lenovo zamjena: Osigurajte kompatibilnost i pouzdanost s autenti\u010dnim zamjenskim pogonom.<\/p>\n<p>&#8211; Jednostavna instalacija: Nadogradite funkcionalnost svog ure\u0111aja bez napora jednostavnom instalacijom.<\/p>\n<p>&#8211; Pobolj\u0161ane mogu\u0107nosti: U\u017eivajte u pogodnostima mogu\u0107nosti snimanja DVD-a i CD-a s ovim svestranim kombiniranim pogonom.<\/p>\n<p>&#8211; Kompatibilnost: Dizajniran za besprijekoran rad s va\u0161im IBM Lenovo ThinkPad za pobolj\u0161anu funkcionalnost.<\/p>\n<p>Nadogradite svoj IBM Lenovo ThinkPad danas s DVD-CDRW Ultrabay Slim Combo Drive II. Kupujte s povjerenjem, znaju\u0107i da ula\u017eete u kvalitetan zamjenski dio za svoj ure\u0111aj. Ako imate bilo kakvih pitanja ili trebate pomo\u0107, slobodno nas kontaktirajte. Ovdje smo da vam pomognemo pobolj\u0161ati mogu\u0107nosti va\u0161eg ure\u0111aja.<\/p>\n","protected":false},"excerpt":{"rendered":"<p>Pobolj\u0161ajte mogu\u0107nosti svog IBM Lenovo ThinkPada s ovim DVD-CDRW Ultrabay Slim Combo Drive II. Kompatibilan s FRU: 39T2687. Nadogradite funkcionalnost svog ure\u0111aja danas!<\/p>\n","protected":false},"featured_media":24953,"template":"","meta":[],"product_brand":[],"product_cat":[62],"product_tag":[61],"class_list":{"0":"post-24901","1":"product","2":"type-product","3":"status-publish","4":"has-post-thumbnail","6":"product_cat-motherboards-board-parts","7":"product_tag-lenovo","9":"first","10":"instock","11":"taxable","12":"shipping-taxable","13":"purchasable","14":"product-type-simple"},"_links":{"self":[{"href":"https:\/\/boreait.com\/hr\/wp-json\/wp\/v2\/product\/24901","targetHints":{"allow":["GET"]}}],"collection":[{"href":"https:\/\/boreait.com\/hr\/wp-json\/wp\/v2\/product"}],"about":[{"href":"https:\/\/boreait.com\/hr\/wp-json\/wp\/v2\/types\/product"}],"wp:featuredmedia":[{"embeddable":true,"href":"https:\/\/boreait.com\/hr\/wp-json\/wp\/v2\/media\/24953"}],"wp:attachment":[{"href":"https:\/\/boreait.com\/hr\/wp-json\/wp\/v2\/media?parent=24901"}],"wp:term":[{"taxonomy":"product_brand","embeddable":true,"href":"https:\/\/boreait.com\/hr\/wp-json\/wp\/v2\/product_brand?post=24901"},{"taxonomy":"product_cat","embeddable":true,"href":"https:\/\/boreait.com\/hr\/wp-json\/wp\/v2\/product_cat?post=24901"},{"taxonomy":"product_tag","embeddable":true,"href":"https:\/\/boreait.com\/hr\/wp-json\/wp\/v2\/product_tag?post=24901"}],"curies":[{"name":"wp","href":"https:\/\/api.w.org\/{rel}","templated":true}]}}