{"id":24900,"date":"2025-07-25T12:32:21","date_gmt":"2025-07-25T12:32:21","guid":{"rendered":"https:\/\/boreait.com\/hr\/?post_type=product&#038;p=24900"},"modified":"2025-07-25T12:33:05","modified_gmt":"2025-07-25T12:33:05","slug":"originalna-ibm-lenovo-thinkpad-t60-t60p-14-1-lcd-inverterska-ploca-41w1010-39t0483","status":"publish","type":"product","link":"https:\/\/boreait.com\/hr\/product\/originalna-ibm-lenovo-thinkpad-t60-t60p-14-1-lcd-inverterska-ploca-41w1010-39t0483\/","title":{"rendered":"Originalna IBM Lenovo ThinkPad T60 T60p 14.1&#8243; LCD inverterska plo\u010da 41W1010 39T0483"},"content":{"rendered":"<p>Pobolj\u0161ajte performanse zaslona va\u0161eg prijenosnog ra\u010dunala Lenovo ThinkPad T60 T60p s originalnom LCD Inverter plo\u010dom, kompatibilnom s brojevima dijelova 41W1010 i 39T0483. Izra\u0111en za izdr\u017eljivost i kompatibilnost, ovaj autenti\u010dni zamjenski dio osigurava pouzdan rad i jednostavnu instalaciju.<\/p>\n<p>Klju\u010dne zna\u010dajke:<\/p>\n<p>&#8211; Originalna IBM Lenovo zamjena: Osigurajte kompatibilnost i pouzdanost s autenti\u010dnim zamjenskim dijelom.<\/p>\n<p>&#8211; Jednostavna instalacija: Nadogradite zaslon prijenosnog ra\u010dunala bez napora jednostavnom instalacijom.<\/p>\n<p>&#8211; Pobolj\u0161ana izvedba zaslona: pobolj\u0161ajte kvalitetu prikaza prijenosnog ra\u010dunala za bolje iskustvo gledanja.<\/p>\n<p>&#8211; Izdr\u017eljiva konstrukcija: Izra\u0111ena da izdr\u017ei upotrebu, osiguravaju\u0107i dugovje\u010dnost i pouzdanost.<\/p>\n<p>Nadogradite svoje prijenosno ra\u010dunalo Lenovo ThinkPad T60 T60p danas s originalnom LCD Inverter plo\u010dom. Kupujte s povjerenjem, znaju\u0107i da ula\u017eete u kvalitetan zamjenski dio za svoj ure\u0111aj. Ako imate bilo kakvih pitanja ili trebate pomo\u0107, slobodno nas kontaktirajte. Ovdje smo da vam pomognemo pobolj\u0161ati funkcionalnost va\u0161eg prijenosnog ra\u010dunala.<\/p>\n","protected":false},"excerpt":{"rendered":"<p>Nadogradite zaslon svog Lenovo ThinkPad T60 T60p s ovom originalnom LCD Inverter plo\u010dom. Jednostavan za instalaciju i kompatibilan s brojevima dijelova 41W1010 i 39T0483. Pobolj\u0161ajte performanse zaslona svog prijenosnog ra\u010dunala danas!<\/p>\n","protected":false},"featured_media":24939,"template":"","meta":[],"product_brand":[],"product_cat":[62],"product_tag":[61],"class_list":{"0":"post-24900","1":"product","2":"type-product","3":"status-publish","4":"has-post-thumbnail","6":"product_cat-motherboards-board-parts","7":"product_tag-lenovo","9":"first","10":"instock","11":"taxable","12":"shipping-taxable","13":"purchasable","14":"product-type-simple"},"_links":{"self":[{"href":"https:\/\/boreait.com\/hr\/wp-json\/wp\/v2\/product\/24900","targetHints":{"allow":["GET"]}}],"collection":[{"href":"https:\/\/boreait.com\/hr\/wp-json\/wp\/v2\/product"}],"about":[{"href":"https:\/\/boreait.com\/hr\/wp-json\/wp\/v2\/types\/product"}],"wp:featuredmedia":[{"embeddable":true,"href":"https:\/\/boreait.com\/hr\/wp-json\/wp\/v2\/media\/24939"}],"wp:attachment":[{"href":"https:\/\/boreait.com\/hr\/wp-json\/wp\/v2\/media?parent=24900"}],"wp:term":[{"taxonomy":"product_brand","embeddable":true,"href":"https:\/\/boreait.com\/hr\/wp-json\/wp\/v2\/product_brand?post=24900"},{"taxonomy":"product_cat","embeddable":true,"href":"https:\/\/boreait.com\/hr\/wp-json\/wp\/v2\/product_cat?post=24900"},{"taxonomy":"product_tag","embeddable":true,"href":"https:\/\/boreait.com\/hr\/wp-json\/wp\/v2\/product_tag?post=24900"}],"curies":[{"name":"wp","href":"https:\/\/api.w.org\/{rel}","templated":true}]}}