{"id":24881,"date":"2025-07-25T12:31:57","date_gmt":"2025-07-25T12:31:57","guid":{"rendered":"https:\/\/boreait.com\/hr\/?post_type=product&#038;p=24881"},"modified":"2026-01-27T12:30:22","modified_gmt":"2026-01-27T12:30:22","slug":"ibm-lenovo-thinkpad-t60-t61-r60-r61-x60-x61-modul-ploce-bluetooth-kartice-39t0497","status":"publish","type":"product","link":"https:\/\/boreait.com\/hr\/product\/ibm-lenovo-thinkpad-t60-t61-r60-r61-x60-x61-modul-ploce-bluetooth-kartice-39t0497\/","title":{"rendered":"IBM Lenovo ThinkPad T60 T61 R60 R61 X60 X61 modul plo\u010de Bluetooth kartice 39T0497"},"content":{"rendered":"<p>Pobolj\u0161ajte povezivost va\u0161eg prijenosnog ra\u010dunala IBM Lenovo ThinkPad T60, T61, R60, R61, X60 ili X61 s originalnim modulom plo\u010de Bluetooth kartice, broj dijela 39T0497. Izra\u0111en za kompatibilnost i pouzdanost, ovaj autenti\u010dni zamjenski dio osigurava besprijekornu Bluetooth vezu i jednostavnu instalaciju.<\/p>\n<p>Klju\u010dne zna\u010dajke:<\/p>\n<p>&#8211; Originalna IBM Lenovo zamjena: Osigurajte kompatibilnost i pouzdanost s autenti\u010dnim zamjenskim dijelom.<\/p>\n<p>&#8211; Jednostavna instalacija: Nadogradite povezivost prijenosnog ra\u010dunala bez napora jednostavnom instalacijom.<\/p>\n<p>&#8211; Besprijekorna Bluetooth povezivost: u\u017eivajte u pobolj\u0161anoj povezivosti s pouzdanom Bluetooth funkcijom.<\/p>\n<p>&#8211; Kompatibilnost: Dizajnirano posebno za modele IBM Lenovo ThinkPad T60, T61, R60, R61, X60 i X61.<\/p>\n<p>&#8211; Izdr\u017eljiva konstrukcija: Napravljena da izdr\u017ei svakodnevnu upotrebu, osiguravaju\u0107i dugovje\u010dnost i pouzdanost.<\/p>\n<p>Nadogradite svoje IBM Lenovo ThinkPad prijenosno ra\u010dunalo danas s originalnim modulom plo\u010de Bluetooth kartice. Kupujte s povjerenjem, znaju\u0107i da ula\u017eete u kvalitetan zamjenski dio za svoj ure\u0111aj. Ako imate bilo kakvih pitanja ili trebate pomo\u0107, slobodno nas kontaktirajte. Ovdje smo da vam pomognemo pobolj\u0161ati povezivost va\u0161eg prijenosnog ra\u010dunala.<\/p>\n","protected":false},"excerpt":{"rendered":"<p>Nadogradite svoj IBM Lenovo ThinkPad T60, T61, R60, R61, X60 ili X61 s ovim originalnim modulom plo\u010de Bluetooth kartice. Kompatibilan s brojem dijela 39T0497. Pobolj\u0161ajte povezivost svog prijenosnog ra\u010dunala danas!<\/p>\n","protected":false},"featured_media":24936,"template":"","meta":[],"product_brand":[],"product_cat":[62],"product_tag":[61],"class_list":{"0":"post-24881","1":"product","2":"type-product","3":"status-publish","4":"has-post-thumbnail","6":"product_cat-motherboards-board-parts","7":"product_tag-lenovo","9":"first","10":"instock","11":"taxable","12":"shipping-taxable","13":"purchasable","14":"product-type-simple"},"_links":{"self":[{"href":"https:\/\/boreait.com\/hr\/wp-json\/wp\/v2\/product\/24881","targetHints":{"allow":["GET"]}}],"collection":[{"href":"https:\/\/boreait.com\/hr\/wp-json\/wp\/v2\/product"}],"about":[{"href":"https:\/\/boreait.com\/hr\/wp-json\/wp\/v2\/types\/product"}],"wp:featuredmedia":[{"embeddable":true,"href":"https:\/\/boreait.com\/hr\/wp-json\/wp\/v2\/media\/24936"}],"wp:attachment":[{"href":"https:\/\/boreait.com\/hr\/wp-json\/wp\/v2\/media?parent=24881"}],"wp:term":[{"taxonomy":"product_brand","embeddable":true,"href":"https:\/\/boreait.com\/hr\/wp-json\/wp\/v2\/product_brand?post=24881"},{"taxonomy":"product_cat","embeddable":true,"href":"https:\/\/boreait.com\/hr\/wp-json\/wp\/v2\/product_cat?post=24881"},{"taxonomy":"product_tag","embeddable":true,"href":"https:\/\/boreait.com\/hr\/wp-json\/wp\/v2\/product_tag?post=24881"}],"curies":[{"name":"wp","href":"https:\/\/api.w.org\/{rel}","templated":true}]}}