{"id":24880,"date":"2025-07-25T12:31:57","date_gmt":"2025-07-25T12:31:57","guid":{"rendered":"https:\/\/boreait.com\/hr\/?post_type=product&#038;p=24880"},"modified":"2026-01-27T12:23:39","modified_gmt":"2026-01-27T12:23:39","slug":"power-female-power-dc-in-jack-kabel-za-prijenosno-racunalo-lenovo-thinkpad-t60-t61-r60-r61","status":"publish","type":"product","link":"https:\/\/boreait.com\/hr\/product\/power-female-power-dc-in-jack-kabel-za-prijenosno-racunalo-lenovo-thinkpad-t60-t61-r60-r61\/","title":{"rendered":"Power Female Power DC In Jack kabel za prijenosno ra\u010dunalo Lenovo Thinkpad T60 T61 R60 R61"},"content":{"rendered":"<p>Pobrinite se da va\u0161e prijenosno ra\u010dunalo Lenovo Thinkpad T60, T61, R60 ili R61 dobije pouzdano napajanje s Power Female Power DC In Jack Cable. Ovaj originalni zamjenski dio dizajniran je za besprijekornu kompatibilnost i jednostavnu instalaciju.<\/p>\n<p>Klju\u010dne zna\u010dajke:<\/p>\n<p>&#8211; Originalna Lenovo zamjena: Osigurajte kompatibilnost i pouzdanost s autenti\u010dnim zamjenskim dijelom.<\/p>\n<p>&#8211; Jednostavna instalacija: Nadogradite ulaznu snagu prijenosnog ra\u010dunala bez napora jednostavnom instalacijom.<\/p>\n<p>&#8211; Pouzdano povezivanje s napajanjem: Ponovo uspostavite pouzdano povezivanje s napajanjem prijenosnog ra\u010dunala za nesmetanu upotrebu.<\/p>\n<p>&#8211; Kompatibilnost: Dizajnirano za kori\u0161tenje s prijenosnim ra\u010dunalima Lenovo Thinkpad T60, T61, R60 i R61.<\/p>\n<p>Nadogradite svoje prijenosno ra\u010dunalo Lenovo Thinkpad danas s originalnim Power Female Power DC In Jack kabelom. Kupujte s povjerenjem, znaju\u0107i da ula\u017eete u kvalitetan zamjenski dio za svoj ure\u0111aj. Ako imate bilo kakvih pitanja ili trebate pomo\u0107, slobodno nas kontaktirajte. Ovdje smo da vam pomognemo u odr\u017eavanju funkcionalnosti va\u0161eg prijenosnog ra\u010dunala.<\/p>\n","protected":false},"excerpt":{"rendered":"<p>Zamijenite \u017eenski kabel DC-in uti\u010dnice za prijenosno ra\u010dunalo Lenovo Thinkpad T60, T61, R60 ili R61. Osigurajte pouzdano povezivanje napajanja s ovim originalnim zamjenskim dijelom. Nadogradite ulaznu snagu svog prijenosnog ra\u010dunala danas!<\/p>\n","protected":false},"featured_media":24935,"template":"","meta":[],"product_brand":[],"product_cat":[55],"product_tag":[61],"class_list":{"0":"post-24880","1":"product","2":"type-product","3":"status-publish","4":"has-post-thumbnail","6":"product_cat-cables","7":"product_tag-lenovo","9":"first","10":"instock","11":"taxable","12":"shipping-taxable","13":"purchasable","14":"product-type-simple"},"_links":{"self":[{"href":"https:\/\/boreait.com\/hr\/wp-json\/wp\/v2\/product\/24880","targetHints":{"allow":["GET"]}}],"collection":[{"href":"https:\/\/boreait.com\/hr\/wp-json\/wp\/v2\/product"}],"about":[{"href":"https:\/\/boreait.com\/hr\/wp-json\/wp\/v2\/types\/product"}],"wp:featuredmedia":[{"embeddable":true,"href":"https:\/\/boreait.com\/hr\/wp-json\/wp\/v2\/media\/24935"}],"wp:attachment":[{"href":"https:\/\/boreait.com\/hr\/wp-json\/wp\/v2\/media?parent=24880"}],"wp:term":[{"taxonomy":"product_brand","embeddable":true,"href":"https:\/\/boreait.com\/hr\/wp-json\/wp\/v2\/product_brand?post=24880"},{"taxonomy":"product_cat","embeddable":true,"href":"https:\/\/boreait.com\/hr\/wp-json\/wp\/v2\/product_cat?post=24880"},{"taxonomy":"product_tag","embeddable":true,"href":"https:\/\/boreait.com\/hr\/wp-json\/wp\/v2\/product_tag?post=24880"}],"curies":[{"name":"wp","href":"https:\/\/api.w.org\/{rel}","templated":true}]}}