{"id":24879,"date":"2025-07-25T12:31:56","date_gmt":"2025-07-25T12:31:56","guid":{"rendered":"https:\/\/boreait.com\/hr\/?post_type=product&#038;p=24879"},"modified":"2026-01-27T12:23:21","modified_gmt":"2026-01-27T12:23:21","slug":"intel-prowireless-3945-abg-mini-pcie-bezicna-kartica-802-11abg-24-ghz-54-mbps-wm3945abg","status":"publish","type":"product","link":"https:\/\/boreait.com\/hr\/product\/intel-prowireless-3945-abg-mini-pcie-bezicna-kartica-802-11abg-24-ghz-54-mbps-wm3945abg\/","title":{"rendered":"Intel PROWireless 3945 ABG Mini PCIe be\u017ei\u010dna kartica 802.11abg 2,4 GHz 54 Mbps WM3945ABG"},"content":{"rendered":"<p>Pobolj\u0161ajte be\u017ei\u010dnu povezanost prijenosnog ra\u010dunala s Intel PRO\/Wireless 3945 ABG Mini PCIe be\u017ei\u010dnom karticom. Ova originalna zamjenska kartica pru\u017ea pouzdanu 802.11a\/b\/g povezivost na 2,4 GHz s brzinama do 54 Mbps, osiguravaju\u0107i glatko iskustvo pregledavanja i umre\u017eavanja.<\/p>\n<p>Klju\u010dne zna\u010dajke:<\/p>\n<p>&#8211; Originalna Intel zamjena: Osigurajte kompatibilnost i pouzdanost s autenti\u010dnom zamjenskom karticom.<\/p>\n<p>&#8211; Pobolj\u0161ana povezivost: u\u017eivajte u pouzdanoj 802.11a\/b\/g be\u017ei\u010dnoj povezivosti za besprijekorno pregledavanje i umre\u017eavanje.<\/p>\n<p>&#8211; Brzina i izvedba: Iskusite brzine do 54 Mbps za u\u010dinkovit prijenos podataka i pregledavanje interneta.<\/p>\n<p>&#8211; Jednostavna instalacija: Nadogradite be\u017ei\u010dnu karticu prijenosnog ra\u010dunala bez napora jednostavnom instalacijom.<\/p>\n<p>&#8211; Kompatibilnost: kompatibilno sa \u0161irokim rasponom prijenosnih ra\u010dunala koja podr\u017eavaju Mini PCIe be\u017ei\u010dne kartice.<\/p>\n<p>Nadogradite be\u017ei\u010dne mogu\u0107nosti svog prijenosnog ra\u010dunala ve\u0107 danas s Intel PRO\/Wireless 3945 ABG Mini PCIe be\u017ei\u010dnom karticom. Kupujte s povjerenjem, znaju\u0107i da ula\u017eete u originalni Intelov zamjenski dio za svoj ure\u0111aj. Ako imate bilo kakvih pitanja ili trebate pomo\u0107, slobodno nas kontaktirajte. Ovdje smo da vam pomognemo pobolj\u0161ati va\u0161e iskustvo pregledavanja i umre\u017eavanja.<\/p>\n","protected":false},"excerpt":{"rendered":"<p>Nadogradite be\u017ei\u010dnu povezanost prijenosnog ra\u010dunala s Intel PRO\/Wireless 3945 ABG Mini PCIe be\u017ei\u010dnom karticom. U\u017eivajte u pouzdanoj 802.11a\/b\/g povezivosti na 2,4 GHz s brzinama do 54 Mbps. Pobolj\u0161ajte svoje iskustvo pregledavanja i umre\u017eavanja ve\u0107 danas!<\/p>\n","protected":false},"featured_media":24934,"template":"","meta":[],"product_brand":[],"product_cat":[62],"product_tag":[61],"class_list":{"0":"post-24879","1":"product","2":"type-product","3":"status-publish","4":"has-post-thumbnail","6":"product_cat-motherboards-board-parts","7":"product_tag-lenovo","9":"first","10":"instock","11":"taxable","12":"shipping-taxable","13":"purchasable","14":"product-type-simple"},"_links":{"self":[{"href":"https:\/\/boreait.com\/hr\/wp-json\/wp\/v2\/product\/24879","targetHints":{"allow":["GET"]}}],"collection":[{"href":"https:\/\/boreait.com\/hr\/wp-json\/wp\/v2\/product"}],"about":[{"href":"https:\/\/boreait.com\/hr\/wp-json\/wp\/v2\/types\/product"}],"wp:featuredmedia":[{"embeddable":true,"href":"https:\/\/boreait.com\/hr\/wp-json\/wp\/v2\/media\/24934"}],"wp:attachment":[{"href":"https:\/\/boreait.com\/hr\/wp-json\/wp\/v2\/media?parent=24879"}],"wp:term":[{"taxonomy":"product_brand","embeddable":true,"href":"https:\/\/boreait.com\/hr\/wp-json\/wp\/v2\/product_brand?post=24879"},{"taxonomy":"product_cat","embeddable":true,"href":"https:\/\/boreait.com\/hr\/wp-json\/wp\/v2\/product_cat?post=24879"},{"taxonomy":"product_tag","embeddable":true,"href":"https:\/\/boreait.com\/hr\/wp-json\/wp\/v2\/product_tag?post=24879"}],"curies":[{"name":"wp","href":"https:\/\/api.w.org\/{rel}","templated":true}]}}