{"id":24878,"date":"2025-07-25T12:31:56","date_gmt":"2025-07-25T12:31:56","guid":{"rendered":"https:\/\/boreait.com\/hr\/?post_type=product&#038;p=24878"},"modified":"2026-01-27T12:22:57","modified_gmt":"2026-01-27T12:22:57","slug":"originalno-ibm-thinkpad-t60p-14-prijenosno-racunalo-sa-stitnikom-hladnjaka-26r9633","status":"publish","type":"product","link":"https:\/\/boreait.com\/hr\/product\/originalno-ibm-thinkpad-t60p-14-prijenosno-racunalo-sa-stitnikom-hladnjaka-26r9633\/","title":{"rendered":"Originalno IBM Thinkpad T60P 14&#8243; prijenosno ra\u010dunalo sa \u0161titnikom hladnjaka 26R9633"},"content":{"rendered":"<p>Nadogradite rashladni sustav va\u0161eg IBM Thinkpad T60P bez napora s originalnim Heatsink Shieldom, broj dijela 26R9633. Izra\u0111en za optimalnu u\u010dinkovitost hla\u0111enja i pouzdanost, ovaj autenti\u010dni zamjenski dio osigurava da va\u0161e prijenosno ra\u010dunalo ostane hladno i tijekom te\u0161ke upotrebe.<\/p>\n<p>Klju\u010dne zna\u010dajke:<\/p>\n<p>&#8211; Originalna IBM zamjena: Osigurajte kompatibilnost i pouzdanost s autenti\u010dnim zamjenskim dijelom.<\/p>\n<p>&#8211; Jednostavna instalacija: Pobolj\u0161ajte sustav hla\u0111enja prijenosnog ra\u010dunala bez napora jednostavnom instalacijom.<\/p>\n<p>&#8211; Pobolj\u0161ana u\u010dinkovitost hla\u0111enja: neka va\u0161e prijenosno ra\u010dunalo radi hladno i u\u010dinkovito za bolje performanse.<\/p>\n<p>&#8211; Izdr\u017eljiva konstrukcija: Napravljena da izdr\u017ei te\u0161ku upotrebu, osiguravaju\u0107i dugovje\u010dnost i pouzdanost.<\/p>\n<p>Nadogradite svoj IBM Thinkpad T60P danas s originalnim Heatsink Shieldom. Kupujte s povjerenjem, znaju\u0107i da ula\u017eete u kvalitetan zamjenski dio za sustav hla\u0111enja prijenosnog ra\u010dunala. Ako imate bilo kakvih pitanja ili trebate pomo\u0107, slobodno nas kontaktirajte. Ovdje smo da vam pomognemo da va\u0161e prijenosno ra\u010dunalo radi glatko.<\/p>\n","protected":false},"excerpt":{"rendered":"<p>Pobolj\u0161ajte sustav hla\u0111enja va\u0161eg IBM Thinkpad T60P s ovim originalnim \u0161titnikom hladnjaka. Jednostavan za instalaciju i kompatibilan s brojem dijela 26R9633. Neka va\u0161e prijenosno ra\u010dunalo radi hladno i u\u010dinkovito!<\/p>\n","protected":false},"featured_media":24933,"template":"","meta":[],"product_brand":[],"product_cat":[68],"product_tag":[61],"class_list":{"0":"post-24878","1":"product","2":"type-product","3":"status-publish","4":"has-post-thumbnail","6":"product_cat-cpu-fans-heatsinks","7":"product_tag-lenovo","9":"first","10":"instock","11":"taxable","12":"shipping-taxable","13":"purchasable","14":"product-type-simple"},"_links":{"self":[{"href":"https:\/\/boreait.com\/hr\/wp-json\/wp\/v2\/product\/24878","targetHints":{"allow":["GET"]}}],"collection":[{"href":"https:\/\/boreait.com\/hr\/wp-json\/wp\/v2\/product"}],"about":[{"href":"https:\/\/boreait.com\/hr\/wp-json\/wp\/v2\/types\/product"}],"wp:featuredmedia":[{"embeddable":true,"href":"https:\/\/boreait.com\/hr\/wp-json\/wp\/v2\/media\/24933"}],"wp:attachment":[{"href":"https:\/\/boreait.com\/hr\/wp-json\/wp\/v2\/media?parent=24878"}],"wp:term":[{"taxonomy":"product_brand","embeddable":true,"href":"https:\/\/boreait.com\/hr\/wp-json\/wp\/v2\/product_brand?post=24878"},{"taxonomy":"product_cat","embeddable":true,"href":"https:\/\/boreait.com\/hr\/wp-json\/wp\/v2\/product_cat?post=24878"},{"taxonomy":"product_tag","embeddable":true,"href":"https:\/\/boreait.com\/hr\/wp-json\/wp\/v2\/product_tag?post=24878"}],"curies":[{"name":"wp","href":"https:\/\/api.w.org\/{rel}","templated":true}]}}