{"id":24859,"date":"2025-07-25T12:31:32","date_gmt":"2025-07-25T12:31:32","guid":{"rendered":"https:\/\/boreait.com\/hr\/?post_type=product&#038;p=24859"},"modified":"2025-07-25T12:32:35","modified_gmt":"2025-07-25T12:32:35","slug":"okvir-zaslona-originalnog-lenovo-thinkpad-t430s-0a86539-okvir-zaslona","status":"publish","type":"product","link":"https:\/\/boreait.com\/hr\/product\/okvir-zaslona-originalnog-lenovo-thinkpad-t430s-0a86539-okvir-zaslona\/","title":{"rendered":"Okvir zaslona originalnog Lenovo ThinkPad T430s 0a86539 Okvir zaslona"},"content":{"rendered":"<p>Unaprijedite izgled i izdr\u017eljivost svog prijenosnog ra\u010dunala Lenovo ThinkPad T430s s originalnim okvirom zaslona okvira zaslona. Izra\u0111en s precizno\u0161\u0107u i pouzdano\u0161\u0107u, ovaj autenti\u010dni zamjenski dio osigurava savr\u0161eno pristajanje i besprijekornu integraciju s va\u0161im ure\u0111ajem. PN: 0a86539<\/p>\n<p>Klju\u010dne zna\u010dajke:<\/p>\n<p>&#8211; Originalna Lenovo zamjena: Osigurajte kompatibilnost i pouzdanost s autenti\u010dnim zamjenskim dijelom.<\/p>\n<p>&#8211; Jednostavna instalacija: nadogradite estetiku svog prijenosnog ra\u010dunala bez napora jednostavnom instalacijom.<\/p>\n<p>&#8211; Pobolj\u0161ani izgled: Transformirajte izgled va\u0161eg Lenovo ThinkPad T430s s ovim elegantnim okvirom zaslona.<\/p>\n<p>&#8211; Izdr\u017eljiva konstrukcija: Za\u0161titite podru\u010dje zaslona od pra\u0161ine, krhotina i mogu\u0107ih o\u0161te\u0107enja ovim \u010dvrstim okvirom zaslona.<\/p>\n<p>Nadogradite svoje prijenosno ra\u010dunalo Lenovo ThinkPad T430s danas s originalnim okvirom zaslona okvira zaslona. Kupujte s povjerenjem, znaju\u0107i da ula\u017eete u kvalitetan zamjenski dio za svoj ure\u0111aj. Ako imate bilo kakvih pitanja ili trebate pomo\u0107, slobodno nas kontaktirajte. Ovdje smo da vam pomognemo pobolj\u0161ati estetiku i funkcionalnost va\u0161eg ure\u0111aja.<\/p>\n","protected":false},"excerpt":{"rendered":"<p>Pobolj\u0161ajte izgled svog Lenovo ThinkPad T430s ovim originalnim okvirom zaslona okvira zaslona. Jednostavan za instalaciju i kompatibilan s va\u0161im ure\u0111ajem. Pobolj\u0161ajte estetiku svog prijenosnog ra\u010dunala danas!<\/p>\n","protected":false},"featured_media":24917,"template":"","meta":[],"product_brand":[],"product_cat":[51],"product_tag":[61],"class_list":{"0":"post-24859","1":"product","2":"type-product","3":"status-publish","4":"has-post-thumbnail","6":"product_cat-laptop-housing","7":"product_tag-lenovo","9":"first","10":"instock","11":"taxable","12":"shipping-taxable","13":"purchasable","14":"product-type-simple"},"_links":{"self":[{"href":"https:\/\/boreait.com\/hr\/wp-json\/wp\/v2\/product\/24859","targetHints":{"allow":["GET"]}}],"collection":[{"href":"https:\/\/boreait.com\/hr\/wp-json\/wp\/v2\/product"}],"about":[{"href":"https:\/\/boreait.com\/hr\/wp-json\/wp\/v2\/types\/product"}],"wp:featuredmedia":[{"embeddable":true,"href":"https:\/\/boreait.com\/hr\/wp-json\/wp\/v2\/media\/24917"}],"wp:attachment":[{"href":"https:\/\/boreait.com\/hr\/wp-json\/wp\/v2\/media?parent=24859"}],"wp:term":[{"taxonomy":"product_brand","embeddable":true,"href":"https:\/\/boreait.com\/hr\/wp-json\/wp\/v2\/product_brand?post=24859"},{"taxonomy":"product_cat","embeddable":true,"href":"https:\/\/boreait.com\/hr\/wp-json\/wp\/v2\/product_cat?post=24859"},{"taxonomy":"product_tag","embeddable":true,"href":"https:\/\/boreait.com\/hr\/wp-json\/wp\/v2\/product_tag?post=24859"}],"curies":[{"name":"wp","href":"https:\/\/api.w.org\/{rel}","templated":true}]}}