{"id":24857,"date":"2025-07-25T12:31:31","date_gmt":"2025-07-25T12:31:31","guid":{"rendered":"https:\/\/boreait.com\/hr\/?post_type=product&#038;p=24857"},"modified":"2025-07-25T12:32:26","modified_gmt":"2025-07-25T12:32:26","slug":"originalni-lenovo-thinkpad-t430s-display-case-lid-lcd-zaslon-gornji-poklopac-poklopca","status":"publish","type":"product","link":"https:\/\/boreait.com\/hr\/product\/originalni-lenovo-thinkpad-t430s-display-case-lid-lcd-zaslon-gornji-poklopac-poklopca\/","title":{"rendered":"Originalni Lenovo ThinkPad T430s Display Case Lid LCD zaslon Gornji poklopac poklopca"},"content":{"rendered":"<p>Pobolj\u0161ajte izgled i izdr\u017eljivost svog prijenosnog ra\u010dunala Lenovo ThinkPad T430s s originalnim poklopcem gornjeg poklopca LCD zaslona. Izra\u0111en za preciznost i pouzdanost, ovaj autenti\u010dni zamjenski dio osigurava optimalne performanse i jednostavnu instalaciju.<\/p>\n<p>Klju\u010dne zna\u010dajke:<\/p>\n<p>&#8211; Originalna Lenovo zamjena: Osigurajte kompatibilnost i pouzdanost s autenti\u010dnim zamjenskim dijelom.<\/p>\n<p>&#8211; Jednostavna instalacija: Nadogradite izgled svog prijenosnog ra\u010dunala bez napora jednostavnom instalacijom.<\/p>\n<p>&#8211; Pobolj\u0161ana za\u0161tita: za\u0161titite zaslon prijenosnog ra\u010dunala ovim izdr\u017eljivim i \u010dvrstim poklopcem.<\/p>\n<p>&#8211; Kompatibilnost: kompatibilan s raznim modelima Lenovo ThinkPad T430s za svestranu upotrebu.<\/p>\n<p>Nadogradite svoje prijenosno ra\u010dunalo Lenovo ThinkPad T430s danas s originalnim poklopcem gornjeg poklopca LCD zaslona s poklopcem ku\u0107i\u0161ta. Kupujte s povjerenjem, znaju\u0107i da ula\u017eete u kvalitetan zamjenski dio za svoj ure\u0111aj. Ako imate bilo kakvih pitanja ili trebate pomo\u0107, slobodno nas kontaktirajte. Ovdje smo da vam pomognemo pobolj\u0161ati izgled i funkcionalnost va\u0161eg prijenosnog ra\u010dunala.<\/p>\n","protected":false},"excerpt":{"rendered":"<p>Nadogradite svoj Lenovo ThinkPad T430s s ovim originalnim poklopcem gornjeg poklopca LCD zaslona. Jednostavan za instalaciju i kompatibilan s razli\u010ditim modelima. Pobolj\u0161ajte izgled svog prijenosnog ra\u010dunala i za\u0161titite njegov zaslon ve\u0107 danas!<\/p>\n","protected":false},"featured_media":24913,"template":"","meta":[],"product_brand":[],"product_cat":[51],"product_tag":[61],"class_list":{"0":"post-24857","1":"product","2":"type-product","3":"status-publish","4":"has-post-thumbnail","6":"product_cat-laptop-housing","7":"product_tag-lenovo","9":"first","10":"instock","11":"taxable","12":"shipping-taxable","13":"purchasable","14":"product-type-simple"},"_links":{"self":[{"href":"https:\/\/boreait.com\/hr\/wp-json\/wp\/v2\/product\/24857","targetHints":{"allow":["GET"]}}],"collection":[{"href":"https:\/\/boreait.com\/hr\/wp-json\/wp\/v2\/product"}],"about":[{"href":"https:\/\/boreait.com\/hr\/wp-json\/wp\/v2\/types\/product"}],"wp:featuredmedia":[{"embeddable":true,"href":"https:\/\/boreait.com\/hr\/wp-json\/wp\/v2\/media\/24913"}],"wp:attachment":[{"href":"https:\/\/boreait.com\/hr\/wp-json\/wp\/v2\/media?parent=24857"}],"wp:term":[{"taxonomy":"product_brand","embeddable":true,"href":"https:\/\/boreait.com\/hr\/wp-json\/wp\/v2\/product_brand?post=24857"},{"taxonomy":"product_cat","embeddable":true,"href":"https:\/\/boreait.com\/hr\/wp-json\/wp\/v2\/product_cat?post=24857"},{"taxonomy":"product_tag","embeddable":true,"href":"https:\/\/boreait.com\/hr\/wp-json\/wp\/v2\/product_tag?post=24857"}],"curies":[{"name":"wp","href":"https:\/\/api.w.org\/{rel}","templated":true}]}}