{"id":24853,"date":"2025-07-25T12:31:31","date_gmt":"2025-07-25T12:31:31","guid":{"rendered":"https:\/\/boreait.com\/hr\/?post_type=product&#038;p=24853"},"modified":"2025-07-25T12:32:13","modified_gmt":"2025-07-25T12:32:13","slug":"originalni-asus-chromebook-c434t-c434ta-dodirna-ploca-za-digitalizaciju-dodirnog-zaslona-s-kabelom","status":"publish","type":"product","link":"https:\/\/boreait.com\/hr\/product\/originalni-asus-chromebook-c434t-c434ta-dodirna-ploca-za-digitalizaciju-dodirnog-zaslona-s-kabelom\/","title":{"rendered":"Originalni Asus Chromebook C434T C434TA dodirna plo\u010da za digitalizaciju dodirnog zaslona s kabelom"},"content":{"rendered":"<p>Unaprijedite iskustvo dodirnog zaslona svog Asus Chromebooka C434T C434TA s originalnom dodirnom plo\u010dom za digitalizaciju dodirnog zaslona. Izra\u0111en imaju\u0107i na umu preciznost i kompatibilnost, ovaj autenti\u010dni zamjenski dio osigurava besprijekornu integraciju i pouzdan rad.<\/p>\n<p>Klju\u010dne zna\u010dajke:<\/p>\n<p>&#8211; Originalna Asus zamjena: Osigurajte kompatibilnost i pouzdanost s autenti\u010dnim zamjenskim dijelom.<\/p>\n<p>&#8211; Jednostavna instalacija: Nadogradite dodirni zaslon svog Chromebooka bez napora jednostavnom instalacijom.<\/p>\n<p>&#8211; Pobolj\u0161ana funkcionalnost zaslona osjetljivog na dodir: U\u017eivajte u pobolj\u0161anom odzivu i preciznosti zaslona osjetljivog na dodir za bolje korisni\u010dko iskustvo.<\/p>\n<p>&#8211; Izdr\u017eljiva konstrukcija: Napravljena da izdr\u017ei svakodnevnu upotrebu, osiguravaju\u0107i dugovje\u010dnost i pouzdanost.<\/p>\n<p>Nadogradite svoj Asus Chromebook C434T C434TA danas s originalnom Touchscreen digitalizator Touch Board. Kupujte s povjerenjem, znaju\u0107i da ula\u017eete u kvalitetan zamjenski dio za svoj ure\u0111aj. Ako imate bilo kakvih pitanja ili trebate pomo\u0107, slobodno nas kontaktirajte. Ovdje smo da vam pomognemo pobolj\u0161ati funkcionalnost dodirnog zaslona va\u0161eg Chromebooka.<\/p>\n","protected":false},"excerpt":{"rendered":"<p>Pobolj\u0161ajte funkciju dodirnog zaslona svog Asus Chromebooka C434T C434TA s ovom originalnom dodirnom plo\u010dom za digitalizaciju dodirnog zaslona. Jednostavan za instalaciju i kompatibilan s va\u0161im ure\u0111ajem. Nadogradite iskustvo dodirnog zaslona na svom Chromebooku danas!<\/p>\n","protected":false},"featured_media":24894,"template":"","meta":[],"product_brand":[],"product_cat":[62],"product_tag":[65],"class_list":{"0":"post-24853","1":"product","2":"type-product","3":"status-publish","4":"has-post-thumbnail","6":"product_cat-motherboards-board-parts","7":"product_tag-asus","9":"first","10":"instock","11":"taxable","12":"shipping-taxable","13":"purchasable","14":"product-type-simple"},"_links":{"self":[{"href":"https:\/\/boreait.com\/hr\/wp-json\/wp\/v2\/product\/24853","targetHints":{"allow":["GET"]}}],"collection":[{"href":"https:\/\/boreait.com\/hr\/wp-json\/wp\/v2\/product"}],"about":[{"href":"https:\/\/boreait.com\/hr\/wp-json\/wp\/v2\/types\/product"}],"wp:featuredmedia":[{"embeddable":true,"href":"https:\/\/boreait.com\/hr\/wp-json\/wp\/v2\/media\/24894"}],"wp:attachment":[{"href":"https:\/\/boreait.com\/hr\/wp-json\/wp\/v2\/media?parent=24853"}],"wp:term":[{"taxonomy":"product_brand","embeddable":true,"href":"https:\/\/boreait.com\/hr\/wp-json\/wp\/v2\/product_brand?post=24853"},{"taxonomy":"product_cat","embeddable":true,"href":"https:\/\/boreait.com\/hr\/wp-json\/wp\/v2\/product_cat?post=24853"},{"taxonomy":"product_tag","embeddable":true,"href":"https:\/\/boreait.com\/hr\/wp-json\/wp\/v2\/product_tag?post=24853"}],"curies":[{"name":"wp","href":"https:\/\/api.w.org\/{rel}","templated":true}]}}