{"id":24825,"date":"2025-07-25T12:30:41","date_gmt":"2025-07-25T12:30:41","guid":{"rendered":"https:\/\/boreait.com\/hr\/?post_type=product&#038;p=24825"},"modified":"2025-07-25T12:32:06","modified_gmt":"2025-07-25T12:32:06","slug":"originalni-asus-chromebook-flip-c434ta-gornji-poklopac-prijenosnog-racunala-13n1-7ea0421-13n1-7ea0431","status":"publish","type":"product","link":"https:\/\/boreait.com\/hr\/product\/originalni-asus-chromebook-flip-c434ta-gornji-poklopac-prijenosnog-racunala-13n1-7ea0421-13n1-7ea0431\/","title":{"rendered":"ORIGINALNI ASUS Chromebook Flip C434TA gornji poklopac prijenosnog ra\u010dunala 13N1-7EA0421 13N1-7EA0431"},"content":{"rendered":"<p>Nadogradite izgled i za\u0161titu svog ASUS Chromebook Flip C434TA s originalnim gornjim poklopcem za prijenosno ra\u010dunalo. Izra\u0111en za preciznost i izdr\u017eljivost, ovaj autenti\u010dni zamjenski dio osigurava pouzdan rad i jednostavnu instalaciju. Kompatibilni brojevi dijelova: 13N1-7EA0421 &amp; 13N1-7EA0431<\/p>\n<p>Klju\u010dne zna\u010dajke:<\/p>\n<p>&#8211; Originalna ASUS zamjena: Osigurajte kompatibilnost i pouzdanost s autenti\u010dnim zamjenskim dijelom.<\/p>\n<p>&#8211; Jednostavna instalacija: Nadogradite izgled svog prijenosnog ra\u010dunala bez napora jednostavnom instalacijom.<\/p>\n<p>&#8211; Pobolj\u0161ani izgled: Transformirajte izgled svog ASUS Chromebook Flip C434TA s ovim elegantnim gornjim poklopcem.<\/p>\n<p>&#8211; Dodatna za\u0161tita: za\u0161titite svoj ure\u0111aj od ogrebotina i o\u0161te\u0107enja ovim \u010dvrstim gornjim poklopcem.<\/p>\n<p>Nadogradite svoje prijenosno ra\u010dunalo ASUS Chromebook Flip C434TA danas s originalnim gornjim poklopcem za prijenosno ra\u010dunalo. Kupujte s povjerenjem, znaju\u0107i da ula\u017eete u kvalitetan zamjenski dio za svoj ure\u0111aj. Ako imate bilo kakvih pitanja ili trebate pomo\u0107, slobodno nas kontaktirajte. Ovdje smo da vam pomognemo pobolj\u0161ati estetiku va\u0161eg ure\u0111aja.<\/p>\n","protected":false},"excerpt":{"rendered":"<p>Pobolj\u0161ajte izgled svog ASUS Chromebooka Flip C434TA s ovom originalnom gornjom maskom za prijenosno ra\u010dunalo. Jednostavan za instalaciju i kompatibilan s va\u0161im ure\u0111ajem. Pobolj\u0161ajte estetiku svog prijenosnog ra\u010dunala danas!<\/p>\n","protected":false},"featured_media":24887,"template":"","meta":[],"product_brand":[],"product_cat":[51],"product_tag":[65],"class_list":{"0":"post-24825","1":"product","2":"type-product","3":"status-publish","4":"has-post-thumbnail","6":"product_cat-laptop-housing","7":"product_tag-asus","9":"first","10":"instock","11":"taxable","12":"shipping-taxable","13":"purchasable","14":"product-type-simple"},"_links":{"self":[{"href":"https:\/\/boreait.com\/hr\/wp-json\/wp\/v2\/product\/24825","targetHints":{"allow":["GET"]}}],"collection":[{"href":"https:\/\/boreait.com\/hr\/wp-json\/wp\/v2\/product"}],"about":[{"href":"https:\/\/boreait.com\/hr\/wp-json\/wp\/v2\/types\/product"}],"wp:featuredmedia":[{"embeddable":true,"href":"https:\/\/boreait.com\/hr\/wp-json\/wp\/v2\/media\/24887"}],"wp:attachment":[{"href":"https:\/\/boreait.com\/hr\/wp-json\/wp\/v2\/media?parent=24825"}],"wp:term":[{"taxonomy":"product_brand","embeddable":true,"href":"https:\/\/boreait.com\/hr\/wp-json\/wp\/v2\/product_brand?post=24825"},{"taxonomy":"product_cat","embeddable":true,"href":"https:\/\/boreait.com\/hr\/wp-json\/wp\/v2\/product_cat?post=24825"},{"taxonomy":"product_tag","embeddable":true,"href":"https:\/\/boreait.com\/hr\/wp-json\/wp\/v2\/product_tag?post=24825"}],"curies":[{"name":"wp","href":"https:\/\/api.w.org\/{rel}","templated":true}]}}