{"id":24822,"date":"2025-07-25T12:30:41","date_gmt":"2025-07-25T12:30:41","guid":{"rendered":"https:\/\/boreait.com\/hr\/?post_type=product&#038;p=24822"},"modified":"2026-01-27T11:02:44","modified_gmt":"2026-01-27T11:02:44","slug":"robusni-originalni-branici-za-dell-latitude-7404-4","status":"publish","type":"product","link":"https:\/\/boreait.com\/hr\/product\/robusni-originalni-branici-za-dell-latitude-7404-4\/","title":{"rendered":"Robusni originalni branici za Dell Latitude 7404"},"content":{"rendered":"<p>Pobolj\u0161ajte izdr\u017eljivost i robusnost svog prijenosnog ra\u010dunala Dell Latitude 7404 Rugged s ovim originalnim odbojnicima. Izra\u0111eni za izdr\u017eljivost i dizajnirani posebno za va\u0161 ure\u0111aj, ovi odbojnici pru\u017eaju dodatnu za\u0161titu od udaraca i udaraca.<\/p>\n<p>Klju\u010dne zna\u010dajke:<\/p>\n<p>&#8211; Originalna Dell zamjena: Osigurajte kompatibilnost i pouzdanost s autenti\u010dnim zamjenskim dijelovima.<\/p>\n<p>&#8211; Pobolj\u0161ana izdr\u017eljivost: Za\u0161titite svoje prijenosno ra\u010dunalo od udaraca i udaraca ovim robusnim odbojnicima.<\/p>\n<p>&#8211; Jednostavna instalacija: jednostavnom instalacijom nadogradite izdr\u017eljivost prijenosnog ra\u010dunala.<\/p>\n<p>&#8211; Dizajniran za robusnu upotrebu: Napravljen da izdr\u017ei te\u0161ke uvjete, osiguravaju\u0107i dugovje\u010dnost i pouzdanost.<\/p>\n<p>Nadogradite svoje prijenosno ra\u010dunalo Dell Latitude 7404 Rugged danas ovim originalnim odbojnicima. Kupujte s povjerenjem, znaju\u0107i da ula\u017eete u kvalitetne zamjenske dijelove za svoj ure\u0111aj. Ako imate bilo kakvih pitanja ili trebate pomo\u0107, slobodno nas kontaktirajte. Ovdje smo da vam pomognemo pove\u0107ati izdr\u017eljivost va\u0161eg ure\u0111aja.<\/p>\n","protected":false},"excerpt":{"rendered":"<p>Pove\u0107ajte izdr\u017eljivost svog Dell Latitude 7404 Rugged s ovim originalnim odbojnicima. Dizajnirani za robusnu upotrebu, ovi odbojnici pru\u017eaju dodatnu za\u0161titu va\u0161em ure\u0111aju. Nadogradite izdr\u017eljivost svog prijenosnog ra\u010dunala danas!<\/p>\n","protected":false},"featured_media":24884,"template":"","meta":[],"product_brand":[],"product_cat":[51],"product_tag":[52],"class_list":{"0":"post-24822","1":"product","2":"type-product","3":"status-publish","4":"has-post-thumbnail","6":"product_cat-laptop-housing","7":"product_tag-dell","9":"first","10":"instock","11":"taxable","12":"shipping-taxable","13":"purchasable","14":"product-type-simple"},"_links":{"self":[{"href":"https:\/\/boreait.com\/hr\/wp-json\/wp\/v2\/product\/24822","targetHints":{"allow":["GET"]}}],"collection":[{"href":"https:\/\/boreait.com\/hr\/wp-json\/wp\/v2\/product"}],"about":[{"href":"https:\/\/boreait.com\/hr\/wp-json\/wp\/v2\/types\/product"}],"wp:featuredmedia":[{"embeddable":true,"href":"https:\/\/boreait.com\/hr\/wp-json\/wp\/v2\/media\/24884"}],"wp:attachment":[{"href":"https:\/\/boreait.com\/hr\/wp-json\/wp\/v2\/media?parent=24822"}],"wp:term":[{"taxonomy":"product_brand","embeddable":true,"href":"https:\/\/boreait.com\/hr\/wp-json\/wp\/v2\/product_brand?post=24822"},{"taxonomy":"product_cat","embeddable":true,"href":"https:\/\/boreait.com\/hr\/wp-json\/wp\/v2\/product_cat?post=24822"},{"taxonomy":"product_tag","embeddable":true,"href":"https:\/\/boreait.com\/hr\/wp-json\/wp\/v2\/product_tag?post=24822"}],"curies":[{"name":"wp","href":"https:\/\/api.w.org\/{rel}","templated":true}]}}