{"id":24814,"date":"2025-07-25T12:30:40","date_gmt":"2025-07-25T12:30:40","guid":{"rendered":"https:\/\/boreait.com\/hr\/?post_type=product&#038;p=24814"},"modified":"2025-07-25T12:31:41","modified_gmt":"2025-07-25T12:31:41","slug":"oem-dell-latitude-7404-7414-robusni-i-o-port-poklopac-mal12-ytthh","status":"publish","type":"product","link":"https:\/\/boreait.com\/hr\/product\/oem-dell-latitude-7404-7414-robusni-i-o-port-poklopac-mal12-ytthh\/","title":{"rendered":"OEM Dell Latitude 7404 7414 robusni I\/O port poklopac MAL12 YTTHH"},"content":{"rendered":"<p>Pobolj\u0161ajte za\u0161titu svog prijenosnog ra\u010dunala Dell Latitude 7404 ili 7414 Rugged s poklopcem OEM I\/O porta, brojevima MAL12 i YTTHH. Dizajniran za izdr\u017eljivost i savr\u0161eno pristajanje, ovaj autenti\u010dni zamjenski dio \u0161titi priklju\u010dke va\u0161eg ure\u0111aja od pra\u0161ine i o\u0161te\u0107enja.<\/p>\n<p>Klju\u010dne zna\u010dajke:<\/p>\n<p>&#8211; OEM Dell zamjena: Osigurajte kompatibilnost i pouzdanost s autenti\u010dnim zamjenskim dijelom.<\/p>\n<p>&#8211; Jednostavna instalacija: Nadogradite svoj ure\u0111aj bez napora jednostavnom instalacijom.<\/p>\n<p>&#8211; Pobolj\u0161ana za\u0161tita: Za\u0161titite priklju\u010dke svog prijenosnog ra\u010dunala od pra\u0161ine, krhotina i mogu\u0107ih o\u0161te\u0107enja.<\/p>\n<p>&#8211; Izdr\u017eljiva konstrukcija: Napravljena da izdr\u017ei robusnu upotrebu, osiguravaju\u0107i dugovje\u010dnost i pouzdanost.<\/p>\n<p>Nadogradite svoje prijenosno ra\u010dunalo Dell Latitude 7404 ili 7414 Rugged danas s poklopcem OEM I\/O porta. Kupujte s povjerenjem, znaju\u0107i da ula\u017eete u kvalitetan zamjenski dio za svoj ure\u0111aj. Ako imate bilo kakvih pitanja ili trebate pomo\u0107, slobodno nas kontaktirajte. Ovdje smo da vam pomognemo za\u0161tititi i pobolj\u0161ati funkcionalnost va\u0161eg ure\u0111aja.<\/p>\n","protected":false},"excerpt":{"rendered":"<p>Nadogradite svoje prijenosno ra\u010dunalo Dell Latitude 7404 ili 7414 Rugged ovim poklopcem OEM I\/O porta. Jednostavan za instalaciju i kompatibilan s brojevima dijelova MAL12 i YTTHH. Za\u0161titite portove svog ure\u0111aja danas!<\/p>\n","protected":false},"featured_media":24866,"template":"","meta":[],"product_brand":[],"product_cat":[51],"product_tag":[52],"class_list":{"0":"post-24814","1":"product","2":"type-product","3":"status-publish","4":"has-post-thumbnail","6":"product_cat-laptop-housing","7":"product_tag-dell","9":"first","10":"instock","11":"taxable","12":"shipping-taxable","13":"purchasable","14":"product-type-simple"},"_links":{"self":[{"href":"https:\/\/boreait.com\/hr\/wp-json\/wp\/v2\/product\/24814","targetHints":{"allow":["GET"]}}],"collection":[{"href":"https:\/\/boreait.com\/hr\/wp-json\/wp\/v2\/product"}],"about":[{"href":"https:\/\/boreait.com\/hr\/wp-json\/wp\/v2\/types\/product"}],"wp:featuredmedia":[{"embeddable":true,"href":"https:\/\/boreait.com\/hr\/wp-json\/wp\/v2\/media\/24866"}],"wp:attachment":[{"href":"https:\/\/boreait.com\/hr\/wp-json\/wp\/v2\/media?parent=24814"}],"wp:term":[{"taxonomy":"product_brand","embeddable":true,"href":"https:\/\/boreait.com\/hr\/wp-json\/wp\/v2\/product_brand?post=24814"},{"taxonomy":"product_cat","embeddable":true,"href":"https:\/\/boreait.com\/hr\/wp-json\/wp\/v2\/product_cat?post=24814"},{"taxonomy":"product_tag","embeddable":true,"href":"https:\/\/boreait.com\/hr\/wp-json\/wp\/v2\/product_tag?post=24814"}],"curies":[{"name":"wp","href":"https:\/\/api.w.org\/{rel}","templated":true}]}}