{"id":24799,"date":"2025-07-25T12:30:15","date_gmt":"2025-07-25T12:30:15","guid":{"rendered":"https:\/\/boreait.com\/hr\/?post_type=product&#038;p=24799"},"modified":"2026-01-27T11:00:45","modified_gmt":"2026-01-27T11:00:45","slug":"originalni-dell-latitude-14-7404-robusni-poklopac-7404sdcvr-a","status":"publish","type":"product","link":"https:\/\/boreait.com\/hr\/product\/originalni-dell-latitude-14-7404-robusni-poklopac-7404sdcvr-a\/","title":{"rendered":"Originalni DELL Latitude 14 7404 robusni poklopac 7404SDCVR A"},"content":{"rendered":"<p>Pobolj\u0161ajte izdr\u017eljivost i funkcionalnost svog prijenosnog ra\u010dunala Dell Latitude 14 7404 Rugged s originalnim poklopcem, broj dijela 7404SDCVR A. Izra\u0111en za robusnost i pouzdanost, ovaj autenti\u010dni zamjenski dio osigurava da va\u0161 ure\u0111aj ostane za\u0161ti\u0107en iu optimalnom stanju.<\/p>\n<p>Klju\u010dne zna\u010dajke:<\/p>\n<p>&#8211; Originalna Dell zamjena: Osigurajte kompatibilnost i pouzdanost s autenti\u010dnim zamjenskim dijelom.<\/p>\n<p>&#8211; Jednostavna instalacija: Nadogradite svoj ure\u0111aj bez napora jednostavnom instalacijom.<\/p>\n<p>&#8211; Pobolj\u0161ana izdr\u017eljivost: pove\u0107ajte za\u0161titu svog prijenosnog ra\u010dunala ovim izdr\u017eljivim i robusnim poklopcem.<\/p>\n<p>&#8211; Robusna konstrukcija: Napravljena da izdr\u017ei te\u0161ka okru\u017eenja, osiguravaju\u0107i dugotrajnu izvedbu.<\/p>\n<p>Nadogradite svoje prijenosno ra\u010dunalo Dell Latitude 14 7404 Rugged danas s originalnim poklopcem. Kupujte s povjerenjem, znaju\u0107i da ula\u017eete u kvalitetan zamjenski dio za svoj ure\u0111aj. Ako imate bilo kakvih pitanja ili trebate pomo\u0107, slobodno nas kontaktirajte. Ovdje smo da vam pomognemo pobolj\u0161ati izdr\u017eljivost i funkcionalnost va\u0161eg ure\u0111aja.<\/p>\n","protected":false},"excerpt":{"rendered":"<p>Nadogradite svoj Dell Latitude 14 7404 Rugged ovim originalnim poklopcem. Jednostavan za instalaciju i kompatibilan s brojem dijela 7404SDCVR A. Pove\u0107ajte izdr\u017eljivost svog ure\u0111aja danas!<\/p>\n","protected":false},"featured_media":24865,"template":"","meta":[],"product_brand":[],"product_cat":[51],"product_tag":[52],"class_list":{"0":"post-24799","1":"product","2":"type-product","3":"status-publish","4":"has-post-thumbnail","6":"product_cat-laptop-housing","7":"product_tag-dell","9":"first","10":"instock","11":"taxable","12":"shipping-taxable","13":"purchasable","14":"product-type-simple"},"_links":{"self":[{"href":"https:\/\/boreait.com\/hr\/wp-json\/wp\/v2\/product\/24799","targetHints":{"allow":["GET"]}}],"collection":[{"href":"https:\/\/boreait.com\/hr\/wp-json\/wp\/v2\/product"}],"about":[{"href":"https:\/\/boreait.com\/hr\/wp-json\/wp\/v2\/types\/product"}],"wp:featuredmedia":[{"embeddable":true,"href":"https:\/\/boreait.com\/hr\/wp-json\/wp\/v2\/media\/24865"}],"wp:attachment":[{"href":"https:\/\/boreait.com\/hr\/wp-json\/wp\/v2\/media?parent=24799"}],"wp:term":[{"taxonomy":"product_brand","embeddable":true,"href":"https:\/\/boreait.com\/hr\/wp-json\/wp\/v2\/product_brand?post=24799"},{"taxonomy":"product_cat","embeddable":true,"href":"https:\/\/boreait.com\/hr\/wp-json\/wp\/v2\/product_cat?post=24799"},{"taxonomy":"product_tag","embeddable":true,"href":"https:\/\/boreait.com\/hr\/wp-json\/wp\/v2\/product_tag?post=24799"}],"curies":[{"name":"wp","href":"https:\/\/api.w.org\/{rel}","templated":true}]}}