{"id":24752,"date":"2025-07-25T12:29:29","date_gmt":"2025-07-25T12:29:29","guid":{"rendered":"https:\/\/boreait.com\/hr\/?post_type=product&#038;p=24752"},"modified":"2026-01-27T10:40:47","modified_gmt":"2026-01-27T10:40:47","slug":"robusni-originalni-branici-za-dell-latitude-7404","status":"publish","type":"product","link":"https:\/\/boreait.com\/hr\/product\/robusni-originalni-branici-za-dell-latitude-7404\/","title":{"rendered":"Robusni originalni branici za Dell Latitude 7404"},"content":{"rendered":"<p>Pobolj\u0161ajte za\u0161titu svog prijenosnog ra\u010dunala Dell Latitude 7404 Rugged s originalnim odbojnicima. Posebno dizajnirani da odgovaraju va\u0161em ure\u0111aju, ovi odbojnici pru\u017eaju vrhunsku izdr\u017eljivost i otpornost na udarce, osiguravaju\u0107i za\u0161titu va\u0161eg prijenosnog ra\u010dunala od slu\u010dajnog o\u0161te\u0107enja.<\/p>\n<p>Klju\u010dne zna\u010dajke:<\/p>\n<p>&#8211; Originalna Dell zamjena: Osigurajte kompatibilnost i pouzdanost s autenti\u010dnim zamjenskim odbojnicima.<\/p>\n<p>&#8211; Jednostavna instalacija: Nadogradite za\u0161titu svog ure\u0111aja bez napora jednostavnom instalacijom.<\/p>\n<p>&#8211; Pobolj\u0161ana za\u0161tita: za\u0161titite svoje prijenosno ra\u010dunalo od udaraca i potencijalne \u0161tete izdr\u017eljivim odbojnicima.<\/p>\n<p>&#8211; Robustan dizajn: Napravljen da izdr\u017ei te\u0161ka okru\u017eenja, savr\u0161en za Dell Latitude 7404 Rugged model.<\/p>\n<p>Nadogradite svoje Dell Latitude 7404 Rugged prijenosno ra\u010dunalo danas s originalnim branicima. Kupujte s povjerenjem, znaju\u0107i da ula\u017eete u kvalitetne zamjenske dijelove dizajnirane za optimalnu za\u0161titu. Ako imate bilo kakvih pitanja ili trebate pomo\u0107, slobodno nas kontaktirajte. Ovdje smo da vam pomognemo produljiti izdr\u017eljivost i \u017eivotni vijek va\u0161eg ure\u0111aja.<\/p>\n","protected":false},"excerpt":{"rendered":"<p>Za\u0161titite svoje prijenosno ra\u010dunalo Dell Latitude 7404 Rugged ovim originalnim odbojnicima. Jednostavni za postavljanje i dizajnirani za izdr\u017eljivost, ovi odbojnici osiguravaju za\u0161titu va\u0161eg ure\u0111aja od udaraca i o\u0161te\u0107enja. Nadogradite za\u0161titu svog prijenosnog ra\u010dunala danas!<\/p>\n","protected":false},"featured_media":24806,"template":"","meta":[],"product_brand":[],"product_cat":[51],"product_tag":[52],"class_list":{"0":"post-24752","1":"product","2":"type-product","3":"status-publish","4":"has-post-thumbnail","6":"product_cat-laptop-housing","7":"product_tag-dell","9":"first","10":"instock","11":"taxable","12":"shipping-taxable","13":"purchasable","14":"product-type-simple"},"_links":{"self":[{"href":"https:\/\/boreait.com\/hr\/wp-json\/wp\/v2\/product\/24752","targetHints":{"allow":["GET"]}}],"collection":[{"href":"https:\/\/boreait.com\/hr\/wp-json\/wp\/v2\/product"}],"about":[{"href":"https:\/\/boreait.com\/hr\/wp-json\/wp\/v2\/types\/product"}],"wp:featuredmedia":[{"embeddable":true,"href":"https:\/\/boreait.com\/hr\/wp-json\/wp\/v2\/media\/24806"}],"wp:attachment":[{"href":"https:\/\/boreait.com\/hr\/wp-json\/wp\/v2\/media?parent=24752"}],"wp:term":[{"taxonomy":"product_brand","embeddable":true,"href":"https:\/\/boreait.com\/hr\/wp-json\/wp\/v2\/product_brand?post=24752"},{"taxonomy":"product_cat","embeddable":true,"href":"https:\/\/boreait.com\/hr\/wp-json\/wp\/v2\/product_cat?post=24752"},{"taxonomy":"product_tag","embeddable":true,"href":"https:\/\/boreait.com\/hr\/wp-json\/wp\/v2\/product_tag?post=24752"}],"curies":[{"name":"wp","href":"https:\/\/api.w.org\/{rel}","templated":true}]}}