{"id":24710,"date":"2025-07-25T12:28:45","date_gmt":"2025-07-25T12:28:45","guid":{"rendered":"https:\/\/boreait.com\/hr\/?post_type=product&#038;p=24710"},"modified":"2026-01-27T10:29:34","modified_gmt":"2026-01-27T10:29:34","slug":"originalni-ibm-lenovo-t60-tipke-misa-touchpad-39t7208-39t7210","status":"publish","type":"product","link":"https:\/\/boreait.com\/hr\/product\/originalni-ibm-lenovo-t60-tipke-misa-touchpad-39t7208-39t7210\/","title":{"rendered":"Originalni IBM Lenovo T60 tipke mi\u0161a Touchpad 39T7208 39T7210"},"content":{"rendered":"<p>Pobolj\u0161ajte upotrebljivost va\u0161eg prijenosnog ra\u010dunala IBM Lenovo T60 s originalnim Touchpadom s tipkama mi\u0161a, kompatibilnim s brojevima dijelova 39T7208 i 39T7210. Izra\u0111eni za izdr\u017eljivost i kompatibilnost, ovi autenti\u010dni zamjenski dijelovi osiguravaju pouzdan rad i jednostavnu ugradnju.<\/p>\n<p>Klju\u010dne zna\u010dajke:<\/p>\n<p>&#8211; Originalna IBM Lenovo zamjena: Osigurajte kompatibilnost i pouzdanost s autenti\u010dnim zamjenskim dijelovima.<\/p>\n<p>&#8211; Jednostavna instalacija: Nadogradite touchpad svog prijenosnog ra\u010dunala bez napora jednostavnom instalacijom.<\/p>\n<p>&#8211; Pobolj\u0161ana upotrebljivost: pobolj\u0161ajte funkcionalnost svog prijenosnog ra\u010dunala s odgovaraju\u0107im tipkama mi\u0161a.<\/p>\n<p>&#8211; Izdr\u017eljiva konstrukcija: Napravljena da izdr\u017ei svakodnevnu upotrebu, osiguravaju\u0107i dugovje\u010dnost i pouzdanost.<\/p>\n<p>Nadogradite svoje prijenosno ra\u010dunalo IBM Lenovo T60 danas s originalnom dodirnom podlogom s tipkama mi\u0161a. Kupujte s povjerenjem, znaju\u0107i da ula\u017eete u kvalitetne zamjenske dijelove za svoj ure\u0111aj. Ako imate bilo kakvih pitanja ili trebate pomo\u0107, slobodno nas kontaktirajte. Ovdje smo da vam pomognemo pobolj\u0161ati upotrebljivost va\u0161eg prijenosnog ra\u010dunala.<\/p>\n","protected":false},"excerpt":{"rendered":"<p>Nadogradite svoj IBM Lenovo T60 touchpad s ovim originalnim tipkama mi\u0161a Touchpad. Jednostavan za instalaciju i kompatibilan s brojevima dijelova 39T7208 i 39T7210. Pobolj\u0161ajte upotrebljivost svog prijenosnog ra\u010dunala danas!<\/p>\n","protected":false},"featured_media":24766,"template":"","meta":[],"product_brand":[],"product_cat":[77],"product_tag":[61],"class_list":{"0":"post-24710","1":"product","2":"type-product","3":"status-publish","4":"has-post-thumbnail","6":"product_cat-laptop-touchpads","7":"product_tag-lenovo","9":"first","10":"instock","11":"taxable","12":"shipping-taxable","13":"purchasable","14":"product-type-simple"},"_links":{"self":[{"href":"https:\/\/boreait.com\/hr\/wp-json\/wp\/v2\/product\/24710","targetHints":{"allow":["GET"]}}],"collection":[{"href":"https:\/\/boreait.com\/hr\/wp-json\/wp\/v2\/product"}],"about":[{"href":"https:\/\/boreait.com\/hr\/wp-json\/wp\/v2\/types\/product"}],"wp:featuredmedia":[{"embeddable":true,"href":"https:\/\/boreait.com\/hr\/wp-json\/wp\/v2\/media\/24766"}],"wp:attachment":[{"href":"https:\/\/boreait.com\/hr\/wp-json\/wp\/v2\/media?parent=24710"}],"wp:term":[{"taxonomy":"product_brand","embeddable":true,"href":"https:\/\/boreait.com\/hr\/wp-json\/wp\/v2\/product_brand?post=24710"},{"taxonomy":"product_cat","embeddable":true,"href":"https:\/\/boreait.com\/hr\/wp-json\/wp\/v2\/product_cat?post=24710"},{"taxonomy":"product_tag","embeddable":true,"href":"https:\/\/boreait.com\/hr\/wp-json\/wp\/v2\/product_tag?post=24710"}],"curies":[{"name":"wp","href":"https:\/\/api.w.org\/{rel}","templated":true}]}}