{"id":24708,"date":"2025-07-25T12:28:44","date_gmt":"2025-07-25T12:28:44","guid":{"rendered":"https:\/\/boreait.com\/hr\/?post_type=product&#038;p=24708"},"modified":"2026-01-27T10:29:04","modified_gmt":"2026-01-27T10:29:04","slug":"originalni-lenovo-thinkpad-t61-citac-otiska-prsta-42w3007","status":"publish","type":"product","link":"https:\/\/boreait.com\/hr\/product\/originalni-lenovo-thinkpad-t61-citac-otiska-prsta-42w3007\/","title":{"rendered":"Originalni Lenovo ThinkPad T61 \u010dita\u010d otiska prsta 42W3007"},"content":{"rendered":"<p>Pobolj\u0161ajte sigurnost i funkcionalnost svog prijenosnog ra\u010dunala Lenovo ThinkPad T61 s originalnim \u010dita\u010dem otiska prsta, broj dijela 42W3007. Dizajniran za besprijekornu kompatibilnost i pouzdan rad, ovaj autenti\u010dni zamjenski dio pru\u017ea dodatni sloj sigurnosti za va\u0161 ure\u0111aj.<\/p>\n<p>Klju\u010dne zna\u010dajke:<\/p>\n<p>&#8211; Originalna Lenovo zamjena: Osigurajte kompatibilnost i pouzdanost s autenti\u010dnim zamjenskim dijelom.<\/p>\n<p>&#8211; Jednostavna instalacija: Nadogradite sigurnost svog prijenosnog ra\u010dunala bez napora jednostavnom instalacijom.<\/p>\n<p>&#8211; Pobolj\u0161ana sigurnost: dodajte biometrijsku sigurnost svom Lenovo ThinkPad T61 za pobolj\u0161anu za\u0161titu.<\/p>\n<p>&#8211; Pouzdana izvedba: u\u017eivajte u dosljednoj i pouzdanoj izvedbi s ovim izdr\u017eljivim \u010dita\u010dem otiska prsta.<\/p>\n<p>Nadogradite svoje prijenosno ra\u010dunalo Lenovo ThinkPad T61 danas s originalnim \u010dita\u010dem otiska prsta. Kupujte s povjerenjem, znaju\u0107i da ula\u017eete u kvalitetan zamjenski dio za svoje prijenosno ra\u010dunalo. Ako imate bilo kakvih pitanja ili trebate pomo\u0107, slobodno nas kontaktirajte. Ovdje smo da vam pomognemo pobolj\u0161ati sigurnost i funkcionalnost va\u0161eg ure\u0111aja.<\/p>\n","protected":false},"excerpt":{"rendered":"<p>Pove\u0107ajte sigurnost svog Lenovo ThinkPad T61 s ovim originalnim \u010dita\u010dem otiska prsta. Jednostavan za instalaciju i kompatibilan s brojem dijela 42W3007. Nadogradite sigurnosne zna\u010dajke svog prijenosnog ra\u010dunala danas!<\/p>\n","protected":false},"featured_media":24764,"template":"","meta":[],"product_brand":[],"product_cat":[62],"product_tag":[61],"class_list":{"0":"post-24708","1":"product","2":"type-product","3":"status-publish","4":"has-post-thumbnail","6":"product_cat-motherboards-board-parts","7":"product_tag-lenovo","9":"first","10":"instock","11":"taxable","12":"shipping-taxable","13":"purchasable","14":"product-type-simple"},"_links":{"self":[{"href":"https:\/\/boreait.com\/hr\/wp-json\/wp\/v2\/product\/24708","targetHints":{"allow":["GET"]}}],"collection":[{"href":"https:\/\/boreait.com\/hr\/wp-json\/wp\/v2\/product"}],"about":[{"href":"https:\/\/boreait.com\/hr\/wp-json\/wp\/v2\/types\/product"}],"wp:featuredmedia":[{"embeddable":true,"href":"https:\/\/boreait.com\/hr\/wp-json\/wp\/v2\/media\/24764"}],"wp:attachment":[{"href":"https:\/\/boreait.com\/hr\/wp-json\/wp\/v2\/media?parent=24708"}],"wp:term":[{"taxonomy":"product_brand","embeddable":true,"href":"https:\/\/boreait.com\/hr\/wp-json\/wp\/v2\/product_brand?post=24708"},{"taxonomy":"product_cat","embeddable":true,"href":"https:\/\/boreait.com\/hr\/wp-json\/wp\/v2\/product_cat?post=24708"},{"taxonomy":"product_tag","embeddable":true,"href":"https:\/\/boreait.com\/hr\/wp-json\/wp\/v2\/product_tag?post=24708"}],"curies":[{"name":"wp","href":"https:\/\/api.w.org\/{rel}","templated":true}]}}