{"id":24703,"date":"2025-07-25T12:28:44","date_gmt":"2025-07-25T12:28:44","guid":{"rendered":"https:\/\/boreait.com\/hr\/?post_type=product&#038;p=24703"},"modified":"2026-01-27T10:27:42","modified_gmt":"2026-01-27T10:27:42","slug":"bluetooth-4-0-originalni-lenovo-thinkpad-x230-t430-t430s-t530-w530-60y3305","status":"publish","type":"product","link":"https:\/\/boreait.com\/hr\/product\/bluetooth-4-0-originalni-lenovo-thinkpad-x230-t430-t430s-t530-w530-60y3305\/","title":{"rendered":"Bluetooth 4.0 Originalni Lenovo ThinkPad X230 T430 T430S T530 W530 60Y3305"},"content":{"rendered":"<p>Pobolj\u0161ajte povezivost svog laptopa Lenovo ThinkPad X230, T430, T430S, T530 ili W530 s originalnim Bluetooth 4.0 modulom, broj dijela 60Y3305. Izra\u0111en za pouzdanost i kompatibilnost, ovaj autenti\u010dni zamjenski dio osigurava besprijekornu Bluetooth vezu i jednostavnu instalaciju.<\/p>\n<p>Klju\u010dne zna\u010dajke:<\/p>\n<p>&#8211; Originalna Lenovo zamjena: Osigurajte kompatibilnost i pouzdanost s autenti\u010dnim zamjenskim dijelom.<\/p>\n<p>&#8211; Besprijekorno povezivanje: u\u017eivajte u glatkoj i neprekinutoj Bluetooth vezi za svoje prijenosno ra\u010dunalo.<\/p>\n<p>&#8211; Kompatibilnost: Dizajnirano posebno za modele Lenovo ThinkPad X230, T430, T430S, T530 i W530.<\/p>\n<p>&#8211; Jednostavna instalacija: Nadogradite svoje prijenosno ra\u010dunalo bez napora jednostavnom instalacijom.<\/p>\n<p>Nadogradite svoje prijenosno ra\u010dunalo Lenovo ThinkPad danas s originalnim Bluetooth 4.0 modulom. Kupujte s povjerenjem, znaju\u0107i da ula\u017eete u kvalitetan zamjenski dio za svoj ure\u0111aj. Ako imate bilo kakvih pitanja ili trebate pomo\u0107, slobodno nas kontaktirajte. Ovdje smo da vam pomognemo pobolj\u0161ati povezivost va\u0161eg ure\u0111aja.<\/p>\n","protected":false},"excerpt":{"rendered":"<p>Nadogradite svoj Lenovo ThinkPad X230, T430, T430S, T530 ili W530 ovim originalnim Bluetooth 4.0 modulom. Osigurajte besprijekornu povezanost i kompatibilnost s brojem dijela 60Y3305. Pobolj\u0161ajte mogu\u0107nosti svog ure\u0111aja danas!<\/p>\n","protected":false},"featured_media":24757,"template":"","meta":[],"product_brand":[],"product_cat":[62],"product_tag":[61],"class_list":{"0":"post-24703","1":"product","2":"type-product","3":"status-publish","4":"has-post-thumbnail","6":"product_cat-motherboards-board-parts","7":"product_tag-lenovo","9":"first","10":"instock","11":"taxable","12":"shipping-taxable","13":"purchasable","14":"product-type-simple"},"_links":{"self":[{"href":"https:\/\/boreait.com\/hr\/wp-json\/wp\/v2\/product\/24703","targetHints":{"allow":["GET"]}}],"collection":[{"href":"https:\/\/boreait.com\/hr\/wp-json\/wp\/v2\/product"}],"about":[{"href":"https:\/\/boreait.com\/hr\/wp-json\/wp\/v2\/types\/product"}],"wp:featuredmedia":[{"embeddable":true,"href":"https:\/\/boreait.com\/hr\/wp-json\/wp\/v2\/media\/24757"}],"wp:attachment":[{"href":"https:\/\/boreait.com\/hr\/wp-json\/wp\/v2\/media?parent=24703"}],"wp:term":[{"taxonomy":"product_brand","embeddable":true,"href":"https:\/\/boreait.com\/hr\/wp-json\/wp\/v2\/product_brand?post=24703"},{"taxonomy":"product_cat","embeddable":true,"href":"https:\/\/boreait.com\/hr\/wp-json\/wp\/v2\/product_cat?post=24703"},{"taxonomy":"product_tag","embeddable":true,"href":"https:\/\/boreait.com\/hr\/wp-json\/wp\/v2\/product_tag?post=24703"}],"curies":[{"name":"wp","href":"https:\/\/api.w.org\/{rel}","templated":true}]}}