{"id":24681,"date":"2025-07-25T12:28:21","date_gmt":"2025-07-25T12:28:21","guid":{"rendered":"https:\/\/boreait.com\/hr\/?post_type=product&#038;p=24681"},"modified":"2026-01-27T10:27:00","modified_gmt":"2026-01-27T10:27:00","slug":"lcd-bezel-case-za-lenovo-ibm-thinkpad-x220-x220i-fru-04w2186-04w1404-04w0605-broj-dijela-60-4kh09-006","status":"publish","type":"product","link":"https:\/\/boreait.com\/hr\/product\/lcd-bezel-case-za-lenovo-ibm-thinkpad-x220-x220i-fru-04w2186-04w1404-04w0605-broj-dijela-60-4kh09-006\/","title":{"rendered":"LCD Bezel Case za Lenovo IBM Thinkpad X220 X220i ; FRU: 04W2186, 04W1404, 04W0605; Broj dijela: 60.4KH09.006"},"content":{"rendered":"<p>Unaprijedite izgled svog prijenosnog ra\u010dunala Lenovo IBM Thinkpad X220 X220i s ku\u0107i\u0161tem s LCD okvirom, kompatibilnim s FRU brojevima 04W2186, 04W1404, 04W0605 i brojem dijela 60.4KH09.006. Izra\u0111en imaju\u0107i na umu preciznost i izdr\u017eljivost, ovaj autenti\u010dni zamjenski dio osigurava besprijekorno pristajanje i pobolj\u0161anu estetiku za va\u0161 ure\u0111aj.<\/p>\n<p>Klju\u010dne zna\u010dajke:<\/p>\n<p>&#8211; Originalna Lenovo IBM zamjena: Osigurajte kompatibilnost i pouzdanost s autenti\u010dnim zamjenskim dijelom.<\/p>\n<p>&#8211; Jednostavna instalacija: Nadogradite izgled svog prijenosnog ra\u010dunala bez napora jednostavnom instalacijom.<\/p>\n<p>&#8211; Pobolj\u0161ana estetika: Transformirajte izgled svog Lenovo IBM Thinkpada X220 X220i s ovim elegantnim ku\u0107i\u0161tem s LCD okvirom.<\/p>\n<p>&#8211; Kompatibilnost: Dizajnirano da besprijekorno pristaje uz va\u0161 ure\u0111aj, osiguravaju\u0107i savr\u0161eno pristajanje.<\/p>\n<p>Nadogradite svoje prijenosno ra\u010dunalo danas s originalnom LCD maskom s okvirom. Kupujte s povjerenjem, znaju\u0107i da ula\u017eete u kvalitetan zamjenski dio za svoj ure\u0111aj. Ako imate bilo kakvih pitanja ili trebate pomo\u0107, slobodno nas kontaktirajte. Ovdje smo da vam pomognemo pobolj\u0161ati estetiku va\u0161eg prijenosnog ra\u010dunala.<\/p>\n","protected":false},"excerpt":{"rendered":"<p>Pobolj\u0161ajte izgled svog Lenovo IBM Thinkpada X220 X220i s ovom LCD maskom. Kompatibilan s FRU brojevima 04W2186, 04W1404, 04W0605 i brojem dijela 60.4KH09.006. Pobolj\u0161ajte estetiku svog prijenosnog ra\u010dunala danas!<\/p>\n","protected":false},"featured_media":24740,"template":"","meta":[],"product_brand":[],"product_cat":[51],"product_tag":[61],"class_list":{"0":"post-24681","1":"product","2":"type-product","3":"status-publish","4":"has-post-thumbnail","6":"product_cat-laptop-housing","7":"product_tag-lenovo","9":"first","10":"instock","11":"taxable","12":"shipping-taxable","13":"purchasable","14":"product-type-simple"},"_links":{"self":[{"href":"https:\/\/boreait.com\/hr\/wp-json\/wp\/v2\/product\/24681","targetHints":{"allow":["GET"]}}],"collection":[{"href":"https:\/\/boreait.com\/hr\/wp-json\/wp\/v2\/product"}],"about":[{"href":"https:\/\/boreait.com\/hr\/wp-json\/wp\/v2\/types\/product"}],"wp:featuredmedia":[{"embeddable":true,"href":"https:\/\/boreait.com\/hr\/wp-json\/wp\/v2\/media\/24740"}],"wp:attachment":[{"href":"https:\/\/boreait.com\/hr\/wp-json\/wp\/v2\/media?parent=24681"}],"wp:term":[{"taxonomy":"product_brand","embeddable":true,"href":"https:\/\/boreait.com\/hr\/wp-json\/wp\/v2\/product_brand?post=24681"},{"taxonomy":"product_cat","embeddable":true,"href":"https:\/\/boreait.com\/hr\/wp-json\/wp\/v2\/product_cat?post=24681"},{"taxonomy":"product_tag","embeddable":true,"href":"https:\/\/boreait.com\/hr\/wp-json\/wp\/v2\/product_tag?post=24681"}],"curies":[{"name":"wp","href":"https:\/\/api.w.org\/{rel}","templated":true}]}}