{"id":24662,"date":"2025-07-25T12:27:58","date_gmt":"2025-07-25T12:27:58","guid":{"rendered":"https:\/\/boreait.com\/hr\/?post_type=product&#038;p=24662"},"modified":"2026-01-27T10:26:04","modified_gmt":"2026-01-27T10:26:04","slug":"lijevi-desni-metalni-poklopac-za-sarke-za-originalni-dell-latitude-e7470-a60r-a60l","status":"publish","type":"product","link":"https:\/\/boreait.com\/hr\/product\/lijevi-desni-metalni-poklopac-za-sarke-za-originalni-dell-latitude-e7470-a60r-a60l\/","title":{"rendered":"Lijevi\/desni metalni poklopac za \u0161arke za originalni Dell Latitude E7470 &#8211; A60R A60L"},"content":{"rendered":"<p>Unaprijedite izgled i izdr\u017eljivost svog prijenosnog ra\u010dunala Dell Latitude E7470 s originalnim kompletom metalnih poklopaca s lijevom\/desnom \u0161arkom, kompatibilnim s brojevima dijelova A60R i A60L. Izra\u0111en imaju\u0107i na umu preciznost i pouzdanost, ovaj autenti\u010dni zamjenski dio osigurava savr\u0161eno pristajanje i jednostavnu ugradnju.<\/p>\n<p>Klju\u010dne zna\u010dajke:<\/p>\n<p>&#8211; Originalna Dell zamjena: Osigurajte kompatibilnost i pouzdanost s autenti\u010dnim zamjenskim dijelom.<\/p>\n<p>&#8211; Jednostavna instalacija: Nadogradite poklopce \u0161arki prijenosnog ra\u010dunala bez napora jednostavnom instalacijom.<\/p>\n<p>&#8211; Pobolj\u0161ani izgled: Pobolj\u0161ajte izgled svog Dell Latitude E7470 ovim izdr\u017eljivim metalnim poklopcima \u0161arki.<\/p>\n<p>&#8211; Izdr\u017eljiva konstrukcija: Napravljena da izdr\u017ei svakodnevnu upotrebu, osiguravaju\u0107i dugovje\u010dnost i pouzdanost.<\/p>\n<p>Nadogradite svoje prijenosno ra\u010dunalo Dell Latitude E7470 danas s originalnim kompletom metalnih poklopaca s lijevom\/desnom \u0161arkom. Kupujte s povjerenjem, znaju\u0107i da ula\u017eete u kvalitetan zamjenski dio za svoj ure\u0111aj. Ako imate bilo kakvih pitanja ili trebate pomo\u0107, slobodno nas kontaktirajte. Ovdje smo da vam pomognemo pobolj\u0161ati izgled i izdr\u017eljivost va\u0161eg ure\u0111aja.<\/p>\n","protected":false},"excerpt":{"rendered":"<p>Pobolj\u0161ajte izgled i izdr\u017eljivost svog Dell Latitude E7470 s ovim originalnim kompletom metalnih poklopaca s lijevom\/desnom \u0161arkom. Dizajniran za kompatibilnost s brojevima dijelova A60R i A60L. Nadogradite poklopce \u0161arki svog prijenosnog ra\u010dunala danas!<\/p>\n","protected":false},"featured_media":24732,"template":"","meta":[],"product_brand":[],"product_cat":[54],"product_tag":[52],"class_list":{"0":"post-24662","1":"product","2":"type-product","3":"status-publish","4":"has-post-thumbnail","6":"product_cat-screen-hinge","7":"product_tag-dell","9":"first","10":"instock","11":"taxable","12":"shipping-taxable","13":"purchasable","14":"product-type-simple"},"_links":{"self":[{"href":"https:\/\/boreait.com\/hr\/wp-json\/wp\/v2\/product\/24662","targetHints":{"allow":["GET"]}}],"collection":[{"href":"https:\/\/boreait.com\/hr\/wp-json\/wp\/v2\/product"}],"about":[{"href":"https:\/\/boreait.com\/hr\/wp-json\/wp\/v2\/types\/product"}],"wp:featuredmedia":[{"embeddable":true,"href":"https:\/\/boreait.com\/hr\/wp-json\/wp\/v2\/media\/24732"}],"wp:attachment":[{"href":"https:\/\/boreait.com\/hr\/wp-json\/wp\/v2\/media?parent=24662"}],"wp:term":[{"taxonomy":"product_brand","embeddable":true,"href":"https:\/\/boreait.com\/hr\/wp-json\/wp\/v2\/product_brand?post=24662"},{"taxonomy":"product_cat","embeddable":true,"href":"https:\/\/boreait.com\/hr\/wp-json\/wp\/v2\/product_cat?post=24662"},{"taxonomy":"product_tag","embeddable":true,"href":"https:\/\/boreait.com\/hr\/wp-json\/wp\/v2\/product_tag?post=24662"}],"curies":[{"name":"wp","href":"https:\/\/api.w.org\/{rel}","templated":true}]}}