{"id":24660,"date":"2025-07-25T12:27:58","date_gmt":"2025-07-25T12:27:58","guid":{"rendered":"https:\/\/boreait.com\/hr\/?post_type=product&#038;p=24660"},"modified":"2026-01-27T10:25:47","modified_gmt":"2026-01-27T10:25:47","slug":"originalni-dell-latitude-e5570-15-6-ploca-za-web-kameru-za-prijenosno-racunalo-j8nnp-0j8nnp-cn-0j8nnp","status":"publish","type":"product","link":"https:\/\/boreait.com\/hr\/product\/originalni-dell-latitude-e5570-15-6-ploca-za-web-kameru-za-prijenosno-racunalo-j8nnp-0j8nnp-cn-0j8nnp\/","title":{"rendered":"Originalni Dell Latitude E5570 15.6 plo\u010da za web kameru za prijenosno ra\u010dunalo J8NNP 0J8NNP CN-0J8NNP"},"content":{"rendered":"<p>Pobolj\u0161ajte mogu\u0107nosti videokonferencije va\u0161eg prijenosnog ra\u010dunala Dell Latitude E5570 s originalnom plo\u010dom za web kameru, broj dijela J8NNP 0J8NNP CN-0J8NNP. Izra\u0111en za preciznost i pouzdanost, ovaj autenti\u010dni zamjenski dio osigurava jasnu i glatku video kvalitetu za va\u0161e mre\u017ene sastanke i konferencije.<\/p>\n<p>Klju\u010dne zna\u010dajke:<\/p>\n<p>&#8211; Originalna Dell zamjena: Osigurajte kompatibilnost i pouzdanost s autenti\u010dnim zamjenskim dijelom.<\/p>\n<p>&#8211; Jednostavna instalacija: Nadogradite web-kameru prijenosnog ra\u010dunala bez napora jednostavnom instalacijom.<\/p>\n<p>&#8211; Pobolj\u0161ana kvaliteta videa: Do\u017eivite jasne i glatke videokonferencije s ovom visokokvalitetnom plo\u010dom kamere.<\/p>\n<p>&#8211; Kompatibilnost: kompatibilan s prijenosnim ra\u010dunalima Dell Latitude E5570 od 15,6&#8243; za besprijekornu integraciju.<\/p>\n<p>Nadogradite svoje prijenosno ra\u010dunalo Dell Latitude E5570 danas s originalnom plo\u010dom za web kameru. Kupujte s povjerenjem, znaju\u0107i da ula\u017eete u kvalitetan zamjenski dio za svoj ure\u0111aj. Ako imate bilo kakvih pitanja ili trebate pomo\u0107, slobodno nas kontaktirajte. Tu smo da vam pomognemo pobolj\u0161ati iskustvo videokonferencije.<\/p>\n","protected":false},"excerpt":{"rendered":"<p>Nadogradite svoju web kameru Dell Latitude E5570 ovom originalnom plo\u010dom za web kameru. Jednostavan za instalaciju i kompatibilan s brojem dijela J8NNP 0J8NNP CN-0J8NNP. Pobolj\u0161ajte videokonferencijske mogu\u0107nosti svog prijenosnog ra\u010dunala danas!<\/p>\n","protected":false},"featured_media":24722,"template":"","meta":[],"product_brand":[],"product_cat":[58],"product_tag":[52],"class_list":{"0":"post-24660","1":"product","2":"type-product","3":"status-publish","4":"has-post-thumbnail","6":"product_cat-laptop-camera","7":"product_tag-dell","9":"first","10":"instock","11":"taxable","12":"shipping-taxable","13":"purchasable","14":"product-type-simple"},"_links":{"self":[{"href":"https:\/\/boreait.com\/hr\/wp-json\/wp\/v2\/product\/24660","targetHints":{"allow":["GET"]}}],"collection":[{"href":"https:\/\/boreait.com\/hr\/wp-json\/wp\/v2\/product"}],"about":[{"href":"https:\/\/boreait.com\/hr\/wp-json\/wp\/v2\/types\/product"}],"wp:featuredmedia":[{"embeddable":true,"href":"https:\/\/boreait.com\/hr\/wp-json\/wp\/v2\/media\/24722"}],"wp:attachment":[{"href":"https:\/\/boreait.com\/hr\/wp-json\/wp\/v2\/media?parent=24660"}],"wp:term":[{"taxonomy":"product_brand","embeddable":true,"href":"https:\/\/boreait.com\/hr\/wp-json\/wp\/v2\/product_brand?post=24660"},{"taxonomy":"product_cat","embeddable":true,"href":"https:\/\/boreait.com\/hr\/wp-json\/wp\/v2\/product_cat?post=24660"},{"taxonomy":"product_tag","embeddable":true,"href":"https:\/\/boreait.com\/hr\/wp-json\/wp\/v2\/product_tag?post=24660"}],"curies":[{"name":"wp","href":"https:\/\/api.w.org\/{rel}","templated":true}]}}