{"id":24659,"date":"2025-07-25T12:27:58","date_gmt":"2025-07-25T12:27:58","guid":{"rendered":"https:\/\/boreait.com\/hr\/?post_type=product&#038;p=24659"},"modified":"2026-01-27T10:15:57","modified_gmt":"2026-01-27T10:15:57","slug":"lijevi-i-desni-lcd-sarke-originalnog-prijenosnog-racunala-dell-latitude-e7470-mrh5g-32hfd","status":"publish","type":"product","link":"https:\/\/boreait.com\/hr\/product\/lijevi-i-desni-lcd-sarke-originalnog-prijenosnog-racunala-dell-latitude-e7470-mrh5g-32hfd\/","title":{"rendered":"Lijevi i desni LCD \u0161arke originalnog prijenosnog ra\u010dunala Dell Latitude E7470 MRH5G 32HFD"},"content":{"rendered":"<p>Pobolj\u0161ajte funkcionalnost zaslona svog prijenosnog ra\u010dunala Dell Latitude E7470 s ovim originalnim lijevim i desnim LCD \u0161arkama, kompatibilnim s brojevima dijelova MRH5G i 32HFD. Izra\u0111eni za izdr\u017eljivost i kompatibilnost, ovi autenti\u010dni zamjenski dijelovi osiguravaju pouzdan rad i jednostavnu ugradnju.<\/p>\n<p>Klju\u010dne zna\u010dajke:<\/p>\n<p>&#8211; Originalna Dell zamjena: Osigurajte kompatibilnost i pouzdanost s autenti\u010dnim zamjenskim dijelovima.<\/p>\n<p>&#8211; Jednostavna instalacija: Nadogradite \u0161arke zaslona prijenosnog ra\u010dunala bez napora jednostavnom instalacijom.<\/p>\n<p>&#8211; Pobolj\u0161ana funkcionalnost zaslona: pobolj\u0161ajte stabilnost i prilagodljivost zaslona prijenosnog ra\u010dunala za pobolj\u0161anu upotrebljivost.<\/p>\n<p>&#8211; Izdr\u017eljiva konstrukcija: Izra\u0111ena da izdr\u017ei upotrebu, osiguravaju\u0107i dugovje\u010dnost i pouzdanost.<\/p>\n<p>Nadogradite svoje prijenosno ra\u010dunalo Dell Latitude E7470 danas s originalnim lijevim i desnim LCD \u0161arkama. Kupujte s povjerenjem, znaju\u0107i da ula\u017eete u kvalitetne zamjenske dijelove za svoj ure\u0111aj. Ako imate bilo kakvih pitanja ili trebate pomo\u0107, slobodno nas kontaktirajte. Ovdje smo da vam pomognemo pobolj\u0161ati funkcionalnost zaslona va\u0161eg prijenosnog ra\u010dunala.<\/p>\n","protected":false},"excerpt":{"rendered":"<p>Nadogradite \u0161arke zaslona svog Dell Latitude E7470 s ovim originalnim lijevim i desnim LCD \u0161arkama. Jednostavan za instalaciju i kompatibilan s brojevima dijelova MRH5G i 32HFD. Pobolj\u0161ajte funkcionalnost zaslona svog prijenosnog ra\u010dunala danas!<\/p>\n","protected":false},"featured_media":24721,"template":"","meta":[],"product_brand":[],"product_cat":[54],"product_tag":[52],"class_list":{"0":"post-24659","1":"product","2":"type-product","3":"status-publish","4":"has-post-thumbnail","6":"product_cat-screen-hinge","7":"product_tag-dell","9":"first","10":"instock","11":"taxable","12":"shipping-taxable","13":"purchasable","14":"product-type-simple"},"_links":{"self":[{"href":"https:\/\/boreait.com\/hr\/wp-json\/wp\/v2\/product\/24659","targetHints":{"allow":["GET"]}}],"collection":[{"href":"https:\/\/boreait.com\/hr\/wp-json\/wp\/v2\/product"}],"about":[{"href":"https:\/\/boreait.com\/hr\/wp-json\/wp\/v2\/types\/product"}],"wp:featuredmedia":[{"embeddable":true,"href":"https:\/\/boreait.com\/hr\/wp-json\/wp\/v2\/media\/24721"}],"wp:attachment":[{"href":"https:\/\/boreait.com\/hr\/wp-json\/wp\/v2\/media?parent=24659"}],"wp:term":[{"taxonomy":"product_brand","embeddable":true,"href":"https:\/\/boreait.com\/hr\/wp-json\/wp\/v2\/product_brand?post=24659"},{"taxonomy":"product_cat","embeddable":true,"href":"https:\/\/boreait.com\/hr\/wp-json\/wp\/v2\/product_cat?post=24659"},{"taxonomy":"product_tag","embeddable":true,"href":"https:\/\/boreait.com\/hr\/wp-json\/wp\/v2\/product_tag?post=24659"}],"curies":[{"name":"wp","href":"https:\/\/api.w.org\/{rel}","templated":true}]}}