{"id":24657,"date":"2025-07-25T12:27:58","date_gmt":"2025-07-25T12:27:58","guid":{"rendered":"https:\/\/boreait.com\/hr\/?post_type=product&#038;p=24657"},"modified":"2025-07-25T12:28:57","modified_gmt":"2025-07-25T12:28:57","slug":"originalni-straznji-poklopac-dell-latitude-e7470-lcd-tud04-0fvx0y-am1dl000603-fvx0y","status":"publish","type":"product","link":"https:\/\/boreait.com\/hr\/product\/originalni-straznji-poklopac-dell-latitude-e7470-lcd-tud04-0fvx0y-am1dl000603-fvx0y\/","title":{"rendered":"Originalni stra\u017enji poklopac Dell Latitude E7470 LCD TUD04 0FVX0Y AM1DL000603 FVX0Y"},"content":{"rendered":"<p>Pobolj\u0161ajte izgled i za\u0161titu svog prijenosnog ra\u010dunala Dell Latitude E7470 s originalnim LCD stra\u017enjim poklopcem, broj dijela TUD04 0FVX0Y AM1DL000603 FVX0Y. Izra\u0111en imaju\u0107i na umu preciznost i pouzdanost, ovaj autenti\u010dni zamjenski dio osigurava ne samo pobolj\u0161anu estetiku ve\u0107 i dodatnu izdr\u017eljivost.<\/p>\n<p>Klju\u010dne zna\u010dajke:<\/p>\n<p>&#8211; Originalna Dell zamjena: Osigurajte kompatibilnost i pouzdanost s autenti\u010dnim zamjenskim dijelom.<\/p>\n<p>&#8211; Jednostavna instalacija: nadogradite izgled svog prijenosnog ra\u010dunala bez napora jednostavnom instalacijom.<\/p>\n<p>&#8211; Pobolj\u0161ana za\u0161tita: Za\u0161titite LCD zaslon prijenosnog ra\u010dunala ovom izdr\u017eljivom stra\u017enjom maskom.<\/p>\n<p>&#8211; Kompatibilnost: Dizajnirano posebno za Dell Latitude E7470, osigurava savr\u0161eno pristajanje i besprijekornu integraciju.<\/p>\n<p>Imajte na umu da, iako detaljne upute za instalaciju nisu navedene, slobodno se obratite ako imate pitanja ili trebate pomo\u0107. Stvarne fotografije proizvoda u popisu to\u010dno prikazuju ono \u0161to \u0107ete dobiti, odra\u017eavaju\u0107i na\u0161u predanost transparentnosti i zadovoljstvu kupaca.<\/p>\n<p>Nadogradite svoje prijenosno ra\u010dunalo Dell Latitude E7470 danas s originalnim LCD stra\u017enjim poklopcem. Kupujte s povjerenjem, znaju\u0107i da ula\u017eete u kvalitetan zamjenski dio za svoj ure\u0111aj. Ako imate bilo kakvih pitanja ili trebate dodatnu pomo\u0107, slobodno nas kontaktirajte. Tu smo da vam pomognemo pobolj\u0161ati estetiku i za\u0161titu va\u0161eg prijenosnog ra\u010dunala.<\/p>\n","protected":false},"excerpt":{"rendered":"<p>Pobolj\u0161ajte izgled svog Dell Latitude E7470 ovim originalnim LCD stra\u017enjim poklopcem. Jednostavan za instalaciju i kompatibilan s brojem dijela TUD04 0FVX0Y AM1DL000603 FVX0Y. Pobolj\u0161ajte estetiku svog prijenosnog ra\u010dunala danas!<\/p>\n","protected":false},"featured_media":24718,"template":"","meta":[],"product_brand":[],"product_cat":[51],"product_tag":[52],"class_list":{"0":"post-24657","1":"product","2":"type-product","3":"status-publish","4":"has-post-thumbnail","6":"product_cat-laptop-housing","7":"product_tag-dell","9":"first","10":"instock","11":"taxable","12":"shipping-taxable","13":"purchasable","14":"product-type-simple"},"_links":{"self":[{"href":"https:\/\/boreait.com\/hr\/wp-json\/wp\/v2\/product\/24657","targetHints":{"allow":["GET"]}}],"collection":[{"href":"https:\/\/boreait.com\/hr\/wp-json\/wp\/v2\/product"}],"about":[{"href":"https:\/\/boreait.com\/hr\/wp-json\/wp\/v2\/types\/product"}],"wp:featuredmedia":[{"embeddable":true,"href":"https:\/\/boreait.com\/hr\/wp-json\/wp\/v2\/media\/24718"}],"wp:attachment":[{"href":"https:\/\/boreait.com\/hr\/wp-json\/wp\/v2\/media?parent=24657"}],"wp:term":[{"taxonomy":"product_brand","embeddable":true,"href":"https:\/\/boreait.com\/hr\/wp-json\/wp\/v2\/product_brand?post=24657"},{"taxonomy":"product_cat","embeddable":true,"href":"https:\/\/boreait.com\/hr\/wp-json\/wp\/v2\/product_cat?post=24657"},{"taxonomy":"product_tag","embeddable":true,"href":"https:\/\/boreait.com\/hr\/wp-json\/wp\/v2\/product_tag?post=24657"}],"curies":[{"name":"wp","href":"https:\/\/api.w.org\/{rel}","templated":true}]}}