{"id":24656,"date":"2025-07-25T12:27:58","date_gmt":"2025-07-25T12:27:58","guid":{"rendered":"https:\/\/boreait.com\/hr\/?post_type=product&#038;p=24656"},"modified":"2025-07-25T12:28:52","modified_gmt":"2025-07-25T12:28:52","slug":"0y4wd7-originalni-dell-latitude-7470-podloga-na-dodir-na-oslon-za-dlan-nie05-y4wd7","status":"publish","type":"product","link":"https:\/\/boreait.com\/hr\/product\/0y4wd7-originalni-dell-latitude-7470-podloga-na-dodir-na-oslon-za-dlan-nie05-y4wd7\/","title":{"rendered":"0Y4WD7 ORIGINALNI DELL LATITUDE 7470 PODLOGA NA DODIR NA OSLON ZA DLAN -NIE05- Y4WD7"},"content":{"rendered":"<p>Pobolj\u0161ajte upotrebljivost svog prijenosnog ra\u010dunala Dell Latitude 7470 s originalnim Touch Padom za odmor za dlanove, broj dijela -NIE05- Y4WD7. Izra\u0111en za izdr\u017eljivost i kompatibilnost, ovaj autenti\u010dni zamjenski dio osigurava preciznu funkcionalnost touchpada i jednostavnu instalaciju.<\/p>\n<p>Klju\u010dne zna\u010dajke:<\/p>\n<p>&#8211; Originalna Dell zamjena: Osigurajte kompatibilnost i pouzdanost s autenti\u010dnim zamjenskim dijelom.<\/p>\n<p>&#8211; Jednostavna instalacija: Nadogradite svoj touchpad bez napora jednostavnom instalacijom.<\/p>\n<p>&#8211; Pobolj\u0161ana upotrebljivost: pobolj\u0161ajte upotrebljivost svog prijenosnog ra\u010dunala preciznom zamjenom dodirne podloge.<\/p>\n<p>&#8211; Izdr\u017eljiva konstrukcija: Napravljena da izdr\u017ei svakodnevnu upotrebu, osiguravaju\u0107i dugovje\u010dnost i pouzdanost.<\/p>\n<p>Nadogradite svoje prijenosno ra\u010dunalo Dell Latitude 7470 danas s originalnom Touch Padom za odmor za dlanove. Kupujte s povjerenjem, znaju\u0107i da ula\u017eete u kvalitetan zamjenski dio za svoj ure\u0111aj. Ako imate bilo kakvih pitanja ili trebate pomo\u0107, slobodno nas kontaktirajte. Ovdje smo da vam pomognemo pobolj\u0161ati funkcionalnost va\u0161eg ure\u0111aja.<\/p>\n","protected":false},"excerpt":{"rendered":"<p>Nadogradite dodirnu plohu svog Dell Latitude 7470 ovom originalnom dodirnom plo\u010dom s naslonom za dlan. Jednostavan za postavljanje i kompatibilan s brojem dijela -NIE05- Y4WD7. Pobolj\u0161ajte upotrebljivost svog prijenosnog ra\u010dunala danas!<\/p>\n","protected":false},"featured_media":24716,"template":"","meta":[],"product_brand":[],"product_cat":[51],"product_tag":[52],"class_list":{"0":"post-24656","1":"product","2":"type-product","3":"status-publish","4":"has-post-thumbnail","6":"product_cat-laptop-housing","7":"product_tag-dell","9":"first","10":"instock","11":"taxable","12":"shipping-taxable","13":"purchasable","14":"product-type-simple"},"_links":{"self":[{"href":"https:\/\/boreait.com\/hr\/wp-json\/wp\/v2\/product\/24656","targetHints":{"allow":["GET"]}}],"collection":[{"href":"https:\/\/boreait.com\/hr\/wp-json\/wp\/v2\/product"}],"about":[{"href":"https:\/\/boreait.com\/hr\/wp-json\/wp\/v2\/types\/product"}],"wp:featuredmedia":[{"embeddable":true,"href":"https:\/\/boreait.com\/hr\/wp-json\/wp\/v2\/media\/24716"}],"wp:attachment":[{"href":"https:\/\/boreait.com\/hr\/wp-json\/wp\/v2\/media?parent=24656"}],"wp:term":[{"taxonomy":"product_brand","embeddable":true,"href":"https:\/\/boreait.com\/hr\/wp-json\/wp\/v2\/product_brand?post=24656"},{"taxonomy":"product_cat","embeddable":true,"href":"https:\/\/boreait.com\/hr\/wp-json\/wp\/v2\/product_cat?post=24656"},{"taxonomy":"product_tag","embeddable":true,"href":"https:\/\/boreait.com\/hr\/wp-json\/wp\/v2\/product_tag?post=24656"}],"curies":[{"name":"wp","href":"https:\/\/api.w.org\/{rel}","templated":true}]}}