{"id":24654,"date":"2025-07-25T12:27:58","date_gmt":"2025-07-25T12:27:58","guid":{"rendered":"https:\/\/boreait.com\/hr\/?post_type=product&#038;p=24654"},"modified":"2026-01-27T10:15:43","modified_gmt":"2026-01-27T10:15:43","slug":"originalni-dell-latitude-e7470-straznji-nosac-porta-za-dock-n9p5m","status":"publish","type":"product","link":"https:\/\/boreait.com\/hr\/product\/originalni-dell-latitude-e7470-straznji-nosac-porta-za-dock-n9p5m\/","title":{"rendered":"Originalni Dell Latitude E7470 stra\u017enji nosa\u010d porta za dock N9P5M"},"content":{"rendered":"<p>Nadogradite mogu\u0107nosti povezivanja va\u0161eg prijenosnog ra\u010dunala Dell Latitude E7470 s originalnim stra\u017enjim nosa\u010dem priklju\u010dka za priklju\u010dnu stanicu, broj dijela N9P5M. Izra\u0111en za izdr\u017eljivost i kompatibilnost, ovaj autenti\u010dni zamjenski dio osigurava pouzdan rad i jednostavnu instalaciju.<\/p>\n<p>Klju\u010dne zna\u010dajke:<\/p>\n<p>&#8211; Originalna Dell zamjena: Osigurajte kompatibilnost i pouzdanost s autenti\u010dnim zamjenskim dijelom.<\/p>\n<p>&#8211; Jednostavna instalacija: Nadogradite mogu\u0107nosti priklju\u010dne stanice svog prijenosnog ra\u010dunala bez napora jednostavnom instalacijom.<\/p>\n<p>&#8211; Pobolj\u0161ana povezivost: pove\u0107ajte mogu\u0107nosti povezivanja prijenosnog ra\u010dunala za pobolj\u0161anu funkcionalnost.<\/p>\n<p>&#8211; Izdr\u017eljiva konstrukcija: Izra\u0111ena da izdr\u017ei upotrebu, osiguravaju\u0107i dugovje\u010dnost i pouzdanost.<\/p>\n<p>Nadogradite svoje prijenosno ra\u010dunalo Dell Latitude E7470 danas s originalnim stra\u017enjim nosa\u010dem priklju\u010dka za priklju\u010dnu stanicu. Kupujte s povjerenjem, znaju\u0107i da ula\u017eete u kvalitetan zamjenski dio za svoj ure\u0111aj. Ako imate bilo kakvih pitanja ili trebate pomo\u0107, slobodno nas kontaktirajte. Ovdje smo da vam pomognemo pobolj\u0161ati funkcionalnost va\u0161eg ure\u0111aja.<\/p>\n","protected":false},"excerpt":{"rendered":"<p>Pobolj\u0161ajte povezivost va\u0161eg Dell Latitude E7470 s ovim originalnim stra\u017enjim nosa\u010dem priklju\u010dka za dock. Jednostavan za instalaciju i kompatibilan s brojem dijela N9P5M. Nadogradite mogu\u0107nosti priklju\u010dne stanice svog prijenosnog ra\u010dunala danas!<\/p>\n","protected":false},"featured_media":24702,"template":"","meta":[],"product_brand":[],"product_cat":[62],"product_tag":[52],"class_list":{"0":"post-24654","1":"product","2":"type-product","3":"status-publish","4":"has-post-thumbnail","6":"product_cat-motherboards-board-parts","7":"product_tag-dell","9":"first","10":"instock","11":"taxable","12":"shipping-taxable","13":"purchasable","14":"product-type-simple"},"_links":{"self":[{"href":"https:\/\/boreait.com\/hr\/wp-json\/wp\/v2\/product\/24654","targetHints":{"allow":["GET"]}}],"collection":[{"href":"https:\/\/boreait.com\/hr\/wp-json\/wp\/v2\/product"}],"about":[{"href":"https:\/\/boreait.com\/hr\/wp-json\/wp\/v2\/types\/product"}],"wp:featuredmedia":[{"embeddable":true,"href":"https:\/\/boreait.com\/hr\/wp-json\/wp\/v2\/media\/24702"}],"wp:attachment":[{"href":"https:\/\/boreait.com\/hr\/wp-json\/wp\/v2\/media?parent=24654"}],"wp:term":[{"taxonomy":"product_brand","embeddable":true,"href":"https:\/\/boreait.com\/hr\/wp-json\/wp\/v2\/product_brand?post=24654"},{"taxonomy":"product_cat","embeddable":true,"href":"https:\/\/boreait.com\/hr\/wp-json\/wp\/v2\/product_cat?post=24654"},{"taxonomy":"product_tag","embeddable":true,"href":"https:\/\/boreait.com\/hr\/wp-json\/wp\/v2\/product_tag?post=24654"}],"curies":[{"name":"wp","href":"https:\/\/api.w.org\/{rel}","templated":true}]}}