{"id":24653,"date":"2025-07-25T12:27:57","date_gmt":"2025-07-25T12:27:57","guid":{"rendered":"https:\/\/boreait.com\/hr\/?post_type=product&#038;p=24653"},"modified":"2025-07-25T12:28:40","modified_gmt":"2025-07-25T12:28:40","slug":"oem-za-dell-latitude-e7470-7470-lcd-zaslon-s-prednjim-okvirom-0tjmhf","status":"publish","type":"product","link":"https:\/\/boreait.com\/hr\/product\/oem-za-dell-latitude-e7470-7470-lcd-zaslon-s-prednjim-okvirom-0tjmhf\/","title":{"rendered":"OEM za Dell Latitude E7470 7470 LCD zaslon s prednjim okvirom 0TJMHF"},"content":{"rendered":"<p>Pobolj\u0161ajte izgled svog prijenosnog ra\u010dunala Dell Latitude E7470 s originalnim poklopcem s prednjim okvirom LCD zaslona, broj dijela 0TJMHF. Izra\u0111en za preciznost i izdr\u017eljivost, ovaj autenti\u010dni zamjenski dio osigurava besprijekorno pristajanje i jednostavnu instalaciju.<\/p>\n<p>Klju\u010dne zna\u010dajke:<\/p>\n<p>&#8211; Originalna Dell zamjena: Osigurajte kompatibilnost i pouzdanost s autenti\u010dnim OEM zamjenskim dijelom.<\/p>\n<p>&#8211; Jednostavna instalacija: Pobolj\u0161ajte izgled svog prijenosnog ra\u010dunala bez napora jednostavnom instalacijom.<\/p>\n<p>&#8211; Pobolj\u0161ana estetika: Transformirajte izgled svog Dell Latitude E7470 s ovim elegantnim prednjim okvirom.<\/p>\n<p>&#8211; Izdr\u017eljiva konstrukcija: Dizajnirana da izdr\u017ei svakodnevnu upotrebu, pru\u017eaju\u0107i dugotrajnu izdr\u017eljivost.<\/p>\n<p>Nadogradite svoje prijenosno ra\u010dunalo Dell Latitude E7470 danas originalnim poklopcem s prednjim okvirom LCD zaslona. Kupujte s povjerenjem, znaju\u0107i da ula\u017eete u kvalitetan zamjenski dio za svoj ure\u0111aj. Ako imate bilo kakvih upita ili trebate pomo\u0107, slobodno nas kontaktirajte. Ovdje smo da vam pomognemo pobolj\u0161ati estetiku va\u0161eg prijenosnog ra\u010dunala.<\/p>\n","protected":false},"excerpt":{"rendered":"<p>Pobolj\u0161ajte izgled svog Dell Latitude E7470 s ovim originalnim prednjim okvirom LCD zaslona. Jednostavan za instalaciju i kompatibilan s brojem dijela 0TJMHF. Pobolj\u0161ajte estetiku svog prijenosnog ra\u010dunala danas!<\/p>\n","protected":false},"featured_media":24700,"template":"","meta":[],"product_brand":[],"product_cat":[51],"product_tag":[],"class_list":{"0":"post-24653","1":"product","2":"type-product","3":"status-publish","4":"has-post-thumbnail","6":"product_cat-laptop-housing","8":"first","9":"instock","10":"taxable","11":"shipping-taxable","12":"purchasable","13":"product-type-simple"},"_links":{"self":[{"href":"https:\/\/boreait.com\/hr\/wp-json\/wp\/v2\/product\/24653","targetHints":{"allow":["GET"]}}],"collection":[{"href":"https:\/\/boreait.com\/hr\/wp-json\/wp\/v2\/product"}],"about":[{"href":"https:\/\/boreait.com\/hr\/wp-json\/wp\/v2\/types\/product"}],"wp:featuredmedia":[{"embeddable":true,"href":"https:\/\/boreait.com\/hr\/wp-json\/wp\/v2\/media\/24700"}],"wp:attachment":[{"href":"https:\/\/boreait.com\/hr\/wp-json\/wp\/v2\/media?parent=24653"}],"wp:term":[{"taxonomy":"product_brand","embeddable":true,"href":"https:\/\/boreait.com\/hr\/wp-json\/wp\/v2\/product_brand?post=24653"},{"taxonomy":"product_cat","embeddable":true,"href":"https:\/\/boreait.com\/hr\/wp-json\/wp\/v2\/product_cat?post=24653"},{"taxonomy":"product_tag","embeddable":true,"href":"https:\/\/boreait.com\/hr\/wp-json\/wp\/v2\/product_tag?post=24653"}],"curies":[{"name":"wp","href":"https:\/\/api.w.org\/{rel}","templated":true}]}}