{"id":24650,"date":"2025-07-25T12:27:57","date_gmt":"2025-07-25T12:27:57","guid":{"rendered":"https:\/\/boreait.com\/hr\/?post_type=product&#038;p=24650"},"modified":"2026-01-27T10:14:55","modified_gmt":"2026-01-27T10:14:55","slug":"bazni-poklopac-prijenosnog-racunala-dell-latitude-e7470-donje-kuciste-01gv6n","status":"publish","type":"product","link":"https:\/\/boreait.com\/hr\/product\/bazni-poklopac-prijenosnog-racunala-dell-latitude-e7470-donje-kuciste-01gv6n\/","title":{"rendered":"Bazni poklopac prijenosnog ra\u010dunala DELL LATITUDE E7470 DONJE KU\u0106I\u0160TE 01GV6N"},"content":{"rendered":"<p>Pobolj\u0161ajte izdr\u017eljivost i za\u0161titu svog prijenosnog ra\u010dunala Dell Latitude E7470 s originalnim donjim ku\u0107i\u0161tem poklopca baze prijenosnog ra\u010dunala, broj dijela 01GV6N. Izra\u0111en s precizno\u0161\u0107u i pouzdano\u0161\u0107u, ovaj autenti\u010dni zamjenski dio osigurava optimalnu izvedbu i jednostavnu instalaciju.<\/p>\n<p>Klju\u010dne zna\u010dajke:<\/p>\n<p>&#8211; Originalna Dell zamjena: Osigurajte kompatibilnost i pouzdanost s autenti\u010dnim zamjenskim dijelom.<\/p>\n<p>&#8211; Jednostavna instalacija: Nadogradite za\u0161titu prijenosnog ra\u010dunala bez napora jednostavnom instalacijom.<\/p>\n<p>&#8211; Pobolj\u0161ana izdr\u017eljivost: pove\u0107ajte izdr\u017eljivost i za\u0161titu prijenosnog ra\u010dunala za dugotrajnu upotrebu.<\/p>\n<p>&#8211; Kompatibilan broj dijela: Dizajniran posebno za broj dijela 01GV6N za besprijekornu integraciju.<\/p>\n<p>Nadogradite svoje prijenosno ra\u010dunalo Dell Latitude E7470 danas s originalnim donjim ku\u0107i\u0161tem poklopca baze prijenosnog ra\u010dunala. Kupujte s povjerenjem, znaju\u0107i da ula\u017eete u kvalitetan zamjenski dio za svoj ure\u0111aj. Ako imate bilo kakvih pitanja ili trebate pomo\u0107, slobodno nas kontaktirajte. Ovdje smo da vam pomognemo pobolj\u0161ati izdr\u017eljivost i za\u0161titu va\u0161eg prijenosnog ra\u010dunala.<\/p>\n","protected":false},"excerpt":{"rendered":"<p>Pove\u0107ajte izdr\u017eljivost svog Dell Latitude E7470 s ovim originalnim donjim ku\u0107i\u0161tem poklopca baze prijenosnog ra\u010dunala. Jednostavan za instalaciju i kompatibilan s brojem dijela 01GV6N. Nadogradite za\u0161titu svog prijenosnog ra\u010dunala danas!<\/p>\n","protected":false},"featured_media":24696,"template":"","meta":[],"product_brand":[],"product_cat":[51],"product_tag":[52],"class_list":{"0":"post-24650","1":"product","2":"type-product","3":"status-publish","4":"has-post-thumbnail","6":"product_cat-laptop-housing","7":"product_tag-dell","9":"first","10":"instock","11":"taxable","12":"shipping-taxable","13":"purchasable","14":"product-type-simple"},"_links":{"self":[{"href":"https:\/\/boreait.com\/hr\/wp-json\/wp\/v2\/product\/24650","targetHints":{"allow":["GET"]}}],"collection":[{"href":"https:\/\/boreait.com\/hr\/wp-json\/wp\/v2\/product"}],"about":[{"href":"https:\/\/boreait.com\/hr\/wp-json\/wp\/v2\/types\/product"}],"wp:featuredmedia":[{"embeddable":true,"href":"https:\/\/boreait.com\/hr\/wp-json\/wp\/v2\/media\/24696"}],"wp:attachment":[{"href":"https:\/\/boreait.com\/hr\/wp-json\/wp\/v2\/media?parent=24650"}],"wp:term":[{"taxonomy":"product_brand","embeddable":true,"href":"https:\/\/boreait.com\/hr\/wp-json\/wp\/v2\/product_brand?post=24650"},{"taxonomy":"product_cat","embeddable":true,"href":"https:\/\/boreait.com\/hr\/wp-json\/wp\/v2\/product_cat?post=24650"},{"taxonomy":"product_tag","embeddable":true,"href":"https:\/\/boreait.com\/hr\/wp-json\/wp\/v2\/product_tag?post=24650"}],"curies":[{"name":"wp","href":"https:\/\/api.w.org\/{rel}","templated":true}]}}