{"id":24623,"date":"2025-07-25T12:27:36","date_gmt":"2025-07-25T12:27:36","guid":{"rendered":"https:\/\/boreait.com\/hr\/?post_type=product&#038;p=24623"},"modified":"2026-01-27T10:13:42","modified_gmt":"2026-01-27T10:13:42","slug":"lcd-sarke-za-prijenosno-racunalo-za-lenovo-thinkpad-x220-x220i-x230-x230i-lcd-sarke-zaslona","status":"publish","type":"product","link":"https:\/\/boreait.com\/hr\/product\/lcd-sarke-za-prijenosno-racunalo-za-lenovo-thinkpad-x220-x220i-x230-x230i-lcd-sarke-zaslona\/","title":{"rendered":"LCD \u0161arke za prijenosno ra\u010dunalo za Lenovo ThinkPad X220 X220i X230 X230i LCD \u0161arke zaslona"},"content":{"rendered":"<p>Pobolj\u0161ajte stabilnost i funkcionalnost zaslona prijenosnog ra\u010dunala Lenovo ThinkPad X220\/X220i\/X230\/X230i s ovim LCD \u0161arkama prijenosnog ra\u010dunala. Izra\u0111ene za izdr\u017eljivost i preciznu kompatibilnost, ove \u0161arke osiguravaju nesmetan rad i pouzdan rad.<\/p>\n<p>Klju\u010dne zna\u010dajke:<\/p>\n<p>&#8211; Kompatibilni modeli: Dizajnirano posebno za prijenosna ra\u010dunala Lenovo ThinkPad X220, X220i, X230 i X230i.<\/p>\n<p>&#8211; Stabilan i glatki rad: Nadogradite \u0161arke zaslona prijenosnog ra\u010dunala za stabilno i glatko kretanje.<\/p>\n<p>&#8211; Jednostavna instalacija: Zamijenite \u0161arke prijenosnog ra\u010dunala bez napora pomo\u0107u jednostavnih uputa za instalaciju.<\/p>\n<p>&#8211; Pobolj\u0161ana izdr\u017eljivost: Izra\u0111en od visokokvalitetnih materijala za dugotrajnu izvedbu.<\/p>\n<p>Nadogradite svoje prijenosno ra\u010dunalo Lenovo ThinkPad danas ovim originalnim LCD \u0161arkama. Kupujte s povjerenjem, znaju\u0107i da ula\u017eete u kvalitetne zamjenske dijelove za svoj ure\u0111aj. Ako imate bilo kakvih upita ili trebate pomo\u0107, slobodno nas kontaktirajte. Ovdje smo da vam pomognemo pobolj\u0161ati funkcionalnost va\u0161eg prijenosnog ra\u010dunala.<\/p>\n","protected":false},"excerpt":{"rendered":"<p>Nadogradite \u0161arke zaslona va\u0161eg Lenovo ThinkPad X220\/X220i\/X230\/X230i ovim LCD \u0161arkama za prijenosna ra\u010dunala. Osigurajte stabilan i neometan rad zaslona va\u0161eg prijenosnog ra\u010dunala. Kupite sada za ve\u0107u izdr\u017eljivost!<\/p>\n","protected":false},"featured_media":24687,"template":"","meta":[],"product_brand":[],"product_cat":[54],"product_tag":[61],"class_list":{"0":"post-24623","1":"product","2":"type-product","3":"status-publish","4":"has-post-thumbnail","6":"product_cat-screen-hinge","7":"product_tag-lenovo","9":"first","10":"instock","11":"taxable","12":"shipping-taxable","13":"purchasable","14":"product-type-simple"},"_links":{"self":[{"href":"https:\/\/boreait.com\/hr\/wp-json\/wp\/v2\/product\/24623","targetHints":{"allow":["GET"]}}],"collection":[{"href":"https:\/\/boreait.com\/hr\/wp-json\/wp\/v2\/product"}],"about":[{"href":"https:\/\/boreait.com\/hr\/wp-json\/wp\/v2\/types\/product"}],"wp:featuredmedia":[{"embeddable":true,"href":"https:\/\/boreait.com\/hr\/wp-json\/wp\/v2\/media\/24687"}],"wp:attachment":[{"href":"https:\/\/boreait.com\/hr\/wp-json\/wp\/v2\/media?parent=24623"}],"wp:term":[{"taxonomy":"product_brand","embeddable":true,"href":"https:\/\/boreait.com\/hr\/wp-json\/wp\/v2\/product_brand?post=24623"},{"taxonomy":"product_cat","embeddable":true,"href":"https:\/\/boreait.com\/hr\/wp-json\/wp\/v2\/product_cat?post=24623"},{"taxonomy":"product_tag","embeddable":true,"href":"https:\/\/boreait.com\/hr\/wp-json\/wp\/v2\/product_tag?post=24623"}],"curies":[{"name":"wp","href":"https:\/\/api.w.org\/{rel}","templated":true}]}}