{"id":24622,"date":"2025-07-25T12:27:35","date_gmt":"2025-07-25T12:27:35","guid":{"rendered":"https:\/\/boreait.com\/hr\/?post_type=product&#038;p=24622"},"modified":"2025-07-25T12:28:23","modified_gmt":"2025-07-25T12:28:23","slug":"originalna-ploca-citaca-otiska-prsta-lenovo-thinkpad-t430s-48-4qe17-011","status":"publish","type":"product","link":"https:\/\/boreait.com\/hr\/product\/originalna-ploca-citaca-otiska-prsta-lenovo-thinkpad-t430s-48-4qe17-011\/","title":{"rendered":"Originalna plo\u010da \u010dita\u010da otiska prsta Lenovo ThinkPad T430s 48.4QE17.011"},"content":{"rendered":"<p>Nadogradite sigurnosne zna\u010dajke va\u0161eg prijenosnog ra\u010dunala Lenovo ThinkPad T430s originalnom plo\u010dom za \u010ditanje otisaka prstiju, broj dijela 48.4QE17.011. Izra\u0111en za pouzdanost i kompatibilnost, ovaj autenti\u010dni zamjenski dio osigurava siguran pristup i jednostavnu instalaciju.<\/p>\n<p>Klju\u010dne zna\u010dajke:<\/p>\n<p>&#8211; Originalna Lenovo zamjena: Osigurajte kompatibilnost i pouzdanost s autenti\u010dnim zamjenskim dijelom.<\/p>\n<p>&#8211; Jednostavna instalacija: Nadogradite sigurnost svog ure\u0111aja bez napora jednostavnom instalacijom.<\/p>\n<p>&#8211; Pobolj\u0161ane sigurnosne zna\u010dajke: Pove\u0107ajte sigurnost svog prijenosnog ra\u010dunala biometrijskom autentifikacijom.<\/p>\n<p>&#8211; Izdr\u017eljiva konstrukcija: Napravljena da izdr\u017ei svakodnevnu upotrebu, osiguravaju\u0107i dugovje\u010dnost i pouzdanost.<\/p>\n<p>Nadogradite svoje prijenosno ra\u010dunalo Lenovo ThinkPad T430s danas originalnom plo\u010dom za \u010ditanje otisaka prstiju. Kupujte s povjerenjem, znaju\u0107i da ula\u017eete u kvalitetan zamjenski dio za svoj ure\u0111aj. Ako imate bilo kakvih pitanja ili trebate pomo\u0107, slobodno nas kontaktirajte. Ovdje smo da vam pomognemo pobolj\u0161ati sigurnosne zna\u010dajke va\u0161eg ure\u0111aja.<\/p>\n","protected":false},"excerpt":{"rendered":"<p>Pobolj\u0161ajte svoj Lenovo ThinkPad T430s ovom originalnom plo\u010dom s \u010dita\u010dem otisaka prstiju. Jednostavan za instalaciju i kompatibilan s brojem dijela 48.4QE17.011. Nadogradite sigurnosne zna\u010dajke svog ure\u0111aja danas!<\/p>\n","protected":false},"featured_media":24686,"template":"","meta":[],"product_brand":[],"product_cat":[62],"product_tag":[61],"class_list":{"0":"post-24622","1":"product","2":"type-product","3":"status-publish","4":"has-post-thumbnail","6":"product_cat-motherboards-board-parts","7":"product_tag-lenovo","9":"first","10":"instock","11":"taxable","12":"shipping-taxable","13":"purchasable","14":"product-type-simple"},"_links":{"self":[{"href":"https:\/\/boreait.com\/hr\/wp-json\/wp\/v2\/product\/24622","targetHints":{"allow":["GET"]}}],"collection":[{"href":"https:\/\/boreait.com\/hr\/wp-json\/wp\/v2\/product"}],"about":[{"href":"https:\/\/boreait.com\/hr\/wp-json\/wp\/v2\/types\/product"}],"wp:featuredmedia":[{"embeddable":true,"href":"https:\/\/boreait.com\/hr\/wp-json\/wp\/v2\/media\/24686"}],"wp:attachment":[{"href":"https:\/\/boreait.com\/hr\/wp-json\/wp\/v2\/media?parent=24622"}],"wp:term":[{"taxonomy":"product_brand","embeddable":true,"href":"https:\/\/boreait.com\/hr\/wp-json\/wp\/v2\/product_brand?post=24622"},{"taxonomy":"product_cat","embeddable":true,"href":"https:\/\/boreait.com\/hr\/wp-json\/wp\/v2\/product_cat?post=24622"},{"taxonomy":"product_tag","embeddable":true,"href":"https:\/\/boreait.com\/hr\/wp-json\/wp\/v2\/product_tag?post=24622"}],"curies":[{"name":"wp","href":"https:\/\/api.w.org\/{rel}","templated":true}]}}