{"id":24605,"date":"2025-07-25T12:27:12","date_gmt":"2025-07-25T12:27:12","guid":{"rendered":"https:\/\/boreait.com\/hr\/?post_type=product&#038;p=24605"},"modified":"2025-07-25T12:28:06","modified_gmt":"2025-07-25T12:28:06","slug":"lenovo-t420-t430-t510-t520-t530-w510-w520-w530-super-multi-dvd-rewriter-interni-sata-9-5mm-snimac","status":"publish","type":"product","link":"https:\/\/boreait.com\/hr\/product\/lenovo-t420-t430-t510-t520-t530-w510-w520-w530-super-multi-dvd-rewriter-interni-sata-9-5mm-snimac\/","title":{"rendered":"Lenovo T420 T430 T510 T520 T530 W510 W520 W530 Super Multi DVD Rewriter Interni SATA 9.5mm snima\u010d"},"content":{"rendered":"<p>Pobolj\u0161ajte funkcionalnost svog ure\u0111aja uz Lenovo GU70N Super Multi DVD Rewriter. Ovaj interni SATA DVD snima\u010d ima visinu od 9,5 mm, \u0161to ga \u010dini prikladnim za razne ure\u0111aje. Bilo da snimate DVD-ove ili pristupate opti\u010dkim medijima, ovaj DVD reprinter osigurava pouzdan rad. Plasti\u010dni poklopac \/ okvir kompatibilan je s ovim prijenosnim ra\u010dunalima: \u00a0T420 T430 T510 T520\u00a0<em>T530<\/em> W510 W520 W530.<\/p>\n<p>Klju\u010dne zna\u010dajke:<\/p>\n<p>&#8211; Unutarnja SATA veza: kompatibilna sa \u0161irokim rasponom ure\u0111aja za besprijekornu integraciju.<\/p>\n<p>&#8211; 9,5 mm Visina: Dizajnirano da odgovara standardnim pogonskim le\u017ei\u0161tima, osiguravaju\u0107i kompatibilnost s ve\u0107inom ure\u0111aja.<\/p>\n<p>&#8211; Super Multi DVD Rewriter: U\u017eivajte u fleksibilnosti snimanja DVD-ova i lakog pristupa opti\u010dkim medijima.<\/p>\n<p>&#8211; Pouzdana izvedba: Izgra\u0111ena za izdr\u017eljivost i pouzdanost, pru\u017eaju\u0107i dosljednu izvedbu za va\u0161e potrebe.<\/p>\n<p>Nadogradite svoj ure\u0111aj ve\u0107 danas uz Lenovo GU70N Super Multi DVD Rewriter. Kupujte s povjerenjem, znaju\u0107i da ula\u017eete u kvalitetan interni DVD snima\u010d za svoj ure\u0111aj. Ako imate bilo kakvih pitanja ili trebate pomo\u0107, slobodno nas kontaktirajte. Ovdje smo da vam pomognemo pobolj\u0161ati mogu\u0107nosti va\u0161eg ure\u0111aja.<\/p>\n","protected":false},"excerpt":{"rendered":"<p>Nadogradite svoj ure\u0111aj s Lenovo GU70N Super Multi DVD Rewriter. Ovaj interni SATA DVD snima\u010d visine 9,5 mm dizajniran je za pouzdane performanse i kompatibilnost. Savr\u0161eno za snimanje DVD-ova i pristup opti\u010dkim medijima. Nadogradite mogu\u0107nosti svog ure\u0111aja danas!<\/p>\n","protected":false},"featured_media":24669,"template":"","meta":[],"product_brand":[],"product_cat":[62],"product_tag":[61],"class_list":{"0":"post-24605","1":"product","2":"type-product","3":"status-publish","4":"has-post-thumbnail","6":"product_cat-motherboards-board-parts","7":"product_tag-lenovo","9":"first","10":"instock","11":"taxable","12":"shipping-taxable","13":"purchasable","14":"product-type-simple"},"_links":{"self":[{"href":"https:\/\/boreait.com\/hr\/wp-json\/wp\/v2\/product\/24605","targetHints":{"allow":["GET"]}}],"collection":[{"href":"https:\/\/boreait.com\/hr\/wp-json\/wp\/v2\/product"}],"about":[{"href":"https:\/\/boreait.com\/hr\/wp-json\/wp\/v2\/types\/product"}],"wp:featuredmedia":[{"embeddable":true,"href":"https:\/\/boreait.com\/hr\/wp-json\/wp\/v2\/media\/24669"}],"wp:attachment":[{"href":"https:\/\/boreait.com\/hr\/wp-json\/wp\/v2\/media?parent=24605"}],"wp:term":[{"taxonomy":"product_brand","embeddable":true,"href":"https:\/\/boreait.com\/hr\/wp-json\/wp\/v2\/product_brand?post=24605"},{"taxonomy":"product_cat","embeddable":true,"href":"https:\/\/boreait.com\/hr\/wp-json\/wp\/v2\/product_cat?post=24605"},{"taxonomy":"product_tag","embeddable":true,"href":"https:\/\/boreait.com\/hr\/wp-json\/wp\/v2\/product_tag?post=24605"}],"curies":[{"name":"wp","href":"https:\/\/api.w.org\/{rel}","templated":true}]}}