{"id":24604,"date":"2025-07-25T12:27:12","date_gmt":"2025-07-25T12:27:12","guid":{"rendered":"https:\/\/boreait.com\/hr\/?post_type=product&#038;p=24604"},"modified":"2025-10-10T15:25:21","modified_gmt":"2025-10-10T15:25:21","slug":"intel-centrino-advanced-n-6205-wireless-pci-express-62205anhmw-2-4-5ghz-0x9jdy-2","status":"publish","type":"product","link":"https:\/\/boreait.com\/hr\/product\/intel-centrino-advanced-n-6205-wireless-pci-express-62205anhmw-2-4-5ghz-0x9jdy-2\/","title":{"rendered":"INTEL CENTRINO ADVANCED-N 6205 WIRELESS PCI EXPRESS 62205ANHMW 2.4\/5Ghz 0X9JDY"},"content":{"rendered":"<p>Pobolj\u0161ajte be\u017ei\u010dnu povezanost va\u0161eg prijenosnog ra\u010dunala s INTEL CENTRINO ADVANCED-N 6205 Wireless PCI Express karticom. Uz podr\u0161ku za frekvencije od 2,4 GHz i 5 GHz, ova kartica nudi pouzdan i brz pristup internetu. Kompatibilan s brojem dijela 62205ANHMW i modelom prijenosnog ra\u010dunala Dell 0X9JDY, ova originalna INTEL zamjena osigurava besprijekornu integraciju i optimalne performanse.<\/p>\n<p>Klju\u010dne zna\u010dajke:<\/p>\n<p>&#8211; Podr\u0161ka za dva pojasa: u\u017eivajte u brzom pristupu internetu na frekvencijama od 2,4 GHz i 5 GHz za pobolj\u0161ano pregledavanje i strujanje.<\/p>\n<p>&#8211; Jednostavna instalacija: Nadogradite be\u017ei\u010dnu vezu prijenosnog ra\u010dunala bez napora jednostavnom instalacijom.<\/p>\n<p>&#8211; Kompatibilno s prijenosnim ra\u010dunalima Dell: Dizajnirano posebno za model prijenosnih ra\u010dunala Dell 0X9JDY, osiguravaju\u0107i kompatibilnost i pouzdanost.<\/p>\n<p>&#8211; Originalna INTEL zamjena: vjerujte u kvalitetu i pouzdanost originalnih INTEL zamjenskih dijelova za optimalnu izvedbu.<\/p>\n<p>Nadogradite svoje prijenosno ra\u010dunalo danas s INTEL CENTRINO ADVANCED-N 6205 Wireless PCI Express karticom. Kupujte s povjerenjem, znaju\u0107i da ula\u017eete u kvalitetan zamjenski dio za svoj ure\u0111aj. Ako imate bilo kakvih pitanja ili trebate pomo\u0107, slobodno nas kontaktirajte. Ovdje smo da vam pomognemo pobolj\u0161ati va\u0161e iskustvo pregledavanja.<\/p>\n","protected":false},"excerpt":{"rendered":"<p>Nadogradite be\u017ei\u010dnu povezanost va\u0161eg prijenosnog ra\u010dunala s INTEL CENTRINO ADVANCED-N 6205 Wireless PCI Express. Dvopojasna podr\u0161ka za frekvencije od 2,4 GHz i 5 GHz. Kompatibilan s brojem dijela 62205ANHMW i modelom prijenosnog ra\u010dunala Dell 0X9JDY. Pobolj\u0161ajte svoje iskustvo pregledavanja ve\u0107 danas!<\/p>\n","protected":false},"featured_media":24667,"template":"","meta":[],"product_brand":[],"product_cat":[62],"product_tag":[],"class_list":{"0":"post-24604","1":"product","2":"type-product","3":"status-publish","4":"has-post-thumbnail","6":"product_cat-motherboards-board-parts","8":"first","9":"instock","10":"taxable","11":"shipping-taxable","12":"purchasable","13":"product-type-simple"},"_links":{"self":[{"href":"https:\/\/boreait.com\/hr\/wp-json\/wp\/v2\/product\/24604","targetHints":{"allow":["GET"]}}],"collection":[{"href":"https:\/\/boreait.com\/hr\/wp-json\/wp\/v2\/product"}],"about":[{"href":"https:\/\/boreait.com\/hr\/wp-json\/wp\/v2\/types\/product"}],"wp:featuredmedia":[{"embeddable":true,"href":"https:\/\/boreait.com\/hr\/wp-json\/wp\/v2\/media\/24667"}],"wp:attachment":[{"href":"https:\/\/boreait.com\/hr\/wp-json\/wp\/v2\/media?parent=24604"}],"wp:term":[{"taxonomy":"product_brand","embeddable":true,"href":"https:\/\/boreait.com\/hr\/wp-json\/wp\/v2\/product_brand?post=24604"},{"taxonomy":"product_cat","embeddable":true,"href":"https:\/\/boreait.com\/hr\/wp-json\/wp\/v2\/product_cat?post=24604"},{"taxonomy":"product_tag","embeddable":true,"href":"https:\/\/boreait.com\/hr\/wp-json\/wp\/v2\/product_tag?post=24604"}],"curies":[{"name":"wp","href":"https:\/\/api.w.org\/{rel}","templated":true}]}}