{"id":24601,"date":"2025-07-25T12:27:12","date_gmt":"2025-07-25T12:27:12","guid":{"rendered":"https:\/\/boreait.com\/hr\/?post_type=product&#038;p=24601"},"modified":"2025-07-25T12:27:55","modified_gmt":"2025-07-25T12:27:55","slug":"originalno-prijenosno-racunalo-lenovo-thinkpad-t420s-t430s-dc-power-jack-04w3997","status":"publish","type":"product","link":"https:\/\/boreait.com\/hr\/product\/originalno-prijenosno-racunalo-lenovo-thinkpad-t420s-t430s-dc-power-jack-04w3997\/","title":{"rendered":"Originalno prijenosno ra\u010dunalo Lenovo ThinkPad T420S T430S DC Power Jack 04W3997"},"content":{"rendered":"<p>Pobolj\u0161ajte povezivost napajanja va\u0161eg prijenosnog ra\u010dunala Lenovo ThinkPad T420S\/T430S s originalnim DC Power Jackom, broj dijela 04W3997. Izra\u0111en za izdr\u017eljivost i kompatibilnost, ovaj autenti\u010dni zamjenski dio osigurava pouzdan rad i jednostavnu instalaciju.<\/p>\n<p>Klju\u010dne zna\u010dajke:<\/p>\n<p>&#8211; Originalna Lenovo zamjena: Osigurajte kompatibilnost i pouzdanost s autenti\u010dnim zamjenskim dijelom.<\/p>\n<p>&#8211; Jednostavna instalacija: Nadogradite povezivost napajanja prijenosnog ra\u010dunala bez napora jednostavnom instalacijom.<\/p>\n<p>&#8211; Pobolj\u0161ana povezivost napajanja: osigurajte stabilno napajanje prijenosnog ra\u010dunala radi nesmetane upotrebe.<\/p>\n<p>&#8211; Izdr\u017eljiva konstrukcija: Napravljena da izdr\u017ei redovitu upotrebu, osiguravaju\u0107i dugovje\u010dnost i pouzdanost.<\/p>\n<p>Nadogradite svoje prijenosno ra\u010dunalo Lenovo ThinkPad T420S\/T430S danas s originalnim DC Power Jackom. Kupujte s povjerenjem, znaju\u0107i da ula\u017eete u kvalitetan zamjenski dio za svoj ure\u0111aj. Ako imate bilo kakvih pitanja ili trebate pomo\u0107, slobodno nas kontaktirajte. Ovdje smo da vam pomognemo pobolj\u0161ati funkcionalnost va\u0161eg prijenosnog ra\u010dunala.<\/p>\n","protected":false},"excerpt":{"rendered":"<p>Nadogradite uti\u010dnicu za napajanje prijenosnog ra\u010dunala Lenovo ThinkPad T420S\/T430S ovom originalnom uti\u010dnicom za napajanje istosmjernom strujom. Jednostavan za instalaciju i kompatibilan s brojem dijela 04W3997. Pobolj\u0161ajte povezivost napajanja va\u0161eg prijenosnog ra\u010dunala danas!<\/p>\n","protected":false},"featured_media":24646,"template":"","meta":[],"product_brand":[],"product_cat":[62],"product_tag":[61],"class_list":{"0":"post-24601","1":"product","2":"type-product","3":"status-publish","4":"has-post-thumbnail","6":"product_cat-motherboards-board-parts","7":"product_tag-lenovo","9":"first","10":"instock","11":"taxable","12":"shipping-taxable","13":"purchasable","14":"product-type-simple"},"_links":{"self":[{"href":"https:\/\/boreait.com\/hr\/wp-json\/wp\/v2\/product\/24601","targetHints":{"allow":["GET"]}}],"collection":[{"href":"https:\/\/boreait.com\/hr\/wp-json\/wp\/v2\/product"}],"about":[{"href":"https:\/\/boreait.com\/hr\/wp-json\/wp\/v2\/types\/product"}],"wp:featuredmedia":[{"embeddable":true,"href":"https:\/\/boreait.com\/hr\/wp-json\/wp\/v2\/media\/24646"}],"wp:attachment":[{"href":"https:\/\/boreait.com\/hr\/wp-json\/wp\/v2\/media?parent=24601"}],"wp:term":[{"taxonomy":"product_brand","embeddable":true,"href":"https:\/\/boreait.com\/hr\/wp-json\/wp\/v2\/product_brand?post=24601"},{"taxonomy":"product_cat","embeddable":true,"href":"https:\/\/boreait.com\/hr\/wp-json\/wp\/v2\/product_cat?post=24601"},{"taxonomy":"product_tag","embeddable":true,"href":"https:\/\/boreait.com\/hr\/wp-json\/wp\/v2\/product_tag?post=24601"}],"curies":[{"name":"wp","href":"https:\/\/api.w.org\/{rel}","templated":true}]}}