{"id":24600,"date":"2025-07-25T12:27:12","date_gmt":"2025-07-25T12:27:12","guid":{"rendered":"https:\/\/boreait.com\/hr\/?post_type=product&#038;p=24600"},"modified":"2026-01-27T10:12:26","modified_gmt":"2026-01-27T10:12:26","slug":"originalni-lenovo-thinkpad-t430si-t430s-t420si-t420s-lcd-kabel-kamere-50-4kf05-001-04w1685","status":"publish","type":"product","link":"https:\/\/boreait.com\/hr\/product\/originalni-lenovo-thinkpad-t430si-t430s-t420si-t420s-lcd-kabel-kamere-50-4kf05-001-04w1685\/","title":{"rendered":"Originalni Lenovo ThinkPad T430SI T430S T420si T420S LCD kabel kamere 50.4KF05.001 04W1685"},"content":{"rendered":"<p>Pobolj\u0161ajte funkcionalnost kamere na prijenosnom ra\u010dunalu Lenovo ThinkPad T430SI T430S T420si T420S s originalnim kabelom za LCD kameru, broj dijela 50.4KF05.001 04W1685. Izra\u0111en za izdr\u017eljivost i kompatibilnost, ovaj autenti\u010dni zamjenski dio osigurava pouzdan rad i jednostavnu instalaciju.<\/p>\n<p>Klju\u010dne zna\u010dajke:<\/p>\n<p>&#8211; Originalna Lenovo zamjena: Osigurajte kompatibilnost i pouzdanost s autenti\u010dnim zamjenskim dijelom.<\/p>\n<p>&#8211; Jednostavna instalacija: Nadogradite kameru svog prijenosnog ra\u010dunala bez napora jednostavnom instalacijom.<\/p>\n<p>&#8211; Pobolj\u0161ana funkcija kamere: pobolj\u0161ajte kvalitetu kamere prijenosnog ra\u010dunala za bolje videopozive i konferencije.<\/p>\n<p>&#8211; Izdr\u017eljiva konstrukcija: Napravljena da izdr\u017ei redovitu upotrebu, osiguravaju\u0107i dugovje\u010dnost i pouzdanost.<\/p>\n<p>Nadogradite svoje prijenosno ra\u010dunalo Lenovo ThinkPad T430SI T430S T420si T420S danas s originalnim kabelom za LCD kameru. Kupujte s povjerenjem, znaju\u0107i da ula\u017eete u kvalitetan zamjenski dio za svoj ure\u0111aj. Ako imate bilo kakvih pitanja ili trebate pomo\u0107, slobodno nas kontaktirajte. Ovdje smo da vam pomognemo pobolj\u0161ati funkcionalnost va\u0161eg prijenosnog ra\u010dunala.<\/p>\n","protected":false},"excerpt":{"rendered":"<p>Nadogradite kabel LCD kamere za svoj Lenovo ThinkPad T430SI T430S T420si T420S ovim originalnim zamjenskim dijelom. Kompatibilan s brojem dijela 50.4KF05.001 04W1685. Pobolj\u0161ajte funkcionalnost kamere na prijenosnom ra\u010dunalu ve\u0107 danas!<\/p>\n","protected":false},"featured_media":24645,"template":"","meta":[],"product_brand":[],"product_cat":[55],"product_tag":[61],"class_list":{"0":"post-24600","1":"product","2":"type-product","3":"status-publish","4":"has-post-thumbnail","6":"product_cat-cables","7":"product_tag-lenovo","9":"first","10":"instock","11":"taxable","12":"shipping-taxable","13":"purchasable","14":"product-type-simple"},"_links":{"self":[{"href":"https:\/\/boreait.com\/hr\/wp-json\/wp\/v2\/product\/24600","targetHints":{"allow":["GET"]}}],"collection":[{"href":"https:\/\/boreait.com\/hr\/wp-json\/wp\/v2\/product"}],"about":[{"href":"https:\/\/boreait.com\/hr\/wp-json\/wp\/v2\/types\/product"}],"wp:featuredmedia":[{"embeddable":true,"href":"https:\/\/boreait.com\/hr\/wp-json\/wp\/v2\/media\/24645"}],"wp:attachment":[{"href":"https:\/\/boreait.com\/hr\/wp-json\/wp\/v2\/media?parent=24600"}],"wp:term":[{"taxonomy":"product_brand","embeddable":true,"href":"https:\/\/boreait.com\/hr\/wp-json\/wp\/v2\/product_brand?post=24600"},{"taxonomy":"product_cat","embeddable":true,"href":"https:\/\/boreait.com\/hr\/wp-json\/wp\/v2\/product_cat?post=24600"},{"taxonomy":"product_tag","embeddable":true,"href":"https:\/\/boreait.com\/hr\/wp-json\/wp\/v2\/product_tag?post=24600"}],"curies":[{"name":"wp","href":"https:\/\/api.w.org\/{rel}","templated":true}]}}