{"id":24576,"date":"2025-07-25T12:26:50","date_gmt":"2025-07-25T12:26:50","guid":{"rendered":"https:\/\/boreait.com\/hr\/?post_type=product&#038;p=24576"},"modified":"2026-01-27T10:11:12","modified_gmt":"2026-01-27T10:11:12","slug":"vrata-poklopca-kucista-originalnog-lenovo-thinkpad-t430s-60-4qz20-001","status":"publish","type":"product","link":"https:\/\/boreait.com\/hr\/product\/vrata-poklopca-kucista-originalnog-lenovo-thinkpad-t430s-60-4qz20-001\/","title":{"rendered":"Vrata poklopca ku\u0107i\u0161ta originalnog Lenovo ThinkPad T430s &#8211; 60.4QZ20.001"},"content":{"rendered":"<p>Pobolj\u0161ajte izgled i izdr\u017eljivost svog prijenosnog ra\u010dunala Lenovo ThinkPad T430s s originalnim poklopcem ku\u0107i\u0161ta, broj dijela 60.4QZ20.001. Izra\u0111en za preciznost i pouzdanost, ovaj autenti\u010dni zamjenski dio osigurava savr\u0161eno pristajanje i jednostavnu instalaciju.<\/p>\n<p>Klju\u010dne zna\u010dajke:<\/p>\n<p>&#8211; Originalna Lenovo zamjena: Osigurajte kompatibilnost i pouzdanost s autenti\u010dnim zamjenskim dijelom.<\/p>\n<p>&#8211; Jednostavna instalacija: Nadogradite izgled svog prijenosnog ra\u010dunala bez napora jednostavnom instalacijom.<\/p>\n<p>&#8211; Pobolj\u0161ana izdr\u017eljivost: za\u0161titite unutarnje komponente i pobolj\u0161ajte ukupnu izdr\u017eljivost va\u0161eg prijenosnog ra\u010dunala.<\/p>\n<p>&#8211; Elegantan dizajn: dodajte da\u0161ak sofisticiranosti va\u0161em ThinkPad T430s s ovim elegantnim vratima poklopca ku\u0107i\u0161ta.<\/p>\n<p>Nadogradite svoje prijenosno ra\u010dunalo Lenovo ThinkPad T430s danas s originalnim poklopcem ku\u0107i\u0161ta. Kupujte s povjerenjem, znaju\u0107i da ula\u017eete u kvalitetan zamjenski dio za svoj ure\u0111aj. Ako imate bilo kakvih pitanja ili trebate pomo\u0107, slobodno nas kontaktirajte. Tu smo da vam pomognemo pobolj\u0161ati funkcionalnost i izgled va\u0161eg prijenosnog ra\u010dunala.<\/p>\n","protected":false},"excerpt":{"rendered":"<p>Nadogradite svoj Lenovo ThinkPad T430s s ovim originalnim poklopcem ku\u0107i\u0161ta. Jednostavan za instalaciju i kompatibilan s brojem dijela 60.4QZ20.001. Pobolj\u0161ajte izgled svog laptopa ve\u0107 danas!<\/p>\n","protected":false},"featured_media":24637,"template":"","meta":[],"product_brand":[],"product_cat":[51],"product_tag":[61],"class_list":{"0":"post-24576","1":"product","2":"type-product","3":"status-publish","4":"has-post-thumbnail","6":"product_cat-laptop-housing","7":"product_tag-lenovo","9":"first","10":"instock","11":"taxable","12":"shipping-taxable","13":"purchasable","14":"product-type-simple"},"_links":{"self":[{"href":"https:\/\/boreait.com\/hr\/wp-json\/wp\/v2\/product\/24576","targetHints":{"allow":["GET"]}}],"collection":[{"href":"https:\/\/boreait.com\/hr\/wp-json\/wp\/v2\/product"}],"about":[{"href":"https:\/\/boreait.com\/hr\/wp-json\/wp\/v2\/types\/product"}],"wp:featuredmedia":[{"embeddable":true,"href":"https:\/\/boreait.com\/hr\/wp-json\/wp\/v2\/media\/24637"}],"wp:attachment":[{"href":"https:\/\/boreait.com\/hr\/wp-json\/wp\/v2\/media?parent=24576"}],"wp:term":[{"taxonomy":"product_brand","embeddable":true,"href":"https:\/\/boreait.com\/hr\/wp-json\/wp\/v2\/product_brand?post=24576"},{"taxonomy":"product_cat","embeddable":true,"href":"https:\/\/boreait.com\/hr\/wp-json\/wp\/v2\/product_cat?post=24576"},{"taxonomy":"product_tag","embeddable":true,"href":"https:\/\/boreait.com\/hr\/wp-json\/wp\/v2\/product_tag?post=24576"}],"curies":[{"name":"wp","href":"https:\/\/api.w.org\/{rel}","templated":true}]}}