{"id":24569,"date":"2025-07-25T12:26:49","date_gmt":"2025-07-25T12:26:49","guid":{"rendered":"https:\/\/boreait.com\/hr\/?post_type=product&#038;p=24569"},"modified":"2025-07-25T12:27:34","modified_gmt":"2025-07-25T12:27:34","slug":"au-optronics-b150xg07-v-5-v5-v-6-v6-v-7-v7-lcd-zaslon-laptop-15-xga","status":"publish","type":"product","link":"https:\/\/boreait.com\/hr\/product\/au-optronics-b150xg07-v-5-v5-v-6-v6-v-7-v7-lcd-zaslon-laptop-15-xga\/","title":{"rendered":"AU OPTRONICS B150XG07 V.5 V5 V.6 V6 V.7 V7 LCD ZASLON LAPTOP 15 XGA"},"content":{"rendered":"<p><strong>Veli\u010dina:\u00a0<\/strong>15\u201d (dijagonalno vidljivo podru\u010dje)<\/p>\n<p><strong>Zavr\u0161na obrada:\u00a0<\/strong>sjajna<\/p>\n<p><strong>Razlu\u010divost:\u00a0<\/strong>1024 x 768 &#8211; XGA<\/p>\n<p><strong>Vrsta konektora:\u00a0<\/strong>30 Pin, gore desno, LVDS-30P1C6B-030C<\/p>\n<p><strong>Vrsta pozadinskog osvjetljenja:\u00a0<\/strong>CCFL<\/p>\n<p>Model:\u00a0b150xg07 v.5<\/p>\n<p>Pobolj\u0161ajte vizualno iskustvo svog prijenosnog ra\u010dunala s LCD ZASLONOM PRIJENOSNOG RA\u010cUNALA AU OPTRONICS B150XG07 V.5 V6 V.7. Izra\u0111en za kompatibilnost i jasno\u0107u, ovaj 15&#8243; XGA zamjenski zaslon pru\u017ea \u017eivopisne slike i jasne detalje za pobolj\u0161ano iskustvo gledanja.<\/p>\n<p>Klju\u010dne zna\u010dajke:<\/p>\n<p>&#8211; Kompatibilnost: kompatibilan s razli\u010ditim modelima prijenosnih ra\u010dunala za svestranu upotrebu.<\/p>\n<p>&#8211; \u017divopisne slike: u\u017eivajte u \u017eivopisnim bojama i o\u0161trim detaljima uz ovu visokokvalitetnu zamjenu za LCD zaslon.<\/p>\n<p>&#8211; Jednostavna instalacija: Nadogradite zaslon prijenosnog ra\u010dunala bez napora jednostavnom instalacijom.<\/p>\n<p>&#8211; Pobolj\u0161ano iskustvo gledanja: pobolj\u0161ajte svoje vizualno iskustvo s pobolj\u0161anom jasno\u0107om i svjetlinom.<\/p>\n<p>Nadogradite svoje prijenosno ra\u010dunalo danas s AU OPTRONICS B150XG07 V.5 V6 V.7 LCD ZASLONOM PRIJENOSNOG RA\u010cUNALA. Kupujte s povjerenjem, znaju\u0107i da ula\u017eete u kvalitetan zamjenski dio za svoj ure\u0111aj. Ako imate bilo kakvih pitanja ili trebate pomo\u0107, slobodno nas kontaktirajte. Tu smo da vam pomognemo pobolj\u0161ati zaslon va\u0161eg prijenosnog ra\u010dunala.<\/p>\n","protected":false},"excerpt":{"rendered":"<p>Nadogradite zaslon svog prijenosnog ra\u010dunala ovim AU OPTRONICS B150XG07 V.5 V6 V.7 LCD ZASLONOM ZA PRIJENOSNO RA\u010cUNOVODSTVO. Kompatibilan s razli\u010ditim modelima, ovaj zamjenski zaslon od 15&#8243; XGA osigurava \u017eivopisne slike za pobolj\u0161ano iskustvo gledanja. Nadogradite zaslon svog prijenosnog ra\u010dunala danas!<\/p>\n<p><strong>Veli\u010dina:\u00a0<\/strong>15\u201d (dijagonalno vidljivo podru\u010dje)<\/p>\n<p><strong>Zavr\u0161na obrada:\u00a0<\/strong>sjajna<\/p>\n<p><strong>Razlu\u010divost:\u00a0<\/strong>1024 x 768 &#8211; XGA<\/p>\n<p><strong>Vrsta konektora:\u00a0<\/strong>30 Pin, gore desno, LVDS-30P1C6B-030C<\/p>\n<p><strong>Vrsta pozadinskog osvjetljenja:\u00a0<\/strong>CCFL<\/p>\n<p>Model:\u00a0b150xg07 v.5<\/p>\n","protected":false},"featured_media":24620,"template":"","meta":[],"product_brand":[],"product_cat":[99,56],"product_tag":[],"class_list":{"0":"post-24569","1":"product","2":"type-product","3":"status-publish","4":"has-post-thumbnail","6":"product_cat-99","7":"product_cat-laptop-screens-lcd-panels","9":"first","10":"instock","11":"taxable","12":"shipping-taxable","13":"purchasable","14":"product-type-simple"},"_links":{"self":[{"href":"https:\/\/boreait.com\/hr\/wp-json\/wp\/v2\/product\/24569","targetHints":{"allow":["GET"]}}],"collection":[{"href":"https:\/\/boreait.com\/hr\/wp-json\/wp\/v2\/product"}],"about":[{"href":"https:\/\/boreait.com\/hr\/wp-json\/wp\/v2\/types\/product"}],"wp:featuredmedia":[{"embeddable":true,"href":"https:\/\/boreait.com\/hr\/wp-json\/wp\/v2\/media\/24620"}],"wp:attachment":[{"href":"https:\/\/boreait.com\/hr\/wp-json\/wp\/v2\/media?parent=24569"}],"wp:term":[{"taxonomy":"product_brand","embeddable":true,"href":"https:\/\/boreait.com\/hr\/wp-json\/wp\/v2\/product_brand?post=24569"},{"taxonomy":"product_cat","embeddable":true,"href":"https:\/\/boreait.com\/hr\/wp-json\/wp\/v2\/product_cat?post=24569"},{"taxonomy":"product_tag","embeddable":true,"href":"https:\/\/boreait.com\/hr\/wp-json\/wp\/v2\/product_tag?post=24569"}],"curies":[{"name":"wp","href":"https:\/\/api.w.org\/{rel}","templated":true}]}}