{"id":24567,"date":"2025-07-25T12:26:49","date_gmt":"2025-07-25T12:26:49","guid":{"rendered":"https:\/\/boreait.com\/hr\/?post_type=product&#038;p=24567"},"modified":"2025-07-25T12:27:29","modified_gmt":"2025-07-25T12:27:29","slug":"originalni-fujitsu-lifebook-u745-14-usb-audio-citac-ploca-w-kabel-cp670085-z2","status":"publish","type":"product","link":"https:\/\/boreait.com\/hr\/product\/originalni-fujitsu-lifebook-u745-14-usb-audio-citac-ploca-w-kabel-cp670085-z2\/","title":{"rendered":"Originalni Fujitsu Lifebook U745 14 USB audio \u010dita\u010d plo\u010da W kabel Cp670085-z2"},"content":{"rendered":"<p>Nadogradite funkcionalnost svog Fujitsu Lifebook U745 s originalnom USB audio \u010dita\u010d plo\u010dom, broj dijela Cp670085-z2. Izra\u0111en za kompatibilnost i pouzdanost, ovaj autenti\u010dni zamjenski dio osigurava besprijekornu integraciju i jednostavnu instalaciju.<\/p>\n<p>Klju\u010dne zna\u010dajke:<\/p>\n<p>&#8211; Originalna zamjena Fujitsu: Osigurajte kompatibilnost i pouzdanost s autenti\u010dnim zamjenskim dijelom.<\/p>\n<p>&#8211; Jednostavna instalacija: Nadogradite svoj ure\u0111aj bez napora jednostavnom instalacijom.<\/p>\n<p>&#8211; Pobolj\u0161ana funkcionalnost: pobolj\u0161ajte audio mogu\u0107nosti svog prijenosnog ra\u010dunala za pobolj\u0161ano multimedijsko iskustvo.<\/p>\n<p>&#8211; Izdr\u017eljiva konstrukcija: Izra\u0111ena da izdr\u017ei upotrebu, osiguravaju\u0107i dugovje\u010dnost i pouzdanost.<\/p>\n<p>Nadogradite svoj Fujitsu Lifebook U745 danas s originalnom USB audio \u010dita\u010d plo\u010dom. Kupujte s povjerenjem, znaju\u0107i da ula\u017eete u kvalitetan zamjenski dio za svoj ure\u0111aj. Ako imate bilo kakvih pitanja ili trebate pomo\u0107, slobodno nas kontaktirajte. Ovdje smo da vam pomognemo pobolj\u0161ati funkcionalnost va\u0161eg ure\u0111aja.<\/p>\n","protected":false},"excerpt":{"rendered":"<p>Pobolj\u0161ajte funkcionalnost svog Fujitsu Lifebook U745 s ovom originalnom USB plo\u010dom za audio \u010dita\u010d. Jednostavan za instalaciju i kompatibilan s brojem dijela Cp670085-z2. Nadogradite svoj ure\u0111aj danas!<\/p>\n","protected":false},"featured_media":24617,"template":"","meta":[],"product_brand":[],"product_cat":[62],"product_tag":[63],"class_list":{"0":"post-24567","1":"product","2":"type-product","3":"status-publish","4":"has-post-thumbnail","6":"product_cat-motherboards-board-parts","7":"product_tag-fujitsu","9":"first","10":"instock","11":"taxable","12":"shipping-taxable","13":"purchasable","14":"product-type-simple"},"_links":{"self":[{"href":"https:\/\/boreait.com\/hr\/wp-json\/wp\/v2\/product\/24567","targetHints":{"allow":["GET"]}}],"collection":[{"href":"https:\/\/boreait.com\/hr\/wp-json\/wp\/v2\/product"}],"about":[{"href":"https:\/\/boreait.com\/hr\/wp-json\/wp\/v2\/types\/product"}],"wp:featuredmedia":[{"embeddable":true,"href":"https:\/\/boreait.com\/hr\/wp-json\/wp\/v2\/media\/24617"}],"wp:attachment":[{"href":"https:\/\/boreait.com\/hr\/wp-json\/wp\/v2\/media?parent=24567"}],"wp:term":[{"taxonomy":"product_brand","embeddable":true,"href":"https:\/\/boreait.com\/hr\/wp-json\/wp\/v2\/product_brand?post=24567"},{"taxonomy":"product_cat","embeddable":true,"href":"https:\/\/boreait.com\/hr\/wp-json\/wp\/v2\/product_cat?post=24567"},{"taxonomy":"product_tag","embeddable":true,"href":"https:\/\/boreait.com\/hr\/wp-json\/wp\/v2\/product_tag?post=24567"}],"curies":[{"name":"wp","href":"https:\/\/api.w.org\/{rel}","templated":true}]}}