{"id":24549,"date":"2025-07-25T12:26:28","date_gmt":"2025-07-25T12:26:28","guid":{"rendered":"https:\/\/boreait.com\/hr\/?post_type=product&#038;p=24549"},"modified":"2025-07-25T12:27:24","modified_gmt":"2025-07-25T12:27:24","slug":"14kbbd-dell-latitude-14-rugged-extreme-7404-14-rugged-5404-5414-spojna-ploca-tipkovnice","status":"publish","type":"product","link":"https:\/\/boreait.com\/hr\/product\/14kbbd-dell-latitude-14-rugged-extreme-7404-14-rugged-5404-5414-spojna-ploca-tipkovnice\/","title":{"rendered":"14KBBD \u2013 Dell Latitude 14 Rugged Extreme (7404) 14 Rugged (5404 5414) spojna plo\u010da tipkovnice"},"content":{"rendered":"<p>Pobolj\u0161ajte funkcionalnost svog prijenosnog ra\u010dunala Dell Latitude 14 Rugged Extreme (7404) \/ 14 Rugged (5404 \/ 5414) s originalnom spojnom plo\u010dom tipkovnice, broj dijela 14KBBD. Izra\u0111en za izdr\u017eljivost i kompatibilnost, ovaj autenti\u010dni zamjenski dio osigurava pouzdan rad i jednostavnu instalaciju.<\/p>\n<p>Klju\u010dne zna\u010dajke:<\/p>\n<p>&#8211; Originalna Dell zamjena: Osigurajte kompatibilnost i pouzdanost s autenti\u010dnim zamjenskim dijelom.<\/p>\n<p>&#8211; Jednostavna instalacija: Nadogradite funkcionalnost svog ure\u0111aja bez napora jednostavnom instalacijom.<\/p>\n<p>&#8211; Pobolj\u0161ana izvedba: Pobolj\u0161ajte izvedbu tipkovnice prijenosnog ra\u010dunala s ovom tiskanom plo\u010dom.<\/p>\n<p>&#8211; Izdr\u017eljiva konstrukcija: Napravljena da izdr\u017ei robusnu upotrebu, osiguravaju\u0107i dugovje\u010dnost i pouzdanost.<\/p>\n<p>Nadogradite svoje prijenosno ra\u010dunalo Dell Latitude 14 Rugged Extreme (7404) \/ 14 Rugged (5404 \/ 5414) danas s originalnom spojnom plo\u010dom tipkovnice. Kupujte s povjerenjem, znaju\u0107i da ula\u017eete u kvalitetan zamjenski dio za svoj ure\u0111aj. Ako imate bilo kakvih pitanja ili trebate pomo\u0107, slobodno nas kontaktirajte. Ovdje smo da vam pomognemo pobolj\u0161ati funkcionalnost va\u0161eg ure\u0111aja.<\/p>\n","protected":false},"excerpt":{"rendered":"<p>Nadogradite svoje prijenosno ra\u010dunalo Dell Latitude 14 Rugged Extreme (7404) \/ 14 Rugged (5404 \/ 5414) s ovom originalnom spojnom plo\u010dom tipkovnice. Jednostavan za instalaciju i kompatibilan s brojem dijela 14KBBD. Pobolj\u0161ajte funkcionalnost svog ure\u0111aja danas!<\/p>\n","protected":false},"featured_media":24615,"template":"","meta":[],"product_brand":[],"product_cat":[62],"product_tag":[52],"class_list":{"0":"post-24549","1":"product","2":"type-product","3":"status-publish","4":"has-post-thumbnail","6":"product_cat-motherboards-board-parts","7":"product_tag-dell","9":"first","10":"instock","11":"taxable","12":"shipping-taxable","13":"purchasable","14":"product-type-simple"},"_links":{"self":[{"href":"https:\/\/boreait.com\/hr\/wp-json\/wp\/v2\/product\/24549","targetHints":{"allow":["GET"]}}],"collection":[{"href":"https:\/\/boreait.com\/hr\/wp-json\/wp\/v2\/product"}],"about":[{"href":"https:\/\/boreait.com\/hr\/wp-json\/wp\/v2\/types\/product"}],"wp:featuredmedia":[{"embeddable":true,"href":"https:\/\/boreait.com\/hr\/wp-json\/wp\/v2\/media\/24615"}],"wp:attachment":[{"href":"https:\/\/boreait.com\/hr\/wp-json\/wp\/v2\/media?parent=24549"}],"wp:term":[{"taxonomy":"product_brand","embeddable":true,"href":"https:\/\/boreait.com\/hr\/wp-json\/wp\/v2\/product_brand?post=24549"},{"taxonomy":"product_cat","embeddable":true,"href":"https:\/\/boreait.com\/hr\/wp-json\/wp\/v2\/product_cat?post=24549"},{"taxonomy":"product_tag","embeddable":true,"href":"https:\/\/boreait.com\/hr\/wp-json\/wp\/v2\/product_tag?post=24549"}],"curies":[{"name":"wp","href":"https:\/\/api.w.org\/{rel}","templated":true}]}}