{"id":24548,"date":"2025-07-25T12:26:28","date_gmt":"2025-07-25T12:26:28","guid":{"rendered":"https:\/\/boreait.com\/hr\/?post_type=product&#038;p=24548"},"modified":"2026-01-27T10:05:26","modified_gmt":"2026-01-27T10:05:26","slug":"originalni-dell-latitude-14-7404-rugged-extreme-dock-modul-s-kabelom-0800-0g04b00","status":"publish","type":"product","link":"https:\/\/boreait.com\/hr\/product\/originalni-dell-latitude-14-7404-rugged-extreme-dock-modul-s-kabelom-0800-0g04b00\/","title":{"rendered":"Originalni Dell Latitude 14 7404 Rugged Extreme Dock modul s kabelom 0800-0G04B00"},"content":{"rendered":"<p>Pobolj\u0161ajte povezivost svog prijenosnog ra\u010dunala Dell Latitude 14 7404 Rugged Extreme s originalnim Dock modulom i kabelom, broj dijela 0800-0G04B00. Izra\u0111en za izdr\u017eljivost i kompatibilnost, ovaj autenti\u010dni zamjenski dio osigurava pouzdan rad i jednostavnu instalaciju.<\/p>\n<p>Klju\u010dne zna\u010dajke:<\/p>\n<p>&#8211; Originalna Dell zamjena: Osigurajte kompatibilnost i pouzdanost s autenti\u010dnim zamjenskim dijelom.<\/p>\n<p>&#8211; Jednostavna instalacija: Nadogradite povezivost svog ure\u0111aja bez napora jednostavnom instalacijom.<\/p>\n<p>&#8211; Pobolj\u0161ana povezivost: pove\u0107ajte mogu\u0107nosti povezivanja prijenosnog ra\u010dunala za pobolj\u0161anu funkcionalnost.<\/p>\n<p>&#8211; Izdr\u017eljiva konstrukcija: Napravljena da izdr\u017ei robusnu upotrebu, osiguravaju\u0107i dugovje\u010dnost i pouzdanost.<\/p>\n<p>Nadogradite svoje prijenosno ra\u010dunalo Dell Latitude 14 7404 Rugged Extreme danas s originalnim Dock modulom i kabelom. Kupujte s povjerenjem, znaju\u0107i da ula\u017eete u kvalitetan zamjenski dio za svoj ure\u0111aj. Ako imate bilo kakvih pitanja ili trebate pomo\u0107, slobodno nas kontaktirajte. Ovdje smo da vam pomognemo pobolj\u0161ati funkcionalnost va\u0161eg ure\u0111aja.<\/p>\n","protected":false},"excerpt":{"rendered":"<p>Pobolj\u0161ajte povezivost svog Dell Latitude 14 7404 Rugged Extreme s ovim originalnim Dock modulom i kabelom. Jednostavan za instalaciju i kompatibilan s brojem dijela 0800-0G04B00. Nadogradite povezivost svog ure\u0111aja danas!<\/p>\n","protected":false},"featured_media":24614,"template":"","meta":[],"product_brand":[],"product_cat":[62],"product_tag":[52],"class_list":{"0":"post-24548","1":"product","2":"type-product","3":"status-publish","4":"has-post-thumbnail","6":"product_cat-motherboards-board-parts","7":"product_tag-dell","9":"first","10":"instock","11":"taxable","12":"shipping-taxable","13":"purchasable","14":"product-type-simple"},"_links":{"self":[{"href":"https:\/\/boreait.com\/hr\/wp-json\/wp\/v2\/product\/24548","targetHints":{"allow":["GET"]}}],"collection":[{"href":"https:\/\/boreait.com\/hr\/wp-json\/wp\/v2\/product"}],"about":[{"href":"https:\/\/boreait.com\/hr\/wp-json\/wp\/v2\/types\/product"}],"wp:featuredmedia":[{"embeddable":true,"href":"https:\/\/boreait.com\/hr\/wp-json\/wp\/v2\/media\/24614"}],"wp:attachment":[{"href":"https:\/\/boreait.com\/hr\/wp-json\/wp\/v2\/media?parent=24548"}],"wp:term":[{"taxonomy":"product_brand","embeddable":true,"href":"https:\/\/boreait.com\/hr\/wp-json\/wp\/v2\/product_brand?post=24548"},{"taxonomy":"product_cat","embeddable":true,"href":"https:\/\/boreait.com\/hr\/wp-json\/wp\/v2\/product_cat?post=24548"},{"taxonomy":"product_tag","embeddable":true,"href":"https:\/\/boreait.com\/hr\/wp-json\/wp\/v2\/product_tag?post=24548"}],"curies":[{"name":"wp","href":"https:\/\/api.w.org\/{rel}","templated":true}]}}