{"id":24546,"date":"2025-07-25T12:26:28","date_gmt":"2025-07-25T12:26:28","guid":{"rendered":"https:\/\/boreait.com\/hr\/?post_type=product&#038;p=24546"},"modified":"2025-07-25T12:27:15","modified_gmt":"2025-07-25T12:27:15","slug":"latitude-14-7404-xfr-crni-poklopac-oslonca-za-rukuotisak-prsta-ytthh-0ytthh","status":"publish","type":"product","link":"https:\/\/boreait.com\/hr\/product\/latitude-14-7404-xfr-crni-poklopac-oslonca-za-rukuotisak-prsta-ytthh-0ytthh\/","title":{"rendered":"Latitude 14 7404 XFR crni poklopac oslonca za ruku+otisak prsta YTTHH 0YTTHH"},"content":{"rendered":"<p>Unaprijedite izgled i sigurnost svog Latitude 14 7404 XFR s originalnom crnom maskom za oslonac za ruku s \u010dita\u010dem otisaka prstiju, broj dijela YTTHH 0YTTHH. Izra\u0111en za izdr\u017eljivost i funkcionalnost, ovaj autenti\u010dni zamjenski dio osigurava pobolj\u0161anu estetiku i napredne sigurnosne zna\u010dajke.<\/p>\n<p>Klju\u010dne zna\u010dajke:<\/p>\n<p>&#8211; Originalna Dell zamjena: Osigurajte kompatibilnost i pouzdanost s autenti\u010dnim zamjenskim dijelom.<\/p>\n<p>&#8211; Pobolj\u0161ani izgled: Transformirajte izgled va\u0161eg Latitude 14 7404 XFR s ovom elegantnom crnom maskom za oslonac za dlan.<\/p>\n<p>&#8211; Pobolj\u0161ana sigurnost: Za\u0161titite svoj ure\u0111aj integriranim \u010dita\u010dem otiska prsta za pobolj\u0161ane sigurnosne mjere.<\/p>\n<p>&#8211; Jednostavna instalacija: Nadogradite svoj ure\u0111aj bez napora jednostavnom instalacijom.<\/p>\n<p>Nadogradite svoj Latitude 14 7404 XFR danas originalnom crnom maskom za oslonac za dlan s \u010dita\u010dem otisaka prstiju. Kupujte s povjerenjem, znaju\u0107i da ula\u017eete u kvalitetan zamjenski dio za svoj ure\u0111aj. Ako imate bilo kakvih pitanja ili trebate pomo\u0107, slobodno nas kontaktirajte. Ovdje smo da vam pomognemo pobolj\u0161ati izgled i sigurnost va\u0161eg ure\u0111aja.<\/p>\n","protected":false},"excerpt":{"rendered":"<p>Pobolj\u0161ajte izgled i sigurnost svog Latitude 14 7404 XFR s ovom originalnom crnom maskom za oslonac za dlan s \u010dita\u010dem otiska prsta. Kompatibilan s brojem dijela YTTHH 0YTTHH. Nadogradite svoj ure\u0111aj danas!<\/p>\n","protected":false},"featured_media":24610,"template":"","meta":[],"product_brand":[],"product_cat":[51],"product_tag":[52],"class_list":{"0":"post-24546","1":"product","2":"type-product","3":"status-publish","4":"has-post-thumbnail","6":"product_cat-laptop-housing","7":"product_tag-dell","9":"first","10":"instock","11":"taxable","12":"shipping-taxable","13":"purchasable","14":"product-type-simple"},"_links":{"self":[{"href":"https:\/\/boreait.com\/hr\/wp-json\/wp\/v2\/product\/24546","targetHints":{"allow":["GET"]}}],"collection":[{"href":"https:\/\/boreait.com\/hr\/wp-json\/wp\/v2\/product"}],"about":[{"href":"https:\/\/boreait.com\/hr\/wp-json\/wp\/v2\/types\/product"}],"wp:featuredmedia":[{"embeddable":true,"href":"https:\/\/boreait.com\/hr\/wp-json\/wp\/v2\/media\/24610"}],"wp:attachment":[{"href":"https:\/\/boreait.com\/hr\/wp-json\/wp\/v2\/media?parent=24546"}],"wp:term":[{"taxonomy":"product_brand","embeddable":true,"href":"https:\/\/boreait.com\/hr\/wp-json\/wp\/v2\/product_brand?post=24546"},{"taxonomy":"product_cat","embeddable":true,"href":"https:\/\/boreait.com\/hr\/wp-json\/wp\/v2\/product_cat?post=24546"},{"taxonomy":"product_tag","embeddable":true,"href":"https:\/\/boreait.com\/hr\/wp-json\/wp\/v2\/product_tag?post=24546"}],"curies":[{"name":"wp","href":"https:\/\/api.w.org\/{rel}","templated":true}]}}