{"id":24543,"date":"2025-07-25T12:26:28","date_gmt":"2025-07-25T12:26:28","guid":{"rendered":"https:\/\/boreait.com\/hr\/?post_type=product&#038;p=24543"},"modified":"2026-01-27T10:05:10","modified_gmt":"2026-01-27T10:05:10","slug":"oem-dell-latitude-14-7404-xfr-zasun-za-zakljucavanje-baterije-chb02-ytthh","status":"publish","type":"product","link":"https:\/\/boreait.com\/hr\/product\/oem-dell-latitude-14-7404-xfr-zasun-za-zakljucavanje-baterije-chb02-ytthh\/","title":{"rendered":"OEM Dell Latitude 14 7404 XFR ZASUN ZA ZAKLJU\u010cAVANJE BATERIJE CHB02 YTTHH"},"content":{"rendered":"<p>Pobolj\u0161ajte sigurnost i pouzdanost svog prijenosnog ra\u010dunala Dell Latitude 14 7404 XFR s OEM zasunom za zaklju\u010davanje baterije CHB02 YTTHH. Izra\u0111en za preciznost i izdr\u017eljivost, ovaj originalni Dell zamjenski dio osigurava sigurno postavljanje baterije va\u0161eg prijenosnog ra\u010dunala.<\/p>\n<p>Klju\u010dne zna\u010dajke:<\/p>\n<p>&#8211; OEM Dell zamjena: Osigurajte kompatibilnost i pouzdanost s autenti\u010dnim OEM zamjenskim dijelom.<\/p>\n<p>&#8211; Sigurno postavljanje baterije: Sprije\u010dite slu\u010dajno izbacivanje ili o\u0161te\u0107enje baterije prijenosnog ra\u010dunala pomo\u0107u ovog zasuna za zaklju\u010davanje.<\/p>\n<p>&#8211; Jednostavna instalacija: Nadogradite sigurnost svog prijenosnog ra\u010dunala bez napora jednostavnom instalacijom.<\/p>\n<p>&#8211; Pobolj\u0161ana pouzdanost: Budite mirni znaju\u0107i da je baterija va\u0161eg prijenosnog ra\u010dunala sigurno zaklju\u010dana na mjestu.<\/p>\n<p>Nadogradite svoje prijenosno ra\u010dunalo Dell Latitude 14 7404 XFR danas pomo\u0107u OEM zasuna za zaklju\u010davanje baterije. Kupujte s povjerenjem, znaju\u0107i da ula\u017eete u kvalitetan zamjenski dio za svoj ure\u0111aj. Ako imate bilo kakvih pitanja ili trebate pomo\u0107, slobodno nas kontaktirajte. Ovdje smo da vam pomognemo pobolj\u0161ati sigurnost i pouzdanost va\u0161eg prijenosnog ra\u010dunala.<\/p>\n","protected":false},"excerpt":{"rendered":"<p>Osigurajte sigurno postavljanje baterije za svoj Dell Latitude 14 7404 XFR pomo\u0107u ovog OEM zasuna za zaklju\u010davanje baterije CHB02 YTTHH. Nadogradite pouzdanost svog prijenosnog ra\u010dunala danas!<\/p>\n","protected":false},"featured_media":24591,"template":"","meta":[],"product_brand":[],"product_cat":[51],"product_tag":[52],"class_list":{"0":"post-24543","1":"product","2":"type-product","3":"status-publish","4":"has-post-thumbnail","6":"product_cat-laptop-housing","7":"product_tag-dell","9":"first","10":"instock","11":"taxable","12":"shipping-taxable","13":"purchasable","14":"product-type-simple"},"_links":{"self":[{"href":"https:\/\/boreait.com\/hr\/wp-json\/wp\/v2\/product\/24543","targetHints":{"allow":["GET"]}}],"collection":[{"href":"https:\/\/boreait.com\/hr\/wp-json\/wp\/v2\/product"}],"about":[{"href":"https:\/\/boreait.com\/hr\/wp-json\/wp\/v2\/types\/product"}],"wp:featuredmedia":[{"embeddable":true,"href":"https:\/\/boreait.com\/hr\/wp-json\/wp\/v2\/media\/24591"}],"wp:attachment":[{"href":"https:\/\/boreait.com\/hr\/wp-json\/wp\/v2\/media?parent=24543"}],"wp:term":[{"taxonomy":"product_brand","embeddable":true,"href":"https:\/\/boreait.com\/hr\/wp-json\/wp\/v2\/product_brand?post=24543"},{"taxonomy":"product_cat","embeddable":true,"href":"https:\/\/boreait.com\/hr\/wp-json\/wp\/v2\/product_cat?post=24543"},{"taxonomy":"product_tag","embeddable":true,"href":"https:\/\/boreait.com\/hr\/wp-json\/wp\/v2\/product_tag?post=24543"}],"curies":[{"name":"wp","href":"https:\/\/api.w.org\/{rel}","templated":true}]}}