{"id":24538,"date":"2025-07-25T12:26:27","date_gmt":"2025-07-25T12:26:27","guid":{"rendered":"https:\/\/boreait.com\/hr\/?post_type=product&#038;p=24538"},"modified":"2025-07-25T12:26:57","modified_gmt":"2025-07-25T12:26:57","slug":"dell-latitude-14-7404-rugged-7404sdcvr-a-preklop","status":"publish","type":"product","link":"https:\/\/boreait.com\/hr\/product\/dell-latitude-14-7404-rugged-7404sdcvr-a-preklop\/","title":{"rendered":"DELL Latitude 14 7404 Rugged 7404SDCVR A preklop"},"content":{"rendered":"<p>Za\u0161titite svoje prijenosno ra\u010dunalo DELL Latitude 14 7404 Rugged s originalnim 7404SDCVR A poklopcem. Dizajniran za izdr\u017eljivost i kompatibilnost, ovaj autenti\u010dni zamjenski dio osigurava pouzdan rad i jednostavnu instalaciju.<\/p>\n<p>Klju\u010dne zna\u010dajke:<\/p>\n<p>&#8211; Originalna DELL zamjena: Osigurajte kompatibilnost i pouzdanost s autenti\u010dnim zamjenskim dijelom.<\/p>\n<p>&#8211; Jednostavna instalacija: jednostavnom instalacijom nadogradite izdr\u017eljivost svog ure\u0111aja.<\/p>\n<p>&#8211; \u010cvrsta za\u0161tita: za\u0161titite svoje prijenosno ra\u010dunalo od tro\u0161enja i habanja s ovim \u010dvrstim poklopcem.<\/p>\n<p>&#8211; Izdr\u017eljiva konstrukcija: Napravljena da izdr\u017ei robusnu upotrebu, osiguravaju\u0107i dugovje\u010dnost i pouzdanost.<\/p>\n<p>Nadogradite svoje DELL Latitude 14 7404 Rugged prijenosno ra\u010dunalo danas s originalnim 7404SDCVR A poklopcem. Kupujte s povjerenjem, znaju\u0107i da ula\u017eete u kvalitetan zamjenski dio za svoj ure\u0111aj. Ako imate bilo kakvih pitanja ili trebate pomo\u0107, slobodno nas kontaktirajte. Ovdje smo da vam pomognemo pove\u0107ati izdr\u017eljivost va\u0161eg ure\u0111aja.<\/p>\n","protected":false},"excerpt":{"rendered":"<p>Pove\u0107ajte izdr\u017eljivost svog DELL Latitude 14 7404 Rugged s ovim originalnim 7404SDCVR A poklopcem. Jednostavan za postavljanje i izra\u0111en za robusnu upotrebu, ovaj poklopac osigurava za\u0161titu za va\u0161 ure\u0111aj. Nadogradite robusnost svog prijenosnog ra\u010dunala danas!<\/p>\n","protected":false},"featured_media":24586,"template":"","meta":[],"product_brand":[],"product_cat":[51],"product_tag":[52],"class_list":{"0":"post-24538","1":"product","2":"type-product","3":"status-publish","4":"has-post-thumbnail","6":"product_cat-laptop-housing","7":"product_tag-dell","9":"first","10":"instock","11":"taxable","12":"shipping-taxable","13":"purchasable","14":"product-type-simple"},"_links":{"self":[{"href":"https:\/\/boreait.com\/hr\/wp-json\/wp\/v2\/product\/24538","targetHints":{"allow":["GET"]}}],"collection":[{"href":"https:\/\/boreait.com\/hr\/wp-json\/wp\/v2\/product"}],"about":[{"href":"https:\/\/boreait.com\/hr\/wp-json\/wp\/v2\/types\/product"}],"wp:featuredmedia":[{"embeddable":true,"href":"https:\/\/boreait.com\/hr\/wp-json\/wp\/v2\/media\/24586"}],"wp:attachment":[{"href":"https:\/\/boreait.com\/hr\/wp-json\/wp\/v2\/media?parent=24538"}],"wp:term":[{"taxonomy":"product_brand","embeddable":true,"href":"https:\/\/boreait.com\/hr\/wp-json\/wp\/v2\/product_brand?post=24538"},{"taxonomy":"product_cat","embeddable":true,"href":"https:\/\/boreait.com\/hr\/wp-json\/wp\/v2\/product_cat?post=24538"},{"taxonomy":"product_tag","embeddable":true,"href":"https:\/\/boreait.com\/hr\/wp-json\/wp\/v2\/product_tag?post=24538"}],"curies":[{"name":"wp","href":"https:\/\/api.w.org\/{rel}","templated":true}]}}