{"id":24517,"date":"2025-07-25T12:26:04","date_gmt":"2025-07-25T12:26:04","guid":{"rendered":"https:\/\/boreait.com\/hr\/?post_type=product&#038;p=24517"},"modified":"2025-07-25T12:26:56","modified_gmt":"2025-07-25T12:26:56","slug":"originalni-poklopac-vratasca-za-pristup-kartici-za-dell-latitude-7404-rugged-p0h61-0p0h61","status":"publish","type":"product","link":"https:\/\/boreait.com\/hr\/product\/originalni-poklopac-vratasca-za-pristup-kartici-za-dell-latitude-7404-rugged-p0h61-0p0h61\/","title":{"rendered":"Originalni poklopac vrata\u0161ca za pristup kartici za Dell Latitude 7404 Rugged P0H61 \/ 0P0H61"},"content":{"rendered":"<p>Nadogradite pristupa\u010dnost svog prijenosnog ra\u010dunala Dell Latitude 7404 Rugged s originalnim poklopcem vrata\u0161ca za pristup kartici, broj dijela P0H61 \/ 0P0H61. Izra\u0111en za izdr\u017eljivost i kompatibilnost, ovaj autenti\u010dni zamjenski dio osigurava pouzdan rad i jednostavnu instalaciju.<\/p>\n<p>Klju\u010dne zna\u010dajke:<\/p>\n<p>&#8211; Originalna Dell zamjena: Osigurajte kompatibilnost i pouzdanost s autenti\u010dnim zamjenskim dijelom.<\/p>\n<p>&#8211; Jednostavna instalacija: jednostavnom instalacijom pobolj\u0161ajte pristupa\u010dnost svog ure\u0111aja.<\/p>\n<p>&#8211; Pobolj\u0161ana funkcionalnost: Pove\u0107ajte pristupa\u010dnost prijenosnog ra\u010dunala radi pobolj\u0161ane pogodnosti kori\u0161tenja.<\/p>\n<p>&#8211; Izdr\u017eljiva konstrukcija: Napravljena da izdr\u017ei robusnu upotrebu, osiguravaju\u0107i dugovje\u010dnost i pouzdanost.<\/p>\n<p>Nadogradite svoje prijenosno ra\u010dunalo Dell Latitude 7404 Rugged danas s originalnim poklopcem vrata\u0161ca za pristup kartici. Kupujte s povjerenjem, znaju\u0107i da ula\u017eete u kvalitetan zamjenski dio za svoj ure\u0111aj. Ako imate bilo kakvih pitanja ili trebate pomo\u0107, slobodno nas kontaktirajte. Ovdje smo da vam pomognemo pobolj\u0161ati funkcionalnost va\u0161eg ure\u0111aja.<\/p>\n","protected":false},"excerpt":{"rendered":"<p>Pobolj\u0161ajte pristupa\u010dnost svog Dell Latitude 7404 Rugged ovim originalnim poklopcem vrata\u0161ca za pristup kartici. Jednostavan za instalaciju i kompatibilan s brojem dijela P0H61 \/ 0P0H61. Pobolj\u0161ajte funkcionalnost svog ure\u0111aja danas!<\/p>\n","protected":false},"featured_media":24585,"template":"","meta":[],"product_brand":[],"product_cat":[51],"product_tag":[52],"class_list":{"0":"post-24517","1":"product","2":"type-product","3":"status-publish","4":"has-post-thumbnail","6":"product_cat-laptop-housing","7":"product_tag-dell","9":"first","10":"instock","11":"taxable","12":"shipping-taxable","13":"purchasable","14":"product-type-simple"},"_links":{"self":[{"href":"https:\/\/boreait.com\/hr\/wp-json\/wp\/v2\/product\/24517","targetHints":{"allow":["GET"]}}],"collection":[{"href":"https:\/\/boreait.com\/hr\/wp-json\/wp\/v2\/product"}],"about":[{"href":"https:\/\/boreait.com\/hr\/wp-json\/wp\/v2\/types\/product"}],"wp:featuredmedia":[{"embeddable":true,"href":"https:\/\/boreait.com\/hr\/wp-json\/wp\/v2\/media\/24585"}],"wp:attachment":[{"href":"https:\/\/boreait.com\/hr\/wp-json\/wp\/v2\/media?parent=24517"}],"wp:term":[{"taxonomy":"product_brand","embeddable":true,"href":"https:\/\/boreait.com\/hr\/wp-json\/wp\/v2\/product_brand?post=24517"},{"taxonomy":"product_cat","embeddable":true,"href":"https:\/\/boreait.com\/hr\/wp-json\/wp\/v2\/product_cat?post=24517"},{"taxonomy":"product_tag","embeddable":true,"href":"https:\/\/boreait.com\/hr\/wp-json\/wp\/v2\/product_tag?post=24517"}],"curies":[{"name":"wp","href":"https:\/\/api.w.org\/{rel}","templated":true}]}}