{"id":24515,"date":"2025-07-25T12:26:04","date_gmt":"2025-07-25T12:26:04","guid":{"rendered":"https:\/\/boreait.com\/hr\/?post_type=product&#038;p=24515"},"modified":"2026-01-27T10:04:36","modified_gmt":"2026-01-27T10:04:36","slug":"dell-latitude-14-7404-rugged-extreme-side-cover-door-serijski-com-vga-prikljucci-dijelovi-za-prijenosna-racunala-2","status":"publish","type":"product","link":"https:\/\/boreait.com\/hr\/product\/dell-latitude-14-7404-rugged-extreme-side-cover-door-serijski-com-vga-prikljucci-dijelovi-za-prijenosna-racunala-2\/","title":{"rendered":"Dell Latitude 14 7404 Rugged Extreme Side Cover Door Serijski COM VGA priklju\u010dci &#8211; dijelovi za prijenosna ra\u010dunala"},"content":{"rendered":"<p>Za\u0161titite svoj Dell Latitude 14 7404 Rugged Extreme od udaraca i udaraca s originalnim kutnim gumenim odbojnikom dizajniranim za STRA\u017dNJU DESNU stranu. Izra\u0111en za robusnu upotrebu, ovaj odbojnik pove\u0107ava izdr\u017eljivost va\u0161eg ure\u0111aja dok pru\u017ea dodatnu za\u0161titu.<\/p>\n<p>Klju\u010dne zna\u010dajke:<\/p>\n<p>&#8211; Originalna Dell zamjena: Osigurajte kompatibilnost i pouzdanost s autenti\u010dnim zamjenskim dijelom.<\/p>\n<p>&#8211; Robustan dizajn: Izra\u0111en da izdr\u017ei te\u0161ke uvjete i robusnu upotrebu, osiguravaju\u0107i dugovje\u010dnost i pouzdanost.<\/p>\n<p>&#8211; Jednostavna instalacija: jednostavnom instalacijom nadogradite izdr\u017eljivost svog ure\u0111aja.<\/p>\n<p>&#8211; Pobolj\u0161ana za\u0161tita: Za\u0161titite svoj ure\u0111aj od udaraca i udaraca, produ\u017euju\u0107i mu vijek trajanja.<\/p>\n<p>Nadogradite svoj Dell Latitude 14 7404 Rugged Extreme danas s originalnim kutnim gumenim odbojnikom. Kupujte s povjerenjem, znaju\u0107i da ula\u017eete u kvalitetan zamjenski dio za svoj ure\u0111aj. Ako imate bilo kakvih pitanja ili trebate pomo\u0107, slobodno nas kontaktirajte. Ovdje smo da vam pomognemo pove\u0107ati izdr\u017eljivost va\u0161eg ure\u0111aja.<\/p>\n","protected":false},"excerpt":{"rendered":"<p>Pove\u0107ajte izdr\u017eljivost svog Dell Latitude 14 7404 Rugged Extreme s ovim originalnim kutnim gumenim odbojnikom za STRA\u017dNJU DESNU stranu. Dizajniran za robusnu upotrebu, ovaj branik pru\u017ea dodatnu za\u0161titu od udaraca i udaraca. Nadogradite izdr\u017eljivost svog ure\u0111aja danas!<\/p>\n","protected":false},"featured_media":24583,"template":"","meta":[],"product_brand":[],"product_cat":[51],"product_tag":[52],"class_list":{"0":"post-24515","1":"product","2":"type-product","3":"status-publish","4":"has-post-thumbnail","6":"product_cat-laptop-housing","7":"product_tag-dell","9":"first","10":"instock","11":"taxable","12":"shipping-taxable","13":"purchasable","14":"product-type-simple"},"_links":{"self":[{"href":"https:\/\/boreait.com\/hr\/wp-json\/wp\/v2\/product\/24515","targetHints":{"allow":["GET"]}}],"collection":[{"href":"https:\/\/boreait.com\/hr\/wp-json\/wp\/v2\/product"}],"about":[{"href":"https:\/\/boreait.com\/hr\/wp-json\/wp\/v2\/types\/product"}],"wp:featuredmedia":[{"embeddable":true,"href":"https:\/\/boreait.com\/hr\/wp-json\/wp\/v2\/media\/24583"}],"wp:attachment":[{"href":"https:\/\/boreait.com\/hr\/wp-json\/wp\/v2\/media?parent=24515"}],"wp:term":[{"taxonomy":"product_brand","embeddable":true,"href":"https:\/\/boreait.com\/hr\/wp-json\/wp\/v2\/product_brand?post=24515"},{"taxonomy":"product_cat","embeddable":true,"href":"https:\/\/boreait.com\/hr\/wp-json\/wp\/v2\/product_cat?post=24515"},{"taxonomy":"product_tag","embeddable":true,"href":"https:\/\/boreait.com\/hr\/wp-json\/wp\/v2\/product_tag?post=24515"}],"curies":[{"name":"wp","href":"https:\/\/api.w.org\/{rel}","templated":true}]}}