{"id":24487,"date":"2025-07-25T12:25:40","date_gmt":"2025-07-25T12:25:40","guid":{"rendered":"https:\/\/boreait.com\/hr\/?post_type=product&#038;p=24487"},"modified":"2025-07-25T12:26:38","modified_gmt":"2025-07-25T12:26:38","slug":"straznji-poklopac-originalnog-lcd-prijenosnog-racunala-dell-latitude-12-rugged-7204-14vtt-014vtt-cn-014vtt","status":"publish","type":"product","link":"https:\/\/boreait.com\/hr\/product\/straznji-poklopac-originalnog-lcd-prijenosnog-racunala-dell-latitude-12-rugged-7204-14vtt-014vtt-cn-014vtt\/","title":{"rendered":"Stra\u017enji poklopac originalnog LCD prijenosnog ra\u010dunala Dell Latitude 12 Rugged 7204 14VTT 014VTT CN-014VTT"},"content":{"rendered":"<p>Pove\u0107ajte izdr\u017eljivost i estetiku svog prijenosnog ra\u010dunala Dell Latitude 12 Rugged 7204 s originalnim LCD stra\u017enjim poklopcem, broj dijela 14VTT 014VTT CN-014VTT. Izra\u0111en imaju\u0107i na umu preciznost i pouzdanost, ovaj autenti\u010dni zamjenski dio ne samo da pobolj\u0161ava izgled va\u0161eg prijenosnog ra\u010dunala, ve\u0107 tako\u0111er pru\u017ea dodatnu za\u0161titu LCD zaslonu.<\/p>\n<p>Klju\u010dne zna\u010dajke:<\/p>\n<p>&#8211; Originalna Dell zamjena: Osigurajte kompatibilnost i pouzdanost s autenti\u010dnim zamjenskim dijelom.<\/p>\n<p>&#8211; Jednostavna instalacija: Nadogradite izgled svog prijenosnog ra\u010dunala bez napora jednostavnom instalacijom.<\/p>\n<p>&#8211; Pobolj\u0161ana izdr\u017eljivost: Za\u0161titite LCD zaslon svog prijenosnog ra\u010dunala ovim \u010dvrstim stra\u017enjim poklopcem.<\/p>\n<p>&#8211; Elegantan dizajn: Pobolj\u0161ajte estetiku svog Dell Latitude 12 Rugged 7204 ovim elegantnim stra\u017enjim poklopcem.<\/p>\n<p>Nadogradite svoje prijenosno ra\u010dunalo Dell Latitude 12 Rugged 7204 danas s originalnim LCD stra\u017enjim poklopcem. Kupujte s povjerenjem, znaju\u0107i da ula\u017eete u kvalitetan zamjenski dio za svoj ure\u0111aj. Ako imate bilo kakvih pitanja ili trebate pomo\u0107, slobodno nas kontaktirajte. Ovdje smo da vam pomognemo pobolj\u0161ati izdr\u017eljivost i estetiku va\u0161eg ure\u0111aja.<\/p>\n","protected":false},"excerpt":{"rendered":"<p>Pobolj\u0161ajte izdr\u017eljivost i estetiku svog Dell Latitude 12 Rugged 7204 s ovim originalnim LCD stra\u017enjim poklopcem. Jednostavan za instalaciju i kompatibilan s brojem dijela 14VTT 014VTT CN-014VTT. Pobolj\u0161ajte izgled svog prijenosnog ra\u010dunala danas!<\/p>\n","protected":false},"featured_media":24553,"template":"","meta":[],"product_brand":[],"product_cat":[51],"product_tag":[52],"class_list":{"0":"post-24487","1":"product","2":"type-product","3":"status-publish","4":"has-post-thumbnail","6":"product_cat-laptop-housing","7":"product_tag-dell","9":"first","10":"instock","11":"taxable","12":"shipping-taxable","13":"purchasable","14":"product-type-simple"},"_links":{"self":[{"href":"https:\/\/boreait.com\/hr\/wp-json\/wp\/v2\/product\/24487","targetHints":{"allow":["GET"]}}],"collection":[{"href":"https:\/\/boreait.com\/hr\/wp-json\/wp\/v2\/product"}],"about":[{"href":"https:\/\/boreait.com\/hr\/wp-json\/wp\/v2\/types\/product"}],"wp:featuredmedia":[{"embeddable":true,"href":"https:\/\/boreait.com\/hr\/wp-json\/wp\/v2\/media\/24553"}],"wp:attachment":[{"href":"https:\/\/boreait.com\/hr\/wp-json\/wp\/v2\/media?parent=24487"}],"wp:term":[{"taxonomy":"product_brand","embeddable":true,"href":"https:\/\/boreait.com\/hr\/wp-json\/wp\/v2\/product_brand?post=24487"},{"taxonomy":"product_cat","embeddable":true,"href":"https:\/\/boreait.com\/hr\/wp-json\/wp\/v2\/product_cat?post=24487"},{"taxonomy":"product_tag","embeddable":true,"href":"https:\/\/boreait.com\/hr\/wp-json\/wp\/v2\/product_tag?post=24487"}],"curies":[{"name":"wp","href":"https:\/\/api.w.org\/{rel}","templated":true}]}}