{"id":24482,"date":"2025-07-25T12:25:40","date_gmt":"2025-07-25T12:25:40","guid":{"rendered":"https:\/\/boreait.com\/hr\/?post_type=product&#038;p=24482"},"modified":"2025-07-25T12:26:18","modified_gmt":"2025-07-25T12:26:18","slug":"originalna-dell-latitude-12-rugged-extreme-7204-usb-sd-kartica-cn-0md1p8","status":"publish","type":"product","link":"https:\/\/boreait.com\/hr\/product\/originalna-dell-latitude-12-rugged-extreme-7204-usb-sd-kartica-cn-0md1p8\/","title":{"rendered":"Originalna Dell Latitude 12 Rugged Extreme 7204 USB SD kartica CN-0MD1P8"},"content":{"rendered":"<p>Pobolj\u0161ajte povezivost svog Dell Latitude 12 Rugged Extreme 7204 s originalnim adapterom za USB SD karticu, broj dijela CN-0MD1P8. Izra\u0111en za izdr\u017eljivost i kompatibilnost, ovaj autenti\u010dni zamjenski dio osigurava pouzdan rad i jednostavnu instalaciju.<\/p>\n<p>Klju\u010dne zna\u010dajke:<\/p>\n<p>&#8211; Originalna Dell zamjena: Osigurajte kompatibilnost i pouzdanost s autenti\u010dnim zamjenskim dijelom.<\/p>\n<p>&#8211; Jednostavna instalacija: Nadogradite povezivost svog ure\u0111aja bez napora jednostavnom instalacijom.<\/p>\n<p>&#8211; Pobolj\u0161ana funkcionalnost: pove\u0107ajte mogu\u0107nosti povezivanja prijenosnog ra\u010dunala za pobolj\u0161anu funkcionalnost.<\/p>\n<p>&#8211; Izdr\u017eljiva konstrukcija: Napravljena da izdr\u017ei robusnu upotrebu, osiguravaju\u0107i dugovje\u010dnost i pouzdanost.<\/p>\n<p>Nadogradite svoj Dell Latitude 12 Rugged Extreme 7204 danas s originalnim adapterom USB SD kartice. Kupujte s povjerenjem, znaju\u0107i da ula\u017eete u kvalitetan zamjenski dio za svoj ure\u0111aj. Ako imate bilo kakvih pitanja ili trebate pomo\u0107, slobodno nas kontaktirajte. Ovdje smo da vam pomognemo pobolj\u0161ati funkcionalnost va\u0161eg ure\u0111aja.<\/p>\n","protected":false},"excerpt":{"rendered":"<p>Nadogradite povezivost svog Dell Latitude 12 Rugged Extreme 7204 s ovim originalnim adapterom za USB SD karticu. Jednostavan za instalaciju i kompatibilan s brojem dijela CN-0MD1P8. Pobolj\u0161ajte funkcionalnost svog ure\u0111aja danas!<\/p>\n","protected":false},"featured_media":24530,"template":"","meta":[],"product_brand":[],"product_cat":[62],"product_tag":[52],"class_list":{"0":"post-24482","1":"product","2":"type-product","3":"status-publish","4":"has-post-thumbnail","6":"product_cat-motherboards-board-parts","7":"product_tag-dell","9":"first","10":"instock","11":"taxable","12":"shipping-taxable","13":"purchasable","14":"product-type-simple"},"_links":{"self":[{"href":"https:\/\/boreait.com\/hr\/wp-json\/wp\/v2\/product\/24482","targetHints":{"allow":["GET"]}}],"collection":[{"href":"https:\/\/boreait.com\/hr\/wp-json\/wp\/v2\/product"}],"about":[{"href":"https:\/\/boreait.com\/hr\/wp-json\/wp\/v2\/types\/product"}],"wp:featuredmedia":[{"embeddable":true,"href":"https:\/\/boreait.com\/hr\/wp-json\/wp\/v2\/media\/24530"}],"wp:attachment":[{"href":"https:\/\/boreait.com\/hr\/wp-json\/wp\/v2\/media?parent=24482"}],"wp:term":[{"taxonomy":"product_brand","embeddable":true,"href":"https:\/\/boreait.com\/hr\/wp-json\/wp\/v2\/product_brand?post=24482"},{"taxonomy":"product_cat","embeddable":true,"href":"https:\/\/boreait.com\/hr\/wp-json\/wp\/v2\/product_cat?post=24482"},{"taxonomy":"product_tag","embeddable":true,"href":"https:\/\/boreait.com\/hr\/wp-json\/wp\/v2\/product_tag?post=24482"}],"curies":[{"name":"wp","href":"https:\/\/api.w.org\/{rel}","templated":true}]}}