{"id":24473,"date":"2025-07-25T12:25:39","date_gmt":"2025-07-25T12:25:39","guid":{"rendered":"https:\/\/boreait.com\/hr\/?post_type=product&#038;p=24473"},"modified":"2025-07-25T12:26:05","modified_gmt":"2025-07-25T12:26:05","slug":"kutni-okvir-zaslona-prednja-lijeva-guma-za-dell-latitude-12-rugged-extreme-7204-3","status":"publish","type":"product","link":"https:\/\/boreait.com\/hr\/product\/kutni-okvir-zaslona-prednja-lijeva-guma-za-dell-latitude-12-rugged-extreme-7204-3\/","title":{"rendered":"Kutni okvir zaslona prednja lijeva guma za Dell Latitude 12 Rugged Extreme 7204"},"content":{"rendered":"<p>Pobolj\u0161ajte izdr\u017eljivost i za\u0161titu svog Dell Latitude 12 Rugged Extreme 7204 s originalnom prednjom lijevom gumom kutnog okvira zaslona. Izra\u0111en za sigurno pristajanje i optimalnu za\u0161titu, ovaj autenti\u010dni zamjenski dio osigurava cjelovitost okvira zaslona va\u0161eg ure\u0111aja.<\/p>\n<p>Klju\u010dne zna\u010dajke:<\/p>\n<p>&#8211; Originalna Dell zamjena: Osigurajte kompatibilnost i pouzdanost s autenti\u010dnim zamjenskim dijelom.<\/p>\n<p>&#8211; Sigurno pristajanje: Dizajnirano da sigurno pristaje na mjesto, pru\u017eaju\u0107i pouzdanu za\u0161titu va\u0161em ure\u0111aju.<\/p>\n<p>&#8211; Pobolj\u0161ana izdr\u017eljivost: Za\u0161titite svoj Dell Latitude 12 Rugged Extreme 7204 od o\u0161te\u0107enja ovim izdr\u017eljivim gumenim kutnim okvirom.<\/p>\n<p>&#8211; Jednostavna instalacija: Nadogradite svoj ure\u0111aj bez napora jednostavnom instalacijom.<\/p>\n<p>Nadogradite svoj Dell Latitude 12 Rugged Extreme 7204 danas s originalnom prednjom lijevom gumom okvira kutnog zaslona. Kupujte s povjerenjem, znaju\u0107i da ula\u017eete u kvalitetan zamjenski dio za svoj ure\u0111aj. Ako imate bilo kakvih pitanja ili trebate pomo\u0107, slobodno nas kontaktirajte. Ovdje smo da vam pomognemo pobolj\u0161ati izdr\u017eljivost i za\u0161titu va\u0161eg ure\u0111aja.<\/p>\n","protected":false},"excerpt":{"rendered":"<p>Zamijenite prednji lijevi gumeni kutni okvir zaslona va\u0161eg Dell Latitude 12 Rugged Extreme 7204 ovim originalnim dijelom. Osigurajte sigurno prianjanje i za\u0161titu za svoj ure\u0111aj. Nadogradite sada!<\/p>\n","protected":false},"featured_media":24518,"template":"","meta":[],"product_brand":[],"product_cat":[51],"product_tag":[52],"class_list":{"0":"post-24473","1":"product","2":"type-product","3":"status-publish","4":"has-post-thumbnail","6":"product_cat-laptop-housing","7":"product_tag-dell","9":"first","10":"instock","11":"taxable","12":"shipping-taxable","13":"purchasable","14":"product-type-simple"},"_links":{"self":[{"href":"https:\/\/boreait.com\/hr\/wp-json\/wp\/v2\/product\/24473","targetHints":{"allow":["GET"]}}],"collection":[{"href":"https:\/\/boreait.com\/hr\/wp-json\/wp\/v2\/product"}],"about":[{"href":"https:\/\/boreait.com\/hr\/wp-json\/wp\/v2\/types\/product"}],"wp:featuredmedia":[{"embeddable":true,"href":"https:\/\/boreait.com\/hr\/wp-json\/wp\/v2\/media\/24518"}],"wp:attachment":[{"href":"https:\/\/boreait.com\/hr\/wp-json\/wp\/v2\/media?parent=24473"}],"wp:term":[{"taxonomy":"product_brand","embeddable":true,"href":"https:\/\/boreait.com\/hr\/wp-json\/wp\/v2\/product_brand?post=24473"},{"taxonomy":"product_cat","embeddable":true,"href":"https:\/\/boreait.com\/hr\/wp-json\/wp\/v2\/product_cat?post=24473"},{"taxonomy":"product_tag","embeddable":true,"href":"https:\/\/boreait.com\/hr\/wp-json\/wp\/v2\/product_tag?post=24473"}],"curies":[{"name":"wp","href":"https:\/\/api.w.org\/{rel}","templated":true}]}}