{"id":24429,"date":"2025-07-25T12:24:53","date_gmt":"2025-07-25T12:24:53","guid":{"rendered":"https:\/\/boreait.com\/hr\/?post_type=product&#038;p=24429"},"modified":"2025-07-25T12:25:44","modified_gmt":"2025-07-25T12:25:44","slug":"novi-oem-latitude-14-7404-xfr-crni-poklopac-oslonca-za-rukuotisak-prsta-ytthh-0ytthh","status":"publish","type":"product","link":"https:\/\/boreait.com\/hr\/product\/novi-oem-latitude-14-7404-xfr-crni-poklopac-oslonca-za-rukuotisak-prsta-ytthh-0ytthh\/","title":{"rendered":"Novi OEM Latitude 14 7404 XFR crni poklopac oslonca za ruku+otisak prsta YTTHH 0YTTHH"},"content":{"rendered":"<p>Pobolj\u0161ajte izgled i sigurnost svog prijenosnog ra\u010dunala Dell Latitude 14 7404 XFR s novim OEM poklopcem za oslonac za dlan. Dizajniran imaju\u0107i na umu i estetiku i funkcionalnost, ovaj originalni dio ima ugra\u0111eni \u010dita\u010d otiska prsta za pobolj\u0161anu sigurnost.<\/p>\n<p>Klju\u010dne zna\u010dajke:<\/p>\n<p>&#8211; OEM Dell zamjena: Osigurajte kompatibilnost i pouzdanost s dijelom proizvo\u0111a\u010da originalne opreme.<\/p>\n<p>&#8211; Ugra\u0111eni \u010dita\u010d otiska prsta: Pobolj\u0161ajte sigurnost i pojednostavite procese prijave pomo\u0107u integriranog \u010dita\u010da otiska prsta.<\/p>\n<p>&#8211; Elegantan dizajn: dodajte da\u0161ak sofisticiranosti svom prijenosnom ra\u010dunalu s crnim poklopcem oslonca za dlan.<\/p>\n<p>&#8211; Jednostavna instalacija: Nadogradite svoje prijenosno ra\u010dunalo bez napora jednostavnom instalacijom.<\/p>\n<p>&#8211; Kompatibilnost: kompatibilan s Dell Latitude 14 7404 XFR i brojem dijela YTTHH 0YTTHH.<\/p>\n<p>Nadogradite svoje prijenosno ra\u010dunalo Dell Latitude 14 7404 XFR danas s novim OEM poklopcem za oslonac za ruku. Kupujte s povjerenjem, znaju\u0107i da ula\u017eete u originalni dio za svoj ure\u0111aj. Ako imate bilo kakvih pitanja ili trebate pomo\u0107, slobodno nas kontaktirajte. Ovdje smo da vam pomognemo pobolj\u0161ati izgled i sigurnost va\u0161eg prijenosnog ra\u010dunala.<\/p>\n","protected":false},"excerpt":{"rendered":"<p>Pobolj\u0161ajte izgled i sigurnost svog Dell Latitude 14 7404 XFR s ovom novom OEM maskom za oslonac za ruku. Sadr\u017ei ugra\u0111eni \u010dita\u010d otiska prsta i kompatibilan je s brojem dijela YTTHH 0YTTHH. Nadogradite svoje prijenosno ra\u010dunalo danas!<\/p>\n","protected":false},"featured_media":24493,"template":"","meta":[],"product_brand":[],"product_cat":[51],"product_tag":[],"class_list":{"0":"post-24429","1":"product","2":"type-product","3":"status-publish","4":"has-post-thumbnail","6":"product_cat-laptop-housing","8":"first","9":"instock","10":"taxable","11":"shipping-taxable","12":"purchasable","13":"product-type-simple"},"_links":{"self":[{"href":"https:\/\/boreait.com\/hr\/wp-json\/wp\/v2\/product\/24429","targetHints":{"allow":["GET"]}}],"collection":[{"href":"https:\/\/boreait.com\/hr\/wp-json\/wp\/v2\/product"}],"about":[{"href":"https:\/\/boreait.com\/hr\/wp-json\/wp\/v2\/types\/product"}],"wp:featuredmedia":[{"embeddable":true,"href":"https:\/\/boreait.com\/hr\/wp-json\/wp\/v2\/media\/24493"}],"wp:attachment":[{"href":"https:\/\/boreait.com\/hr\/wp-json\/wp\/v2\/media?parent=24429"}],"wp:term":[{"taxonomy":"product_brand","embeddable":true,"href":"https:\/\/boreait.com\/hr\/wp-json\/wp\/v2\/product_brand?post=24429"},{"taxonomy":"product_cat","embeddable":true,"href":"https:\/\/boreait.com\/hr\/wp-json\/wp\/v2\/product_cat?post=24429"},{"taxonomy":"product_tag","embeddable":true,"href":"https:\/\/boreait.com\/hr\/wp-json\/wp\/v2\/product_tag?post=24429"}],"curies":[{"name":"wp","href":"https:\/\/api.w.org\/{rel}","templated":true}]}}