{"id":24427,"date":"2025-07-25T12:24:53","date_gmt":"2025-07-25T12:24:53","guid":{"rendered":"https:\/\/boreait.com\/hr\/?post_type=product&#038;p=24427"},"modified":"2025-07-25T12:25:38","modified_gmt":"2025-07-25T12:25:38","slug":"ploca-prikljucnog-prikljucka-za-dell-latitude-14-rugged-extreme-7404-0800-0g03b00-0800-0g04e00","status":"publish","type":"product","link":"https:\/\/boreait.com\/hr\/product\/ploca-prikljucnog-prikljucka-za-dell-latitude-14-rugged-extreme-7404-0800-0g03b00-0800-0g04e00\/","title":{"rendered":"Plo\u010da priklju\u010dnog priklju\u010dka za DELL Latitude 14 Rugged Extreme 7404 0800-0G03B00 0800-0G04E00"},"content":{"rendered":"<p>Pobolj\u0161ajte povezivost svog DELL Latitude 14 Rugged Extreme 7404 s originalnom plo\u010dom priklju\u010dnog priklju\u010dka, kompatibilnom s brojevima dijelova 0800-0G03B00 i 0800-0G04E00. Izra\u0111en za izdr\u017eljivost i pouzdanost, ovaj autenti\u010dni zamjenski dio osigurava besprijekorno povezivanje i jednostavnu instalaciju.<\/p>\n<p>Klju\u010dne zna\u010dajke:<\/p>\n<p>&#8211; Originalna DELL zamjena: Osigurajte kompatibilnost i pouzdanost s autenti\u010dnim zamjenskim dijelom.<\/p>\n<p>&#8211; Jednostavna instalacija: jednostavnom instalacijom nadogradite priklju\u010dnu stanicu svog ure\u0111aja.<\/p>\n<p>&#8211; Pobolj\u0161ana povezivost: pobolj\u0161ajte povezivost prijenosnog ra\u010dunala za pobolj\u0161anu funkcionalnost.<\/p>\n<p>&#8211; Izdr\u017eljiva konstrukcija: Napravljena da izdr\u017ei robusnu upotrebu, osiguravaju\u0107i dugovje\u010dnost i pouzdanost.<\/p>\n<p>Nadogradite svoj DELL Latitude 14 Rugged Extreme 7404 danas s originalnom plo\u010dom docking konektora. Kupujte s povjerenjem, znaju\u0107i da ula\u017eete u kvalitetan zamjenski dio za svoj ure\u0111aj. Ako imate bilo kakvih pitanja ili trebate pomo\u0107, slobodno nas kontaktirajte. Ovdje smo da vam pomognemo pobolj\u0161ati funkcionalnost va\u0161eg ure\u0111aja.<\/p>\n","protected":false},"excerpt":{"rendered":"<p>Nadogradite priklju\u010dni priklju\u010dak va\u0161eg DELL Latitude 14 Rugged Extreme 7404 s ovom originalnom tiskanom plo\u010dom. Jednostavan za instalaciju i kompatibilan s brojevima dijelova 0800-0G03B00 i 0800-0G04E00. Pobolj\u0161ajte povezivost svog ure\u0111aja danas!<\/p>\n","protected":false},"featured_media":24470,"template":"","meta":[],"product_brand":[],"product_cat":[62],"product_tag":[52],"class_list":{"0":"post-24427","1":"product","2":"type-product","3":"status-publish","4":"has-post-thumbnail","6":"product_cat-motherboards-board-parts","7":"product_tag-dell","9":"first","10":"instock","11":"taxable","12":"shipping-taxable","13":"purchasable","14":"product-type-simple"},"_links":{"self":[{"href":"https:\/\/boreait.com\/hr\/wp-json\/wp\/v2\/product\/24427","targetHints":{"allow":["GET"]}}],"collection":[{"href":"https:\/\/boreait.com\/hr\/wp-json\/wp\/v2\/product"}],"about":[{"href":"https:\/\/boreait.com\/hr\/wp-json\/wp\/v2\/types\/product"}],"wp:featuredmedia":[{"embeddable":true,"href":"https:\/\/boreait.com\/hr\/wp-json\/wp\/v2\/media\/24470"}],"wp:attachment":[{"href":"https:\/\/boreait.com\/hr\/wp-json\/wp\/v2\/media?parent=24427"}],"wp:term":[{"taxonomy":"product_brand","embeddable":true,"href":"https:\/\/boreait.com\/hr\/wp-json\/wp\/v2\/product_brand?post=24427"},{"taxonomy":"product_cat","embeddable":true,"href":"https:\/\/boreait.com\/hr\/wp-json\/wp\/v2\/product_cat?post=24427"},{"taxonomy":"product_tag","embeddable":true,"href":"https:\/\/boreait.com\/hr\/wp-json\/wp\/v2\/product_tag?post=24427"}],"curies":[{"name":"wp","href":"https:\/\/api.w.org\/{rel}","templated":true}]}}