{"id":24426,"date":"2025-07-25T12:24:53","date_gmt":"2025-07-25T12:24:53","guid":{"rendered":"https:\/\/boreait.com\/hr\/?post_type=product&#038;p=24426"},"modified":"2025-07-25T12:25:35","modified_gmt":"2025-07-25T12:25:35","slug":"oem-dell-precision-m3800-dual-band-wifi-bezicna-bluetooth-kartica-7260ngw-0kttyn","status":"publish","type":"product","link":"https:\/\/boreait.com\/hr\/product\/oem-dell-precision-m3800-dual-band-wifi-bezicna-bluetooth-kartica-7260ngw-0kttyn\/","title":{"rendered":"OEM Dell Precision M3800 Dual Band Wifi be\u017ei\u010dna Bluetooth kartica 7260NGW 0KTTYN"},"content":{"rendered":"<p>Pobolj\u0161ajte be\u017ei\u010dnu povezanost va\u0161eg prijenosnog ra\u010dunala Dell Precision M3800 s OEM Dual Band Wifi be\u017ei\u010dnom Bluetooth karticom, broj dijela 7260NGW 0KTTYN. Izra\u0111en za kompatibilnost i pouzdanost, ovaj autenti\u010dni zamjenski dio osigurava besprijekorno povezivanje i jednostavnu instalaciju.<\/p>\n<p>Klju\u010dne zna\u010dajke:<\/p>\n<p>&#8211; OEM Dell zamjena: Osigurajte kompatibilnost i pouzdanost s autenti\u010dnim OEM zamjenskim dijelom.<\/p>\n<p>&#8211; Jednostavna instalacija: Nadogradite be\u017ei\u010dne mogu\u0107nosti prijenosnog ra\u010dunala bez napora jednostavnom instalacijom.<\/p>\n<p>&#8211; Dvopojasni Wi-Fi: u\u017eivajte u br\u017eim i stabilnijim be\u017ei\u010dnim vezama uz podr\u0161ku za dvopojasni Wi-Fi.<\/p>\n<p>&#8211; Bluetooth povezivost: Ostanite povezani s ure\u0111ajima koji podr\u017eavaju Bluetooth za besprijekorno dijeljenje datoteka i periferne veze.<\/p>\n<p>Nadogradite svoje prijenosno ra\u010dunalo Dell Precision M3800 danas s OEM Dual Band Wifi Wireless Bluetooth karticom. Kupujte s povjerenjem, znaju\u0107i da ula\u017eete u kvalitetan zamjenski dio za svoj ure\u0111aj. Ako imate bilo kakvih pitanja ili trebate pomo\u0107, slobodno nas kontaktirajte. Ovdje smo da vam pomognemo pobolj\u0161ati povezivost va\u0161eg ure\u0111aja.<\/p>\n","protected":false},"excerpt":{"rendered":"<p>Nadogradite be\u017ei\u010dnu povezanost va\u0161eg Dell Precision M3800 s ovom OEM Dual Band Wifi be\u017ei\u010dnom Bluetooth karticom. Jednostavan za instalaciju i kompatibilan s brojem dijela 7260NGW 0KTTYN. Pobolj\u0161ajte be\u017ei\u010dne mogu\u0107nosti svog prijenosnog ra\u010dunala danas!<\/p>\n","protected":false},"featured_media":24468,"template":"","meta":[],"product_brand":[],"product_cat":[62],"product_tag":[52],"class_list":{"0":"post-24426","1":"product","2":"type-product","3":"status-publish","4":"has-post-thumbnail","6":"product_cat-motherboards-board-parts","7":"product_tag-dell","9":"first","10":"instock","11":"taxable","12":"shipping-taxable","13":"purchasable","14":"product-type-simple"},"_links":{"self":[{"href":"https:\/\/boreait.com\/hr\/wp-json\/wp\/v2\/product\/24426","targetHints":{"allow":["GET"]}}],"collection":[{"href":"https:\/\/boreait.com\/hr\/wp-json\/wp\/v2\/product"}],"about":[{"href":"https:\/\/boreait.com\/hr\/wp-json\/wp\/v2\/types\/product"}],"wp:featuredmedia":[{"embeddable":true,"href":"https:\/\/boreait.com\/hr\/wp-json\/wp\/v2\/media\/24468"}],"wp:attachment":[{"href":"https:\/\/boreait.com\/hr\/wp-json\/wp\/v2\/media?parent=24426"}],"wp:term":[{"taxonomy":"product_brand","embeddable":true,"href":"https:\/\/boreait.com\/hr\/wp-json\/wp\/v2\/product_brand?post=24426"},{"taxonomy":"product_cat","embeddable":true,"href":"https:\/\/boreait.com\/hr\/wp-json\/wp\/v2\/product_cat?post=24426"},{"taxonomy":"product_tag","embeddable":true,"href":"https:\/\/boreait.com\/hr\/wp-json\/wp\/v2\/product_tag?post=24426"}],"curies":[{"name":"wp","href":"https:\/\/api.w.org\/{rel}","templated":true}]}}